{"id":6471,"date":"2024-12-27T05:20:22","date_gmt":"2024-12-27T05:20:22","guid":{"rendered":"https:\/\/neelayurvedics.es\/?post_type=product&#038;p=6471"},"modified":"2025-04-09T06:28:25","modified_gmt":"2025-04-09T06:28:25","slug":"vaidyaratnam-nimbasavam-450-ml","status":"publish","type":"product","link":"https:\/\/neelayurvedics.es\/?product=vaidyaratnam-nimbasavam-450-ml","title":{"rendered":"Vaidyaratnam Nimbasavam \u2013 450 ML"},"content":{"rendered":"<h3>Composici\u00f3n de Vaidyaratnam Nimbasavam:<\/h3>\n<ul>\n<li>Nimba<\/li>\n<li>Guduchi<\/li>\n<li>Vaso<\/li>\n<li>Patola<\/li>\n<li>Kandakari<\/li>\n<li>Pata<\/li>\n<li>vidanga<\/li>\n<li>Devadaru<\/li>\n<li>Gajapippali<\/li>\n<li>Yavakshara<\/li>\n<li>Sarjakshara<\/li>\n<li>Soledad<\/li>\n<li>Haridra<\/li>\n<li>Satapushpa<\/li>\n<li>Chavia<\/li>\n<li>Kushta<\/li>\n<li>Jyotismathi<\/li>\n<li>Maricha<\/li>\n<li>Kutaja<\/li>\n<li>Yavani<\/li>\n<li>Chitraka<\/li>\n<li>Katuka<\/li>\n<li>Bhalataka<\/li>\n<li>Vacha<\/li>\n<li>Pippali<\/li>\n<li>Rasna<\/li>\n<li>Manjishta<\/li>\n<li>Athivisha<\/li>\n<li>Visha<\/li>\n<li>Ajamoda<\/li>\n<li>Guggulu<\/li>\n<li>guada<\/li>\n<\/ul>\n<h3>Beneficios de Vaidyaratnam Nimbasavam:<\/h3>\n<ol>\n<li>Enfermedades de la piel<\/li>\n<li>Seno pilonidal<\/li>\n<li>F\u00edstula<\/li>\n<li>Coto<\/li>\n<\/ol>\n<h3>Dosis de Vaidyaratnam Nimbasavam:<\/h3>\n<ol>\n<li>15 a 30 ml dos veces al d\u00eda, despu\u00e9s de las comidas o seg\u00fan lo prescriba un m\u00e9dico.<\/li>\n<\/ol>\n","protected":false},"excerpt":{"rendered":"<p>Composici\u00f3n de Vaidyaratnam Nimbasavam: Nimba Guduchi Vaso Patola Kandakari Pata vidanga Devadaru Gajapippali Yavakshara Sarjakshara Soledad Haridra Satapushpa Chavia Kushta Jyotismathi Maricha Kutaja Yavani Chitraka Katuka Bhalataka Vacha Pippali Rasna Manjishta Athivisha Visha Ajamoda Guggulu guada Beneficios de Vaidyaratnam Nimbasavam: Enfermedades de la piel Seno pilonidal F\u00edstula Coto Dosis de Vaidyaratnam Nimbasavam: 15 a 30 [&hellip;]<\/p>\n","protected":false},"featured_media":6473,"comment_status":"open","ping_status":"closed","template":"","meta":[],"product_brand":[],"product_cat":[200,195,247],"product_tag":[],"class_list":{"0":"post-6471","1":"product","2":"type-product","3":"status-publish","4":"has-post-thumbnail","6":"product_cat-marca","7":"product_cat-productos-ayurvedicos","8":"product_cat-vaidyaratnam","10":"first","11":"instock","12":"shipping-taxable","13":"purchasable","14":"product-type-simple"},"_links":{"self":[{"href":"https:\/\/neelayurvedics.es\/index.php?rest_route=\/wp\/v2\/product\/6471","targetHints":{"allow":["GET"]}}],"collection":[{"href":"https:\/\/neelayurvedics.es\/index.php?rest_route=\/wp\/v2\/product"}],"about":[{"href":"https:\/\/neelayurvedics.es\/index.php?rest_route=\/wp\/v2\/types\/product"}],"replies":[{"embeddable":true,"href":"https:\/\/neelayurvedics.es\/index.php?rest_route=%2Fwp%2Fv2%2Fcomments&post=6471"}],"wp:featuredmedia":[{"embeddable":true,"href":"https:\/\/neelayurvedics.es\/index.php?rest_route=\/wp\/v2\/media\/6473"}],"wp:attachment":[{"href":"https:\/\/neelayurvedics.es\/index.php?rest_route=%2Fwp%2Fv2%2Fmedia&parent=6471"}],"wp:term":[{"taxonomy":"product_brand","embeddable":true,"href":"https:\/\/neelayurvedics.es\/index.php?rest_route=%2Fwp%2Fv2%2Fproduct_brand&post=6471"},{"taxonomy":"product_cat","embeddable":true,"href":"https:\/\/neelayurvedics.es\/index.php?rest_route=%2Fwp%2Fv2%2Fproduct_cat&post=6471"},{"taxonomy":"product_tag","embeddable":true,"href":"https:\/\/neelayurvedics.es\/index.php?rest_route=%2Fwp%2Fv2%2Fproduct_tag&post=6471"}],"curies":[{"name":"wp","href":"https:\/\/api.w.org\/{rel}","templated":true}]}}