{"id":6543,"date":"2024-12-30T05:42:29","date_gmt":"2024-12-30T05:42:29","guid":{"rendered":"https:\/\/neelayurvedics.es\/?post_type=product&#038;p=6543"},"modified":"2025-04-08T07:40:56","modified_gmt":"2025-04-08T07:40:56","slug":"vaidyaratnam-patolarasam-450-ml","status":"publish","type":"product","link":"https:\/\/neelayurvedics.es\/?product=vaidyaratnam-patolarasam-450-ml","title":{"rendered":"Vaidyaratnam Patolarasam &#8211; 450 ML"},"content":{"rendered":"<h3>Composici\u00f3n de Vaidyaratnam Patolarasam:<\/h3>\n<ul>\n<li>Patola<\/li>\n<li>Katuka<\/li>\n<li>Chandana<\/li>\n<li>Murva<\/li>\n<li>Guduchi<\/li>\n<li>Pata<\/li>\n<li>guada<\/li>\n<li>Madhu<\/li>\n<\/ul>\n<h3>Beneficios de Vaidyaratnam Patolarasam:<\/h3>\n<ol>\n<li>Afecciones cut\u00e1neas e ictericia en la infancia.<\/li>\n<\/ol>\n<h3>Dosis de Vaidyaratnam Patolarasam:<\/h3>\n<ol>\n<li>Los adultos deben tomar entre 15 y 30 ml dos veces al d\u00eda; los ni\u00f1os deben tomar entre 5 y 10 ml dos veces al d\u00eda despu\u00e9s de las comidas o seg\u00fan lo prescriba un m\u00e9dico.<\/li>\n<\/ol>\n","protected":false},"excerpt":{"rendered":"<p>Composici\u00f3n de Vaidyaratnam Patolarasam: Patola Katuka Chandana Murva Guduchi Pata guada Madhu Beneficios de Vaidyaratnam Patolarasam: Afecciones cut\u00e1neas e ictericia en la infancia. Dosis de Vaidyaratnam Patolarasam: Los adultos deben tomar entre 15 y 30 ml dos veces al d\u00eda; los ni\u00f1os deben tomar entre 5 y 10 ml dos veces al d\u00eda despu\u00e9s de [&hellip;]<\/p>\n","protected":false},"featured_media":6545,"comment_status":"open","ping_status":"closed","template":"","meta":[],"product_brand":[],"product_cat":[200,195,247],"product_tag":[],"class_list":{"0":"post-6543","1":"product","2":"type-product","3":"status-publish","4":"has-post-thumbnail","6":"product_cat-marca","7":"product_cat-productos-ayurvedicos","8":"product_cat-vaidyaratnam","10":"first","11":"instock","12":"shipping-taxable","13":"purchasable","14":"product-type-simple"},"_links":{"self":[{"href":"https:\/\/neelayurvedics.es\/index.php?rest_route=\/wp\/v2\/product\/6543","targetHints":{"allow":["GET"]}}],"collection":[{"href":"https:\/\/neelayurvedics.es\/index.php?rest_route=\/wp\/v2\/product"}],"about":[{"href":"https:\/\/neelayurvedics.es\/index.php?rest_route=\/wp\/v2\/types\/product"}],"replies":[{"embeddable":true,"href":"https:\/\/neelayurvedics.es\/index.php?rest_route=%2Fwp%2Fv2%2Fcomments&post=6543"}],"wp:featuredmedia":[{"embeddable":true,"href":"https:\/\/neelayurvedics.es\/index.php?rest_route=\/wp\/v2\/media\/6545"}],"wp:attachment":[{"href":"https:\/\/neelayurvedics.es\/index.php?rest_route=%2Fwp%2Fv2%2Fmedia&parent=6543"}],"wp:term":[{"taxonomy":"product_brand","embeddable":true,"href":"https:\/\/neelayurvedics.es\/index.php?rest_route=%2Fwp%2Fv2%2Fproduct_brand&post=6543"},{"taxonomy":"product_cat","embeddable":true,"href":"https:\/\/neelayurvedics.es\/index.php?rest_route=%2Fwp%2Fv2%2Fproduct_cat&post=6543"},{"taxonomy":"product_tag","embeddable":true,"href":"https:\/\/neelayurvedics.es\/index.php?rest_route=%2Fwp%2Fv2%2Fproduct_tag&post=6543"}],"curies":[{"name":"wp","href":"https:\/\/api.w.org\/{rel}","templated":true}]}}