{"id":6554,"date":"2024-12-30T06:04:39","date_gmt":"2024-12-30T06:04:39","guid":{"rendered":"https:\/\/neelayurvedics.es\/?post_type=product&#038;p=6554"},"modified":"2025-04-08T07:31:05","modified_gmt":"2025-04-08T07:31:05","slug":"vaidyaratnam-pippallyasavam-450-ml","status":"publish","type":"product","link":"https:\/\/neelayurvedics.es\/?product=vaidyaratnam-pippallyasavam-450-ml","title":{"rendered":"Vaidyaratnam Pippallyasavam &#8211; 450 ML"},"content":{"rendered":"<h3>Composici\u00f3n de Vaidyaratnam Pippallyasavam:<\/h3>\n<ul>\n<li>Pippali<\/li>\n<li>Maricha<\/li>\n<li>Chavia<\/li>\n<li>Haridra<\/li>\n<li>Chitraka<\/li>\n<li>Musta<\/li>\n<li>Vidanga<\/li>\n<li>Puga<\/li>\n<li>Lodhra<\/li>\n<li>Pata<\/li>\n<li>Amalaki<\/li>\n<li>Elavaluka<\/li>\n<li>Chandana<\/li>\n<li>Usheera<\/li>\n<li>Kushta<\/li>\n<li>Lavangam<\/li>\n<li>Takara<\/li>\n<li>Jatamamsi<\/li>\n<li>Chaturjata<\/li>\n<li>Priyanku<\/li>\n<li>Draksha<\/li>\n<li>Nagakesara<\/li>\n<li>Dhataki<\/li>\n<li>guada<\/li>\n<\/ul>\n<h3>Beneficios de Vaidyaratnam Pippallyasavam:<\/h3>\n<ol>\n<li>Anemia, Anorexia, Hemorroides, Trastornos del bazo, Spure proporciona resistencia y fuerza.<\/li>\n<\/ol>\n<h3>Dosis de Vaidyaratnam Pippallyasavam:<\/h3>\n<ol>\n<li>15 a 30 ml dos veces al d\u00eda, despu\u00e9s de las comidas o seg\u00fan lo prescriba un m\u00e9dico.<\/li>\n<\/ol>\n","protected":false},"excerpt":{"rendered":"<p>Composici\u00f3n de Vaidyaratnam Pippallyasavam: Pippali Maricha Chavia Haridra Chitraka Musta Vidanga Puga Lodhra Pata Amalaki Elavaluka Chandana Usheera Kushta Lavangam Takara Jatamamsi Chaturjata Priyanku Draksha Nagakesara Dhataki guada Beneficios de Vaidyaratnam Pippallyasavam: Anemia, Anorexia, Hemorroides, Trastornos del bazo, Spure proporciona resistencia y fuerza. Dosis de Vaidyaratnam Pippallyasavam: 15 a 30 ml dos veces al d\u00eda, [&hellip;]<\/p>\n","protected":false},"featured_media":6556,"comment_status":"open","ping_status":"closed","template":"","meta":[],"product_brand":[],"product_cat":[200,195,247],"product_tag":[],"class_list":{"0":"post-6554","1":"product","2":"type-product","3":"status-publish","4":"has-post-thumbnail","6":"product_cat-marca","7":"product_cat-productos-ayurvedicos","8":"product_cat-vaidyaratnam","10":"first","11":"instock","12":"shipping-taxable","13":"purchasable","14":"product-type-simple"},"_links":{"self":[{"href":"https:\/\/neelayurvedics.es\/index.php?rest_route=\/wp\/v2\/product\/6554","targetHints":{"allow":["GET"]}}],"collection":[{"href":"https:\/\/neelayurvedics.es\/index.php?rest_route=\/wp\/v2\/product"}],"about":[{"href":"https:\/\/neelayurvedics.es\/index.php?rest_route=\/wp\/v2\/types\/product"}],"replies":[{"embeddable":true,"href":"https:\/\/neelayurvedics.es\/index.php?rest_route=%2Fwp%2Fv2%2Fcomments&post=6554"}],"wp:featuredmedia":[{"embeddable":true,"href":"https:\/\/neelayurvedics.es\/index.php?rest_route=\/wp\/v2\/media\/6556"}],"wp:attachment":[{"href":"https:\/\/neelayurvedics.es\/index.php?rest_route=%2Fwp%2Fv2%2Fmedia&parent=6554"}],"wp:term":[{"taxonomy":"product_brand","embeddable":true,"href":"https:\/\/neelayurvedics.es\/index.php?rest_route=%2Fwp%2Fv2%2Fproduct_brand&post=6554"},{"taxonomy":"product_cat","embeddable":true,"href":"https:\/\/neelayurvedics.es\/index.php?rest_route=%2Fwp%2Fv2%2Fproduct_cat&post=6554"},{"taxonomy":"product_tag","embeddable":true,"href":"https:\/\/neelayurvedics.es\/index.php?rest_route=%2Fwp%2Fv2%2Fproduct_tag&post=6554"}],"curies":[{"name":"wp","href":"https:\/\/api.w.org\/{rel}","templated":true}]}}