{"id":6563,"date":"2024-12-30T06:22:47","date_gmt":"2024-12-30T06:22:47","guid":{"rendered":"https:\/\/neelayurvedics.es\/?post_type=product&#038;p=6563"},"modified":"2024-12-30T06:22:47","modified_gmt":"2024-12-30T06:22:47","slug":"vaidyaratnam-pootheekasavam-450-ml","status":"publish","type":"product","link":"https:\/\/neelayurvedics.es\/?product=vaidyaratnam-pootheekasavam-450-ml","title":{"rendered":"Vaidyaratnam Pootheekasavam \u2013 450 ML"},"content":{"rendered":"<h3><span>Composici\u00f3n de Vaidyaratnam Pootheekasavam:<\/span><\/h3>\n<ul>\n<li><span>Chiruvilwa<\/span><\/li>\n<li><span>Soledad<\/span><\/li>\n<li><span>Maricha<\/span><\/li>\n<li><span>Pippali<\/span><\/li>\n<li><span>guada<\/span><\/li>\n<\/ul>\n<h3><span>Beneficios de Vaidyaratnam Pootheekasavam:<\/span><\/h3>\n<ol>\n<li><span>Anorexia<\/span><\/li>\n<li><span>Eructar<\/span><\/li>\n<li><span>Hinchaz\u00f3n<\/span><\/li>\n<\/ol>\n<h3><span>Dosis de Vaidyaratnam Pootheekasavam:<\/span><\/h3>\n<ol>\n<li><span>15 a 30 ml dos veces al d\u00eda, despu\u00e9s de las comidas o seg\u00fan lo prescriba un m\u00e9dico.<\/span><\/li>\n<\/ol>\n","protected":false},"excerpt":{"rendered":"<p>Composici\u00f3n de Vaidyaratnam Pootheekasavam: Chiruvilwa Soledad Maricha Pippali guada Beneficios de Vaidyaratnam Pootheekasavam: Anorexia Eructar Hinchaz\u00f3n Dosis de Vaidyaratnam Pootheekasavam: 15 a 30 ml dos veces al d\u00eda, despu\u00e9s de las comidas o seg\u00fan lo prescriba un m\u00e9dico.<\/p>\n","protected":false},"featured_media":6565,"comment_status":"open","ping_status":"closed","template":"","meta":[],"product_brand":[],"product_cat":[200,195,247],"product_tag":[],"class_list":{"0":"post-6563","1":"product","2":"type-product","3":"status-publish","4":"has-post-thumbnail","6":"product_cat-marca","7":"product_cat-productos-ayurvedicos","8":"product_cat-vaidyaratnam","10":"first","11":"instock","12":"shipping-taxable","13":"purchasable","14":"product-type-simple"},"_links":{"self":[{"href":"https:\/\/neelayurvedics.es\/index.php?rest_route=\/wp\/v2\/product\/6563","targetHints":{"allow":["GET"]}}],"collection":[{"href":"https:\/\/neelayurvedics.es\/index.php?rest_route=\/wp\/v2\/product"}],"about":[{"href":"https:\/\/neelayurvedics.es\/index.php?rest_route=\/wp\/v2\/types\/product"}],"replies":[{"embeddable":true,"href":"https:\/\/neelayurvedics.es\/index.php?rest_route=%2Fwp%2Fv2%2Fcomments&post=6563"}],"wp:featuredmedia":[{"embeddable":true,"href":"https:\/\/neelayurvedics.es\/index.php?rest_route=\/wp\/v2\/media\/6565"}],"wp:attachment":[{"href":"https:\/\/neelayurvedics.es\/index.php?rest_route=%2Fwp%2Fv2%2Fmedia&parent=6563"}],"wp:term":[{"taxonomy":"product_brand","embeddable":true,"href":"https:\/\/neelayurvedics.es\/index.php?rest_route=%2Fwp%2Fv2%2Fproduct_brand&post=6563"},{"taxonomy":"product_cat","embeddable":true,"href":"https:\/\/neelayurvedics.es\/index.php?rest_route=%2Fwp%2Fv2%2Fproduct_cat&post=6563"},{"taxonomy":"product_tag","embeddable":true,"href":"https:\/\/neelayurvedics.es\/index.php?rest_route=%2Fwp%2Fv2%2Fproduct_tag&post=6563"}],"curies":[{"name":"wp","href":"https:\/\/api.w.org\/{rel}","templated":true}]}}