{"id":6599,"date":"2024-12-30T10:12:12","date_gmt":"2024-12-30T10:12:12","guid":{"rendered":"https:\/\/neelayurvedics.es\/?post_type=product&#038;p=6599"},"modified":"2025-04-03T12:17:56","modified_gmt":"2025-04-03T12:17:56","slug":"vaidyaratnam-rasanadi-kashayam-tableta-100-tabletas","status":"publish","type":"product","link":"https:\/\/neelayurvedics.es\/?product=vaidyaratnam-rasanadi-kashayam-tableta-100-tabletas","title":{"rendered":"Vaidyaratnam Rasanadi Kashayam Tableta \u2013 100 Tabletas"},"content":{"rendered":"<h3>Composici\u00f3n de la tableta Vaidyaratnam Rasanadi Kashayam:<\/h3>\n<ul>\n<li>Rasna<\/li>\n<li>Tamalaki<\/li>\n<li>Vrisha<\/li>\n<li>Agar\u00fa<\/li>\n<li>Shati<\/li>\n<li>Chitra<\/li>\n<\/ul>\n<h3>Beneficios de la tableta Vaidyaratnam Rasanadi Kashayam:<\/h3>\n<ol>\n<li>La tableta Vaidyaratnam Rasanadi Kashayam se utiliza ampliamente en el tratamiento de la artritis reumatoide y la osteoartritis.<\/li>\n<li>Enriquecido con ingredientes naturales con propiedades antiinflamatorias y analg\u00e9sicas.<\/li>\n<\/ol>\n<h3>Dosis de la tableta Vaidyaratnam Rasanadi Kashayam:<\/h3>\n<ul>\n<li>La dosis es de 12 \u2013 24 ml, antes de la comida, aproximadamente entre las 6 \u2013 7 am y entre las 6 \u2013 7 pm.<\/li>\n<li>Seg\u00fan lo indicado por el m\u00e9dico ayurv\u00e9dico<\/li>\n<\/ul>\n","protected":false},"excerpt":{"rendered":"<ul>\n<li>Vaidyaratnam Rasnadi Kashayam est\u00e1 formulado para brindar alivio en el caso de artritis reumatoide y osteoartritis.<\/li>\n<\/ul>\n","protected":false},"featured_media":6601,"comment_status":"open","ping_status":"closed","template":"","meta":[],"product_brand":[],"product_cat":[200,195,247],"product_tag":[],"class_list":{"0":"post-6599","1":"product","2":"type-product","3":"status-publish","4":"has-post-thumbnail","6":"product_cat-marca","7":"product_cat-productos-ayurvedicos","8":"product_cat-vaidyaratnam","10":"first","11":"instock","12":"shipping-taxable","13":"purchasable","14":"product-type-simple"},"_links":{"self":[{"href":"https:\/\/neelayurvedics.es\/index.php?rest_route=\/wp\/v2\/product\/6599","targetHints":{"allow":["GET"]}}],"collection":[{"href":"https:\/\/neelayurvedics.es\/index.php?rest_route=\/wp\/v2\/product"}],"about":[{"href":"https:\/\/neelayurvedics.es\/index.php?rest_route=\/wp\/v2\/types\/product"}],"replies":[{"embeddable":true,"href":"https:\/\/neelayurvedics.es\/index.php?rest_route=%2Fwp%2Fv2%2Fcomments&post=6599"}],"wp:featuredmedia":[{"embeddable":true,"href":"https:\/\/neelayurvedics.es\/index.php?rest_route=\/wp\/v2\/media\/6601"}],"wp:attachment":[{"href":"https:\/\/neelayurvedics.es\/index.php?rest_route=%2Fwp%2Fv2%2Fmedia&parent=6599"}],"wp:term":[{"taxonomy":"product_brand","embeddable":true,"href":"https:\/\/neelayurvedics.es\/index.php?rest_route=%2Fwp%2Fv2%2Fproduct_brand&post=6599"},{"taxonomy":"product_cat","embeddable":true,"href":"https:\/\/neelayurvedics.es\/index.php?rest_route=%2Fwp%2Fv2%2Fproduct_cat&post=6599"},{"taxonomy":"product_tag","embeddable":true,"href":"https:\/\/neelayurvedics.es\/index.php?rest_route=%2Fwp%2Fv2%2Fproduct_tag&post=6599"}],"curies":[{"name":"wp","href":"https:\/\/api.w.org\/{rel}","templated":true}]}}