{"id":6612,"date":"2024-12-31T06:13:12","date_gmt":"2024-12-31T06:13:12","guid":{"rendered":"https:\/\/neelayurvedics.es\/?post_type=product&#038;p=6612"},"modified":"2025-04-03T12:10:32","modified_gmt":"2025-04-03T12:10:32","slug":"vaidyaratnam-rasnasapthakam-kashayam-200-ml","status":"publish","type":"product","link":"https:\/\/neelayurvedics.es\/?product=vaidyaratnam-rasnasapthakam-kashayam-200-ml","title":{"rendered":"Vaidyaratnam Rasnasapthakam Kashayam \u2013 200 ML"},"content":{"rendered":"<h3>Composici\u00f3n de Vaidyaratnam Rasnasapthakam Kashayam:<\/h3>\n<ul>\n<li>Rasna<\/li>\n<li>Guduchi<\/li>\n<li>Aragvadha<\/li>\n<li>Devadaru<\/li>\n<li>Gokharu<\/li>\n<li>Eranda<\/li>\n<li>Punarnava<\/li>\n<\/ul>\n<h3>Beneficios de Vaidyaratnam Rasnasapthakam Kashayam:<\/h3>\n<ol>\n<li>La tableta Vaidyaratnam Rasnasapthakam Kashaya ayuda a reducir la hinchaz\u00f3n y la inflamaci\u00f3n.<\/li>\n<li>Trata el dolor de espalda causado por lesiones y espondilosis lumbar.<\/li>\n<\/ol>\n<h3>Dosis de Vaidyaratnam Rasnasapthakam Kashayam:<\/h3>\n<ul>\n<li>Agitar bien antes de usar.<\/li>\n<li>Dosis seg\u00fan prescripci\u00f3n m\u00e9dica.<\/li>\n<\/ul>\n","protected":false},"excerpt":{"rendered":"<ul>\n<li>Vaidyaratnam Rasnasapthakam Kashaya es un remedio ayurv\u00e9dico para el dolor causado por la espondilosis lumbar.<\/li>\n<li>Reduce eficazmente la hinchaz\u00f3n y la inflamaci\u00f3n y contiene ingredientes que promueven una curaci\u00f3n m\u00e1s r\u00e1pida de las lesiones.<\/li>\n<li>Puede ayudar a aliviar dolores reum\u00e1ticos y artr\u00edticos, as\u00ed como dolores en los muslos, articulaciones, hombros y espalda<\/li>\n<\/ul>\n","protected":false},"featured_media":6614,"comment_status":"open","ping_status":"closed","template":"","meta":[],"product_brand":[],"product_cat":[200,195,247],"product_tag":[],"class_list":{"0":"post-6612","1":"product","2":"type-product","3":"status-publish","4":"has-post-thumbnail","6":"product_cat-marca","7":"product_cat-productos-ayurvedicos","8":"product_cat-vaidyaratnam","10":"first","11":"instock","12":"shipping-taxable","13":"purchasable","14":"product-type-simple"},"_links":{"self":[{"href":"https:\/\/neelayurvedics.es\/index.php?rest_route=\/wp\/v2\/product\/6612","targetHints":{"allow":["GET"]}}],"collection":[{"href":"https:\/\/neelayurvedics.es\/index.php?rest_route=\/wp\/v2\/product"}],"about":[{"href":"https:\/\/neelayurvedics.es\/index.php?rest_route=\/wp\/v2\/types\/product"}],"replies":[{"embeddable":true,"href":"https:\/\/neelayurvedics.es\/index.php?rest_route=%2Fwp%2Fv2%2Fcomments&post=6612"}],"wp:featuredmedia":[{"embeddable":true,"href":"https:\/\/neelayurvedics.es\/index.php?rest_route=\/wp\/v2\/media\/6614"}],"wp:attachment":[{"href":"https:\/\/neelayurvedics.es\/index.php?rest_route=%2Fwp%2Fv2%2Fmedia&parent=6612"}],"wp:term":[{"taxonomy":"product_brand","embeddable":true,"href":"https:\/\/neelayurvedics.es\/index.php?rest_route=%2Fwp%2Fv2%2Fproduct_brand&post=6612"},{"taxonomy":"product_cat","embeddable":true,"href":"https:\/\/neelayurvedics.es\/index.php?rest_route=%2Fwp%2Fv2%2Fproduct_cat&post=6612"},{"taxonomy":"product_tag","embeddable":true,"href":"https:\/\/neelayurvedics.es\/index.php?rest_route=%2Fwp%2Fv2%2Fproduct_tag&post=6612"}],"curies":[{"name":"wp","href":"https:\/\/api.w.org\/{rel}","templated":true}]}}