{"id":6616,"date":"2024-12-31T06:17:16","date_gmt":"2024-12-31T06:17:16","guid":{"rendered":"https:\/\/neelayurvedics.es\/?post_type=product&#038;p=6616"},"modified":"2025-04-03T12:09:58","modified_gmt":"2025-04-03T12:09:58","slug":"vaidyaratnam-recopain-bam-20gm","status":"publish","type":"product","link":"https:\/\/neelayurvedics.es\/?product=vaidyaratnam-recopain-bam-20gm","title":{"rendered":"Vaidyaratnam Recopain Bam \u2013 20 Gm"},"content":{"rendered":"<h3>Composici\u00f3n de Vaidyaratnam Recopain Bam:<\/h3>\n<ul>\n<li>Hierbas naturales<\/li>\n<\/ul>\n<h3>Beneficios de Vaidyaratnam Recopain Bam:<\/h3>\n<ol>\n<li>Vaidyaratnam Recopain Bam alivia la irritaci\u00f3n y la hinchaz\u00f3n alrededor del \u00e1rea afectada.<\/li>\n<li>Los ingredientes ofrecen un efecto refrescante y reducen el dolor muscular.<\/li>\n<li>Reduce las molestias en los tejidos y el dolor articular.<\/li>\n<li>Tiene una f\u00f3rmula de r\u00e1pida absorci\u00f3n, lo que le permite actuar r\u00e1pidamente y aliviar el dolor.<\/li>\n<\/ol>\n<h3>Usos de Vaidyaratnam Recopain Bam:<\/h3>\n<ul>\n<li>Aplicar sobre la zona afectada y masajear suavemente para facilitar la penetraci\u00f3n.<\/li>\n<\/ul>\n","protected":false},"excerpt":{"rendered":"<ul>\n<li>El b\u00e1lsamo Vaidyaratnam Recopain alivia el dolor y promueve la relajaci\u00f3n muscular.<\/li>\n<li>Los ingredientes penetran profundamente en la piel, generando calor y acelerando la recuperaci\u00f3n.<\/li>\n<\/ul>\n","protected":false},"featured_media":6617,"comment_status":"open","ping_status":"closed","template":"","meta":[],"product_brand":[],"product_cat":[200,195,247],"product_tag":[],"class_list":{"0":"post-6616","1":"product","2":"type-product","3":"status-publish","4":"has-post-thumbnail","6":"product_cat-marca","7":"product_cat-productos-ayurvedicos","8":"product_cat-vaidyaratnam","10":"first","11":"instock","12":"shipping-taxable","13":"purchasable","14":"product-type-simple"},"_links":{"self":[{"href":"https:\/\/neelayurvedics.es\/index.php?rest_route=\/wp\/v2\/product\/6616","targetHints":{"allow":["GET"]}}],"collection":[{"href":"https:\/\/neelayurvedics.es\/index.php?rest_route=\/wp\/v2\/product"}],"about":[{"href":"https:\/\/neelayurvedics.es\/index.php?rest_route=\/wp\/v2\/types\/product"}],"replies":[{"embeddable":true,"href":"https:\/\/neelayurvedics.es\/index.php?rest_route=%2Fwp%2Fv2%2Fcomments&post=6616"}],"wp:featuredmedia":[{"embeddable":true,"href":"https:\/\/neelayurvedics.es\/index.php?rest_route=\/wp\/v2\/media\/6617"}],"wp:attachment":[{"href":"https:\/\/neelayurvedics.es\/index.php?rest_route=%2Fwp%2Fv2%2Fmedia&parent=6616"}],"wp:term":[{"taxonomy":"product_brand","embeddable":true,"href":"https:\/\/neelayurvedics.es\/index.php?rest_route=%2Fwp%2Fv2%2Fproduct_brand&post=6616"},{"taxonomy":"product_cat","embeddable":true,"href":"https:\/\/neelayurvedics.es\/index.php?rest_route=%2Fwp%2Fv2%2Fproduct_cat&post=6616"},{"taxonomy":"product_tag","embeddable":true,"href":"https:\/\/neelayurvedics.es\/index.php?rest_route=%2Fwp%2Fv2%2Fproduct_tag&post=6616"}],"curies":[{"name":"wp","href":"https:\/\/api.w.org\/{rel}","templated":true}]}}