{"id":6619,"date":"2024-12-31T06:20:37","date_gmt":"2024-12-31T06:20:37","guid":{"rendered":"https:\/\/neelayurvedics.es\/?post_type=product&#038;p=6619"},"modified":"2025-04-03T12:11:03","modified_gmt":"2025-04-03T12:11:03","slug":"vaidyaratnam-rheumacalm-tableta-100-tabletas","status":"publish","type":"product","link":"https:\/\/neelayurvedics.es\/?product=vaidyaratnam-rheumacalm-tableta-100-tabletas","title":{"rendered":"Vaidyaratnam Rheumacalm Tableta \u2013 100 Tabletas"},"content":{"rendered":"<h3>Composici\u00f3n de la tableta Vaidyaratnam Rheumacalm:<\/h3>\n<ul>\n<li>Plantas ayurv\u00e9dicas<\/li>\n<\/ul>\n<h3>Beneficios de la tableta Vaidyaratnam Rheumacalm:<\/h3>\n<ol>\n<li>La tableta Vaidyaratnam Rheumacalm ayuda a reducir la intensidad del dolor.<\/li>\n<li>Ayuda a reducir los espasmos musculares.<\/li>\n<li>Tambi\u00e9n ayuda con el dolor de gota.<\/li>\n<li>Mejora la movilidad articular.<\/li>\n<\/ol>\n<h3>Dosis de la tableta Vaidyaratnam Rheumacalm:<\/h3>\n<ul>\n<li>Tome 2 tabletas de Vaidyaratnam Rheumacalm dos veces al d\u00eda<\/li>\n<li>Seg\u00fan lo indique el m\u00e9dico.<\/li>\n<\/ul>\n","protected":false},"excerpt":{"rendered":"<ul>\n<li>La tableta Vaidyaratnam Rheumacalm es una medicina herbal eficaz que se utiliza para aliviar el dolor ayurv\u00e9dico.<\/li>\n<li>Es \u00fatil para afecciones artr\u00edticas agudas, artritis reumatoide, dolores musculoesquel\u00e9ticos, ci\u00e1tica, lumbago, gota, esguinces, bursitis y neuralgia.<\/li>\n<\/ul>\n","protected":false},"featured_media":6620,"comment_status":"open","ping_status":"closed","template":"","meta":[],"product_brand":[],"product_cat":[200,195,247],"product_tag":[],"class_list":{"0":"post-6619","1":"product","2":"type-product","3":"status-publish","4":"has-post-thumbnail","6":"product_cat-marca","7":"product_cat-productos-ayurvedicos","8":"product_cat-vaidyaratnam","10":"first","11":"instock","12":"shipping-taxable","13":"purchasable","14":"product-type-simple"},"_links":{"self":[{"href":"https:\/\/neelayurvedics.es\/index.php?rest_route=\/wp\/v2\/product\/6619","targetHints":{"allow":["GET"]}}],"collection":[{"href":"https:\/\/neelayurvedics.es\/index.php?rest_route=\/wp\/v2\/product"}],"about":[{"href":"https:\/\/neelayurvedics.es\/index.php?rest_route=\/wp\/v2\/types\/product"}],"replies":[{"embeddable":true,"href":"https:\/\/neelayurvedics.es\/index.php?rest_route=%2Fwp%2Fv2%2Fcomments&post=6619"}],"wp:featuredmedia":[{"embeddable":true,"href":"https:\/\/neelayurvedics.es\/index.php?rest_route=\/wp\/v2\/media\/6620"}],"wp:attachment":[{"href":"https:\/\/neelayurvedics.es\/index.php?rest_route=%2Fwp%2Fv2%2Fmedia&parent=6619"}],"wp:term":[{"taxonomy":"product_brand","embeddable":true,"href":"https:\/\/neelayurvedics.es\/index.php?rest_route=%2Fwp%2Fv2%2Fproduct_brand&post=6619"},{"taxonomy":"product_cat","embeddable":true,"href":"https:\/\/neelayurvedics.es\/index.php?rest_route=%2Fwp%2Fv2%2Fproduct_cat&post=6619"},{"taxonomy":"product_tag","embeddable":true,"href":"https:\/\/neelayurvedics.es\/index.php?rest_route=%2Fwp%2Fv2%2Fproduct_tag&post=6619"}],"curies":[{"name":"wp","href":"https:\/\/api.w.org\/{rel}","templated":true}]}}