{"id":6644,"date":"2024-12-31T06:50:44","date_gmt":"2024-12-31T06:50:44","guid":{"rendered":"https:\/\/neelayurvedics.es\/?post_type=product&#038;p=6644"},"modified":"2025-04-03T07:26:35","modified_gmt":"2025-04-03T07:26:35","slug":"vaidyaratnam-saribasavam-450-ml","status":"publish","type":"product","link":"https:\/\/neelayurvedics.es\/?product=vaidyaratnam-saribasavam-450-ml","title":{"rendered":"Vaidyaratnam Saribasavam \u2013 450 ML"},"content":{"rendered":"<h3>Composici\u00f3n de Vaidyaratnam Saribasavam:<\/h3>\n<ul>\n<li>Sariba<\/li>\n<li>Musta<\/li>\n<li>Lodhra<\/li>\n<li>Nyagrodha<\/li>\n<li>Pippali<\/li>\n<li>Sati<\/li>\n<li>Sariva<\/li>\n<li>Padmaka<\/li>\n<li>Hribera<\/li>\n<li>Pata<\/li>\n<li>Amalaki<\/li>\n<li>Guduchi<\/li>\n<li>Usheera<\/li>\n<li>Chandana<\/li>\n<li>Raktachandana<\/li>\n<li>Ajamoda<\/li>\n<li>Katuka<\/li>\n<li>Patra<\/li>\n<li>Ella<\/li>\n<li>Sthulaila<\/li>\n<li>Kushta<\/li>\n<li>Swarnapatri<\/li>\n<li>Harithaki<\/li>\n<li>Draksha<\/li>\n<li>Dhataki<\/li>\n<li>guada<\/li>\n<\/ul>\n<h3>Beneficios de Vaidyaratnam Saribasavam:<\/h3>\n<ol>\n<li>Diabetes<\/li>\n<li>Artritis gotosa<\/li>\n<li>F\u00edstula<\/li>\n<\/ol>\n<h3>Dosis de Vaidyaratnam Saribasavam:<\/h3>\n<ol>\n<li>15 a 30 mililitros dos veces al d\u00eda, despu\u00e9s de las comidas o seg\u00fan lo prescriba un m\u00e9dico.<\/li>\n<\/ol>\n","protected":false},"excerpt":{"rendered":"<p>Composici\u00f3n de Vaidyaratnam Saribasavam: Sariba Musta Lodhra Nyagrodha Pippali Sati Sariva Padmaka Hribera Pata Amalaki Guduchi Usheera Chandana Raktachandana Ajamoda Katuka Patra Ella Sthulaila Kushta Swarnapatri Harithaki Draksha Dhataki guada Beneficios de Vaidyaratnam Saribasavam: Diabetes Artritis gotosa F\u00edstula Dosis de Vaidyaratnam Saribasavam: 15 a 30 mililitros dos veces al d\u00eda, despu\u00e9s de las comidas o [&hellip;]<\/p>\n","protected":false},"featured_media":6646,"comment_status":"open","ping_status":"closed","template":"","meta":[],"product_brand":[],"product_cat":[200,195,247],"product_tag":[],"class_list":{"0":"post-6644","1":"product","2":"type-product","3":"status-publish","4":"has-post-thumbnail","6":"product_cat-marca","7":"product_cat-productos-ayurvedicos","8":"product_cat-vaidyaratnam","10":"first","11":"instock","12":"shipping-taxable","13":"purchasable","14":"product-type-simple"},"_links":{"self":[{"href":"https:\/\/neelayurvedics.es\/index.php?rest_route=\/wp\/v2\/product\/6644","targetHints":{"allow":["GET"]}}],"collection":[{"href":"https:\/\/neelayurvedics.es\/index.php?rest_route=\/wp\/v2\/product"}],"about":[{"href":"https:\/\/neelayurvedics.es\/index.php?rest_route=\/wp\/v2\/types\/product"}],"replies":[{"embeddable":true,"href":"https:\/\/neelayurvedics.es\/index.php?rest_route=%2Fwp%2Fv2%2Fcomments&post=6644"}],"wp:featuredmedia":[{"embeddable":true,"href":"https:\/\/neelayurvedics.es\/index.php?rest_route=\/wp\/v2\/media\/6646"}],"wp:attachment":[{"href":"https:\/\/neelayurvedics.es\/index.php?rest_route=%2Fwp%2Fv2%2Fmedia&parent=6644"}],"wp:term":[{"taxonomy":"product_brand","embeddable":true,"href":"https:\/\/neelayurvedics.es\/index.php?rest_route=%2Fwp%2Fv2%2Fproduct_brand&post=6644"},{"taxonomy":"product_cat","embeddable":true,"href":"https:\/\/neelayurvedics.es\/index.php?rest_route=%2Fwp%2Fv2%2Fproduct_cat&post=6644"},{"taxonomy":"product_tag","embeddable":true,"href":"https:\/\/neelayurvedics.es\/index.php?rest_route=%2Fwp%2Fv2%2Fproduct_tag&post=6644"}],"curies":[{"name":"wp","href":"https:\/\/api.w.org\/{rel}","templated":true}]}}