{"id":6652,"date":"2024-12-31T07:03:44","date_gmt":"2024-12-31T07:03:44","guid":{"rendered":"https:\/\/neelayurvedics.es\/?post_type=product&#038;p=6652"},"modified":"2025-04-03T07:21:39","modified_gmt":"2025-04-03T07:21:39","slug":"vaidyaratnam-sathavareegulam-250-gm","status":"publish","type":"product","link":"https:\/\/neelayurvedics.es\/?product=vaidyaratnam-sathavareegulam-250-gm","title":{"rendered":"Vaidyaratnam Sathavareegulam \u2013 250 Gm"},"content":{"rendered":"<h3>Composici\u00f3n de Vaidyaratnam Sathavareegulam:<\/h3>\n<ul>\n<li>Gritam<\/li>\n<li>tibur\u00f3n<\/li>\n<li>Guda<\/li>\n<li>Shatavari<\/li>\n<li>Ella<\/li>\n<li>Sveta Musali<\/li>\n<li>Pippali<\/li>\n<li>Vidari<\/li>\n<li>Gokharu<\/li>\n<li>Eranda<\/li>\n<li>Anantamula<\/li>\n<li>Vamsalocana<\/li>\n<\/ul>\n<h3>Dosis de Vaidyaratnam Sathavareegulam:<\/h3>\n<ul>\n<li>Vaidyaratnam Sathavareegulam debe consumirse despu\u00e9s de consultar a un m\u00e9dico ayurv\u00e9dico.<\/li>\n<\/ul>\n","protected":false},"excerpt":{"rendered":"<ul>\n<li>Vaidyaratnam Sathavareegulam es muy eficaz en todo tipo de enfermedades ginecol\u00f3gicas.<\/li>\n<li>Reduce la actividad de los radicales libres y previene el estr\u00e9s oxidativo y el da\u00f1o.<\/li>\n<li>Se utiliza para tratar la anemia, la ictericia y la disuria.<\/li>\n<li>\u00datil contra n\u00e1useas y v\u00f3mitos excesivos.<\/li>\n<\/ul>\n","protected":false},"featured_media":6654,"comment_status":"open","ping_status":"closed","template":"","meta":[],"product_brand":[],"product_cat":[200,195,247],"product_tag":[],"class_list":{"0":"post-6652","1":"product","2":"type-product","3":"status-publish","4":"has-post-thumbnail","6":"product_cat-marca","7":"product_cat-productos-ayurvedicos","8":"product_cat-vaidyaratnam","10":"first","11":"instock","12":"shipping-taxable","13":"purchasable","14":"product-type-simple"},"_links":{"self":[{"href":"https:\/\/neelayurvedics.es\/index.php?rest_route=\/wp\/v2\/product\/6652","targetHints":{"allow":["GET"]}}],"collection":[{"href":"https:\/\/neelayurvedics.es\/index.php?rest_route=\/wp\/v2\/product"}],"about":[{"href":"https:\/\/neelayurvedics.es\/index.php?rest_route=\/wp\/v2\/types\/product"}],"replies":[{"embeddable":true,"href":"https:\/\/neelayurvedics.es\/index.php?rest_route=%2Fwp%2Fv2%2Fcomments&post=6652"}],"wp:featuredmedia":[{"embeddable":true,"href":"https:\/\/neelayurvedics.es\/index.php?rest_route=\/wp\/v2\/media\/6654"}],"wp:attachment":[{"href":"https:\/\/neelayurvedics.es\/index.php?rest_route=%2Fwp%2Fv2%2Fmedia&parent=6652"}],"wp:term":[{"taxonomy":"product_brand","embeddable":true,"href":"https:\/\/neelayurvedics.es\/index.php?rest_route=%2Fwp%2Fv2%2Fproduct_brand&post=6652"},{"taxonomy":"product_cat","embeddable":true,"href":"https:\/\/neelayurvedics.es\/index.php?rest_route=%2Fwp%2Fv2%2Fproduct_cat&post=6652"},{"taxonomy":"product_tag","embeddable":true,"href":"https:\/\/neelayurvedics.es\/index.php?rest_route=%2Fwp%2Fv2%2Fproduct_tag&post=6652"}],"curies":[{"name":"wp","href":"https:\/\/api.w.org\/{rel}","templated":true}]}}