{"id":6670,"date":"2024-12-31T10:21:56","date_gmt":"2024-12-31T10:21:56","guid":{"rendered":"https:\/\/neelayurvedics.es\/?post_type=product&#038;p=6670"},"modified":"2025-04-03T07:18:47","modified_gmt":"2025-04-03T07:18:47","slug":"vaidyaratnam-sudarshanarishtam-450-ml","status":"publish","type":"product","link":"https:\/\/neelayurvedics.es\/?product=vaidyaratnam-sudarshanarishtam-450-ml","title":{"rendered":"Vaidyaratnam Sudarshanarishtam \u2013 450 ML"},"content":{"rendered":"<div id=\"nasa-section-accordion-description\" class=\"hidden-tag nasa-panel nasa-content-panel nasa-sp-panel nasa-content-description active first\">\n<h3>Composici\u00f3n de Vaidyaratnam Sudarshanarishtam:<\/h3>\n<ul>\n<li>Pippali<\/li>\n<li>Agar\u00fa<\/li>\n<li>Haridra<\/li>\n<li>Devadaru<\/li>\n<li>Vacha<\/li>\n<li>Musta<\/li>\n<li>Harethaki<\/li>\n<li>Dusparsa<\/li>\n<li>Karkatasrngi<\/li>\n<li>Kandakari<\/li>\n<li>Soledad<\/li>\n<li>Brahmi<\/li>\n<li>Parpata<\/li>\n<li>Nimba<\/li>\n<li>Pippali<\/li>\n<li>Hribera<\/li>\n<li>Sati<\/li>\n<li>Pushkaramoola<\/li>\n<li>Murva<\/li>\n<li>Kutaja<\/li>\n<li>Yashtimadhu<\/li>\n<li>Sigru<\/li>\n<li>Kutaja<\/li>\n<li>Satavari<\/li>\n<li>Daruharidra<\/li>\n<li>Rakthachandana<\/li>\n<li>Patranga<\/li>\n<li>Sarala<\/li>\n<li>Usheera<\/li>\n<li>Ajustar<\/li>\n<li>Salaparni<\/li>\n<li>Jeeraka<\/li>\n<li>Athivisha<\/li>\n<li>Bilva<\/li>\n<li>Maricha<\/li>\n<li>Patra<\/li>\n<li>Amalaki<\/li>\n<li>Katuka<\/li>\n<li>Chitraka<\/li>\n<li>Patola<\/li>\n<li>Prisniparni<\/li>\n<li>Kirathathiktha<\/li>\n<li>guada<\/li>\n<li>Madhu<\/li>\n<\/ul>\n<h3>Beneficios de Vaidyaratnam Sudarshanarishtam:<\/h3>\n<ol>\n<li>Cualquier tipo de fiebre, as\u00ed como trastornos del h\u00edgado y del bazo.<\/li>\n<\/ol>\n<h3>Dosis de Vaidyaratnam Sudarshanarishtam:<\/h3>\n<p>15 a 30 ml dos veces al d\u00eda, despu\u00e9s de las comidas o seg\u00fan lo prescriba un m\u00e9dico.<\/p>\n<\/div>\n","protected":false},"excerpt":{"rendered":"<ul>\n<li>Vaidyaratnam Sudarshanaristham es muy eficaz en todo tipo de fiebre y tambi\u00e9n para las enfermedades del bazo y el h\u00edgado.<\/li>\n<\/ul>\n","protected":false},"featured_media":6672,"comment_status":"open","ping_status":"closed","template":"","meta":[],"product_brand":[],"product_cat":[200,195,247],"product_tag":[],"class_list":{"0":"post-6670","1":"product","2":"type-product","3":"status-publish","4":"has-post-thumbnail","6":"product_cat-marca","7":"product_cat-productos-ayurvedicos","8":"product_cat-vaidyaratnam","10":"first","11":"instock","12":"shipping-taxable","13":"purchasable","14":"product-type-simple"},"_links":{"self":[{"href":"https:\/\/neelayurvedics.es\/index.php?rest_route=\/wp\/v2\/product\/6670","targetHints":{"allow":["GET"]}}],"collection":[{"href":"https:\/\/neelayurvedics.es\/index.php?rest_route=\/wp\/v2\/product"}],"about":[{"href":"https:\/\/neelayurvedics.es\/index.php?rest_route=\/wp\/v2\/types\/product"}],"replies":[{"embeddable":true,"href":"https:\/\/neelayurvedics.es\/index.php?rest_route=%2Fwp%2Fv2%2Fcomments&post=6670"}],"wp:featuredmedia":[{"embeddable":true,"href":"https:\/\/neelayurvedics.es\/index.php?rest_route=\/wp\/v2\/media\/6672"}],"wp:attachment":[{"href":"https:\/\/neelayurvedics.es\/index.php?rest_route=%2Fwp%2Fv2%2Fmedia&parent=6670"}],"wp:term":[{"taxonomy":"product_brand","embeddable":true,"href":"https:\/\/neelayurvedics.es\/index.php?rest_route=%2Fwp%2Fv2%2Fproduct_brand&post=6670"},{"taxonomy":"product_cat","embeddable":true,"href":"https:\/\/neelayurvedics.es\/index.php?rest_route=%2Fwp%2Fv2%2Fproduct_cat&post=6670"},{"taxonomy":"product_tag","embeddable":true,"href":"https:\/\/neelayurvedics.es\/index.php?rest_route=%2Fwp%2Fv2%2Fproduct_tag&post=6670"}],"curies":[{"name":"wp","href":"https:\/\/api.w.org\/{rel}","templated":true}]}}