{"id":6676,"date":"2024-12-31T10:46:46","date_gmt":"2024-12-31T10:46:46","guid":{"rendered":"https:\/\/neelayurvedics.es\/?post_type=product&#038;p=6676"},"modified":"2025-04-03T07:16:25","modified_gmt":"2025-04-03T07:16:25","slug":"vaidyaratnam-sukumaram-kashayam-200ml","status":"publish","type":"product","link":"https:\/\/neelayurvedics.es\/?product=vaidyaratnam-sukumaram-kashayam-200ml","title":{"rendered":"Vaidyaratnam Sukumaram Kashayam \u2013 200 ML"},"content":{"rendered":"<h3>Composici\u00f3n de Vaidyaratnam Sukumaram Kashayam:<\/h3>\n<ul>\n<li>Punarnava<\/li>\n<li>Bael<\/li>\n<li>Gambhari<\/li>\n<li>Pippali<\/li>\n<\/ul>\n<h3>Beneficios de Vaidyaratnam Sukumaram Kashayam:<\/h3>\n<ol>\n<li>El jugo se utiliza para tratar dolores intensos y de espalda durante el ciclo menstrual.<\/li>\n<li>Se descubri\u00f3 que el jugo, enriquecido con la bondad de las hierbas, alivia a los pacientes con estre\u00f1imiento.<\/li>\n<li>Vaidyaratnam Sukumaram Kashayam se utiliza para aliviar el dolor, reducir la inflamaci\u00f3n y tratar la indigesti\u00f3n.<\/li>\n<\/ol>\n","protected":false},"excerpt":{"rendered":"<ul>\n<li>Vaidyaratnam Sukumaram Kashayam se utiliza para aliviar el dolor intenso durante la menstruaci\u00f3n.<\/li>\n<li>Proporciona alivio del dolor y el dolor de espalda durante la menstruaci\u00f3n.<\/li>\n<li>Tambi\u00e9n es \u00fatil para el estre\u00f1imiento.<\/li>\n<\/ul>\n","protected":false},"featured_media":6678,"comment_status":"open","ping_status":"closed","template":"","meta":[],"product_brand":[],"product_cat":[200,195,247],"product_tag":[],"class_list":{"0":"post-6676","1":"product","2":"type-product","3":"status-publish","4":"has-post-thumbnail","6":"product_cat-marca","7":"product_cat-productos-ayurvedicos","8":"product_cat-vaidyaratnam","10":"first","11":"instock","12":"shipping-taxable","13":"purchasable","14":"product-type-simple"},"_links":{"self":[{"href":"https:\/\/neelayurvedics.es\/index.php?rest_route=\/wp\/v2\/product\/6676","targetHints":{"allow":["GET"]}}],"collection":[{"href":"https:\/\/neelayurvedics.es\/index.php?rest_route=\/wp\/v2\/product"}],"about":[{"href":"https:\/\/neelayurvedics.es\/index.php?rest_route=\/wp\/v2\/types\/product"}],"replies":[{"embeddable":true,"href":"https:\/\/neelayurvedics.es\/index.php?rest_route=%2Fwp%2Fv2%2Fcomments&post=6676"}],"wp:featuredmedia":[{"embeddable":true,"href":"https:\/\/neelayurvedics.es\/index.php?rest_route=\/wp\/v2\/media\/6678"}],"wp:attachment":[{"href":"https:\/\/neelayurvedics.es\/index.php?rest_route=%2Fwp%2Fv2%2Fmedia&parent=6676"}],"wp:term":[{"taxonomy":"product_brand","embeddable":true,"href":"https:\/\/neelayurvedics.es\/index.php?rest_route=%2Fwp%2Fv2%2Fproduct_brand&post=6676"},{"taxonomy":"product_cat","embeddable":true,"href":"https:\/\/neelayurvedics.es\/index.php?rest_route=%2Fwp%2Fv2%2Fproduct_cat&post=6676"},{"taxonomy":"product_tag","embeddable":true,"href":"https:\/\/neelayurvedics.es\/index.php?rest_route=%2Fwp%2Fv2%2Fproduct_tag&post=6676"}],"curies":[{"name":"wp","href":"https:\/\/api.w.org\/{rel}","templated":true}]}}