{"id":6685,"date":"2024-12-31T10:57:29","date_gmt":"2024-12-31T10:57:29","guid":{"rendered":"https:\/\/neelayurvedics.es\/?post_type=product&#038;p=6685"},"modified":"2025-04-03T07:14:41","modified_gmt":"2025-04-03T07:14:41","slug":"vaidyaratnam-surasasavam-450-ml","status":"publish","type":"product","link":"https:\/\/neelayurvedics.es\/?product=vaidyaratnam-surasasavam-450-ml","title":{"rendered":"Vaidyaratnam Surasasavam \u2013 450 ML"},"content":{"rendered":"<h3>Composici\u00f3n de Vaidyaratnam Surasasavam:<\/h3>\n<ul>\n<li>Krishna tulsi<\/li>\n<li>Tulsi de Swetha<\/li>\n<li>Calamala<\/li>\n<li>Faniyjam<\/li>\n<li>Apamarga<\/li>\n<li>Vidanga<\/li>\n<li>Vrushakami<\/li>\n<li>Gambhari<\/li>\n<li>Kasamardha<\/li>\n<li>Kshavaka<\/li>\n<li>Nirgundi<\/li>\n<li>Bharngi<\/li>\n<li>Jati<\/li>\n<li>Kakamachi<\/li>\n<li>Hapusha<\/li>\n<li>Visha mushti<\/li>\n<li>Bhusthrinam<\/li>\n<li>Jatamamsi<\/li>\n<li>Sita<\/li>\n<li>Madhu<\/li>\n<\/ul>\n<h3>Beneficios de Vaidyaratnam Surasasavam:<\/h3>\n<ol>\n<li>Rinitis<\/li>\n<li>Gusanos intestinales<\/li>\n<li>Anorexia<\/li>\n<li>Tos<\/li>\n<li>Falta de aliento<\/li>\n<li>\u00dalceras<\/li>\n<\/ol>\n<h3>Dosis de Vaidyaratnam Surasasavam:<\/h3>\n<ol>\n<li>15 a 30 ml dos veces al d\u00eda, despu\u00e9s de las comidas o seg\u00fan lo prescriba un m\u00e9dico.<\/li>\n<\/ol>\n","protected":false},"excerpt":{"rendered":"<h3>Beneficios :<\/h3>\n<ul>\n<li>Rinitis<\/li>\n<li>Gusanos intestinales<\/li>\n<li>Anorexia<\/li>\n<li>Tos<\/li>\n<li>Falta de aliento<\/li>\n<li>\u00dalceras<\/li>\n<\/ul>\n","protected":false},"featured_media":6687,"comment_status":"open","ping_status":"closed","template":"","meta":[],"product_brand":[],"product_cat":[200,195,247],"product_tag":[],"class_list":{"0":"post-6685","1":"product","2":"type-product","3":"status-publish","4":"has-post-thumbnail","6":"product_cat-marca","7":"product_cat-productos-ayurvedicos","8":"product_cat-vaidyaratnam","10":"first","11":"instock","12":"shipping-taxable","13":"purchasable","14":"product-type-simple"},"_links":{"self":[{"href":"https:\/\/neelayurvedics.es\/index.php?rest_route=\/wp\/v2\/product\/6685","targetHints":{"allow":["GET"]}}],"collection":[{"href":"https:\/\/neelayurvedics.es\/index.php?rest_route=\/wp\/v2\/product"}],"about":[{"href":"https:\/\/neelayurvedics.es\/index.php?rest_route=\/wp\/v2\/types\/product"}],"replies":[{"embeddable":true,"href":"https:\/\/neelayurvedics.es\/index.php?rest_route=%2Fwp%2Fv2%2Fcomments&post=6685"}],"wp:featuredmedia":[{"embeddable":true,"href":"https:\/\/neelayurvedics.es\/index.php?rest_route=\/wp\/v2\/media\/6687"}],"wp:attachment":[{"href":"https:\/\/neelayurvedics.es\/index.php?rest_route=%2Fwp%2Fv2%2Fmedia&parent=6685"}],"wp:term":[{"taxonomy":"product_brand","embeddable":true,"href":"https:\/\/neelayurvedics.es\/index.php?rest_route=%2Fwp%2Fv2%2Fproduct_brand&post=6685"},{"taxonomy":"product_cat","embeddable":true,"href":"https:\/\/neelayurvedics.es\/index.php?rest_route=%2Fwp%2Fv2%2Fproduct_cat&post=6685"},{"taxonomy":"product_tag","embeddable":true,"href":"https:\/\/neelayurvedics.es\/index.php?rest_route=%2Fwp%2Fv2%2Fproduct_tag&post=6685"}],"curies":[{"name":"wp","href":"https:\/\/api.w.org\/{rel}","templated":true}]}}