{"id":6690,"date":"2024-12-31T11:29:12","date_gmt":"2024-12-31T11:29:12","guid":{"rendered":"https:\/\/neelayurvedics.es\/?post_type=product&#038;p=6690"},"modified":"2025-04-03T07:13:46","modified_gmt":"2025-04-03T07:13:46","slug":"vaidyaratnam-swasamritham-450-ml","status":"publish","type":"product","link":"https:\/\/neelayurvedics.es\/?product=vaidyaratnam-swasamritham-450-ml","title":{"rendered":"Vaidyaratnam Swasamritham \u2013 450 ML"},"content":{"rendered":"<div id=\"nasa-section-accordion-description\" class=\"hidden-tag nasa-panel nasa-content-panel nasa-sp-panel nasa-content-description active first\">\n<h3>Composici\u00f3n de Vaidyaratnam Swasamritham:<\/h3>\n<ul>\n<li>Vaso<\/li>\n<li>Surasa<\/li>\n<li>Gambhari<\/li>\n<li>Bilva<\/li>\n<li>Gambhari<\/li>\n<li>Agnimanta<\/li>\n<li>Patala<\/li>\n<li>Shyonaka<\/li>\n<li>Bruhati<\/li>\n<li>Kandakari<\/li>\n<li>Salapari<\/li>\n<li>Prisniparni<\/li>\n<li>Gokshura<\/li>\n<li>Khanda<\/li>\n<li>Karpoora<\/li>\n<li>Ajamoda<\/li>\n<li>Pudinarka<\/li>\n<\/ul>\n<h3>Beneficios de Vaidyaratnam Swasamritham:<\/h3>\n<ol>\n<li>Falta de aliento<\/li>\n<li>Tos<\/li>\n<\/ol>\n<h3>Dosis de Vaidyaratnam Swasamritham:<\/h3>\n<ol>\n<li>15 ml dos a cuatro veces al d\u00eda para adultos, 5 ml dos a cuatro veces al d\u00eda para ni\u00f1os, o seg\u00fan lo prescriba un m\u00e9dico.<\/li>\n<\/ol>\n<\/div>\n","protected":false},"excerpt":{"rendered":"<p>Composici\u00f3n de Vaidyaratnam Swasamritham: Vaso Surasa Gambhari Bilva Gambhari Agnimanta Patala Shyonaka Bruhati Kandakari Salapari Prisniparni Gokshura Khanda Karpoora Ajamoda Pudinarka Beneficios de Vaidyaratnam Swasamritham: Falta de aliento Tos Dosis de Vaidyaratnam Swasamritham: 15 ml dos a cuatro veces al d\u00eda para adultos, 5 ml dos a cuatro veces al d\u00eda para ni\u00f1os, o seg\u00fan [&hellip;]<\/p>\n","protected":false},"featured_media":6691,"comment_status":"open","ping_status":"closed","template":"","meta":[],"product_brand":[],"product_cat":[200,195,247],"product_tag":[],"class_list":{"0":"post-6690","1":"product","2":"type-product","3":"status-publish","4":"has-post-thumbnail","6":"product_cat-marca","7":"product_cat-productos-ayurvedicos","8":"product_cat-vaidyaratnam","10":"first","11":"instock","12":"shipping-taxable","13":"purchasable","14":"product-type-simple"},"_links":{"self":[{"href":"https:\/\/neelayurvedics.es\/index.php?rest_route=\/wp\/v2\/product\/6690","targetHints":{"allow":["GET"]}}],"collection":[{"href":"https:\/\/neelayurvedics.es\/index.php?rest_route=\/wp\/v2\/product"}],"about":[{"href":"https:\/\/neelayurvedics.es\/index.php?rest_route=\/wp\/v2\/types\/product"}],"replies":[{"embeddable":true,"href":"https:\/\/neelayurvedics.es\/index.php?rest_route=%2Fwp%2Fv2%2Fcomments&post=6690"}],"wp:featuredmedia":[{"embeddable":true,"href":"https:\/\/neelayurvedics.es\/index.php?rest_route=\/wp\/v2\/media\/6691"}],"wp:attachment":[{"href":"https:\/\/neelayurvedics.es\/index.php?rest_route=%2Fwp%2Fv2%2Fmedia&parent=6690"}],"wp:term":[{"taxonomy":"product_brand","embeddable":true,"href":"https:\/\/neelayurvedics.es\/index.php?rest_route=%2Fwp%2Fv2%2Fproduct_brand&post=6690"},{"taxonomy":"product_cat","embeddable":true,"href":"https:\/\/neelayurvedics.es\/index.php?rest_route=%2Fwp%2Fv2%2Fproduct_cat&post=6690"},{"taxonomy":"product_tag","embeddable":true,"href":"https:\/\/neelayurvedics.es\/index.php?rest_route=%2Fwp%2Fv2%2Fproduct_tag&post=6690"}],"curies":[{"name":"wp","href":"https:\/\/api.w.org\/{rel}","templated":true}]}}