{"id":6707,"date":"2025-01-02T09:54:31","date_gmt":"2025-01-02T09:54:31","guid":{"rendered":"https:\/\/neelayurvedics.es\/?post_type=product&#038;p=6707"},"modified":"2025-04-03T07:08:13","modified_gmt":"2025-04-03T07:08:13","slug":"vaidyaratnam-thikthakam-kashyam-200-ml","status":"publish","type":"product","link":"https:\/\/neelayurvedics.es\/?product=vaidyaratnam-thikthakam-kashyam-200-ml","title":{"rendered":"Vaidyaratnam Thikthakam Kashyam \u2013 200 ML"},"content":{"rendered":"<h3>Composici\u00f3n de Vaidyaratnam Thikthakam Kashyam:<\/h3>\n<ul>\n<li>Patola<\/li>\n<li>Nimba<\/li>\n<li>Katuka<\/li>\n<li>Daruharidra<\/li>\n<li>Pata<\/li>\n<li>Duralabha<\/li>\n<li>Parpata<\/li>\n<li>Brahmi<\/li>\n<li>Musta<\/li>\n<li>Kirathathiktha<\/li>\n<li>Kutaja<\/li>\n<li>Pippali<\/li>\n<li>Chandana<\/li>\n<\/ul>\n<h3>Beneficios de Vaidyaratnam Thikthakam Kashyam:<\/h3>\n<ol>\n<li>Ampollas<\/li>\n<li>Sarna<\/li>\n<li>Heridas cr\u00f3nicas<\/li>\n<li>F\u00edstula<\/li>\n<li>Problemas dermatol\u00f3gicos<\/li>\n<\/ol>\n<h3>Dosis de Vaidyaratnam Thikthakam Kashyam:<\/h3>\n<p>15 ml dos veces al d\u00eda, con cuatro tomas de agua tibia, una hora antes de la comida o seg\u00fan lo indique el m\u00e9dico.<\/p>\n","protected":false},"excerpt":{"rendered":"<ul>\n<li>Vaidyaratnam Thikthakam Kashayam es una medicina ayurv\u00e9dica que se utiliza principalmente para el tratamiento de enfermedades y trastornos de la piel.<\/li>\n<\/ul>\n","protected":false},"featured_media":6708,"comment_status":"open","ping_status":"closed","template":"","meta":[],"product_brand":[],"product_cat":[200,195,247],"product_tag":[],"class_list":{"0":"post-6707","1":"product","2":"type-product","3":"status-publish","4":"has-post-thumbnail","6":"product_cat-marca","7":"product_cat-productos-ayurvedicos","8":"product_cat-vaidyaratnam","10":"first","11":"instock","12":"shipping-taxable","13":"purchasable","14":"product-type-simple"},"_links":{"self":[{"href":"https:\/\/neelayurvedics.es\/index.php?rest_route=\/wp\/v2\/product\/6707","targetHints":{"allow":["GET"]}}],"collection":[{"href":"https:\/\/neelayurvedics.es\/index.php?rest_route=\/wp\/v2\/product"}],"about":[{"href":"https:\/\/neelayurvedics.es\/index.php?rest_route=\/wp\/v2\/types\/product"}],"replies":[{"embeddable":true,"href":"https:\/\/neelayurvedics.es\/index.php?rest_route=%2Fwp%2Fv2%2Fcomments&post=6707"}],"wp:featuredmedia":[{"embeddable":true,"href":"https:\/\/neelayurvedics.es\/index.php?rest_route=\/wp\/v2\/media\/6708"}],"wp:attachment":[{"href":"https:\/\/neelayurvedics.es\/index.php?rest_route=%2Fwp%2Fv2%2Fmedia&parent=6707"}],"wp:term":[{"taxonomy":"product_brand","embeddable":true,"href":"https:\/\/neelayurvedics.es\/index.php?rest_route=%2Fwp%2Fv2%2Fproduct_brand&post=6707"},{"taxonomy":"product_cat","embeddable":true,"href":"https:\/\/neelayurvedics.es\/index.php?rest_route=%2Fwp%2Fv2%2Fproduct_cat&post=6707"},{"taxonomy":"product_tag","embeddable":true,"href":"https:\/\/neelayurvedics.es\/index.php?rest_route=%2Fwp%2Fv2%2Fproduct_tag&post=6707"}],"curies":[{"name":"wp","href":"https:\/\/api.w.org\/{rel}","templated":true}]}}