{"id":6723,"date":"2025-01-02T10:19:53","date_gmt":"2025-01-02T10:19:53","guid":{"rendered":"https:\/\/neelayurvedics.es\/?post_type=product&#038;p=6723"},"modified":"2025-04-03T07:05:40","modified_gmt":"2025-04-03T07:05:40","slug":"vaidyaratnam-urvaruka-ghritham-150gm","status":"publish","type":"product","link":"https:\/\/neelayurvedics.es\/?product=vaidyaratnam-urvaruka-ghritham-150gm","title":{"rendered":"Vaidyaratnam Urvaruka Ghritham \u2013 150 Gm"},"content":{"rendered":"<h3>Composici\u00f3n de Vaidyaratnam Urvaruka Ghritham:<\/h3>\n<ul>\n<li>Ashwagandha<\/li>\n<li>Bala<\/li>\n<li>Gokshura<\/li>\n<li>Ksheera<\/li>\n<li>Ghritha<\/li>\n<\/ul>\n<h3>Beneficios de Vaidyaratnam Urvaruka Ghritham:<\/h3>\n<ol>\n<li>Vaidyaratnam Urvaruka Ghritham promueve una digesti\u00f3n y un metabolismo saludables.<\/li>\n<li>Mejora la fuerza y \u200b\u200bla resistencia.<\/li>\n<li>Fortalece el sistema inmunol\u00f3gico y promueve una piel y un cabello saludables.<\/li>\n<li>Ayuda a aliviar el dolor y la rigidez de las articulaciones.<\/li>\n<li>Promueve un sistema nervioso saludable y ayuda a controlar el estr\u00e9s y la ansiedad.<\/li>\n<\/ol>\n<h3>Dosis de Vaidyaratnam Urvaruka Ghritham:<\/h3>\n<ul>\n<li>Utilizar seg\u00fan prescripci\u00f3n m\u00e9dica<\/li>\n<\/ul>\n","protected":false},"excerpt":{"rendered":"<ul>\n<li>Vaidyaratnam Urvaruka Ghrutham est\u00e1 elaborado a partir de una mezcla de hierbas naturales y procesado de una manera espec\u00edfica para preservar su potencia y pureza.<\/li>\n<li>Promueve la inmunidad y la salud general.<\/li>\n<\/ul>\n","protected":false},"featured_media":6725,"comment_status":"open","ping_status":"closed","template":"","meta":[],"product_brand":[],"product_cat":[200,195,247],"product_tag":[],"class_list":{"0":"post-6723","1":"product","2":"type-product","3":"status-publish","4":"has-post-thumbnail","6":"product_cat-marca","7":"product_cat-productos-ayurvedicos","8":"product_cat-vaidyaratnam","10":"first","11":"instock","12":"shipping-taxable","13":"purchasable","14":"product-type-simple"},"_links":{"self":[{"href":"https:\/\/neelayurvedics.es\/index.php?rest_route=\/wp\/v2\/product\/6723","targetHints":{"allow":["GET"]}}],"collection":[{"href":"https:\/\/neelayurvedics.es\/index.php?rest_route=\/wp\/v2\/product"}],"about":[{"href":"https:\/\/neelayurvedics.es\/index.php?rest_route=\/wp\/v2\/types\/product"}],"replies":[{"embeddable":true,"href":"https:\/\/neelayurvedics.es\/index.php?rest_route=%2Fwp%2Fv2%2Fcomments&post=6723"}],"wp:featuredmedia":[{"embeddable":true,"href":"https:\/\/neelayurvedics.es\/index.php?rest_route=\/wp\/v2\/media\/6725"}],"wp:attachment":[{"href":"https:\/\/neelayurvedics.es\/index.php?rest_route=%2Fwp%2Fv2%2Fmedia&parent=6723"}],"wp:term":[{"taxonomy":"product_brand","embeddable":true,"href":"https:\/\/neelayurvedics.es\/index.php?rest_route=%2Fwp%2Fv2%2Fproduct_brand&post=6723"},{"taxonomy":"product_cat","embeddable":true,"href":"https:\/\/neelayurvedics.es\/index.php?rest_route=%2Fwp%2Fv2%2Fproduct_cat&post=6723"},{"taxonomy":"product_tag","embeddable":true,"href":"https:\/\/neelayurvedics.es\/index.php?rest_route=%2Fwp%2Fv2%2Fproduct_tag&post=6723"}],"curies":[{"name":"wp","href":"https:\/\/api.w.org\/{rel}","templated":true}]}}