{"id":6726,"date":"2025-01-02T10:22:54","date_gmt":"2025-01-02T10:22:54","guid":{"rendered":"https:\/\/neelayurvedics.es\/?post_type=product&#038;p=6726"},"modified":"2025-04-03T07:05:14","modified_gmt":"2025-04-03T07:05:14","slug":"vaidyaratnam-useerasavam-450-ml","status":"publish","type":"product","link":"https:\/\/neelayurvedics.es\/?product=vaidyaratnam-useerasavam-450-ml","title":{"rendered":"Vaidyaratnam Useerasavam \u2013 450 ML"},"content":{"rendered":"<h3>Composici\u00f3n de Vaidyaratnam Useerasavam:<\/h3>\n<ul>\n<li>Usheera<\/li>\n<li>Hribera<\/li>\n<li>Padmaka<\/li>\n<li>Gambhari<\/li>\n<li>Neelothpala<\/li>\n<li>Priyangu<\/li>\n<li>Padmaka<\/li>\n<li>Lodhra<\/li>\n<li>Manjishta<\/li>\n<li>Duralabha<\/li>\n<li>Pata<\/li>\n<li>Kirathatiktha<\/li>\n<li>Nyagrodha<\/li>\n<li>Udumbara<\/li>\n<li>Sati<\/li>\n<li>Parpata<\/li>\n<li>Pundarik\u00e1<\/li>\n<li>Patola<\/li>\n<li>Kanchanara<\/li>\n<li>Jamb\u00fa<\/li>\n<li>Salmal\u00ed<\/li>\n<li>Draksha<\/li>\n<li>Dhataki<\/li>\n<li>Madhu<\/li>\n<li>guada<\/li>\n<\/ul>\n<h3>Beneficios de Vaidyaratnam Useerasavam:<\/h3>\n<ol>\n<li>Trastornos hemorr\u00e1gicos<\/li>\n<li>Anemia<\/li>\n<li>Diabetes<\/li>\n<li>Hemorroides<\/li>\n<li>Enfermedades de la piel<\/li>\n<\/ol>\n<h3>Dosis de Vaidyaratnam Useerasavam:<\/h3>\n<ol>\n<li>15 a 30 ml dos veces al d\u00eda, despu\u00e9s de las comidas o seg\u00fan lo prescriba un m\u00e9dico.<\/li>\n<\/ol>\n","protected":false},"excerpt":{"rendered":"<p>Composici\u00f3n de Vaidyaratnam Useerasavam: Usheera Hribera Padmaka Gambhari Neelothpala Priyangu Padmaka Lodhra Manjishta Duralabha Pata Kirathatiktha Nyagrodha Udumbara Sati Parpata Pundarik\u00e1 Patola Kanchanara Jamb\u00fa Salmal\u00ed Draksha Dhataki Madhu guada Beneficios de Vaidyaratnam Useerasavam: Trastornos hemorr\u00e1gicos Anemia Diabetes Hemorroides Enfermedades de la piel Dosis de Vaidyaratnam Useerasavam: 15 a 30 ml dos veces al d\u00eda, despu\u00e9s [&hellip;]<\/p>\n","protected":false},"featured_media":6728,"comment_status":"open","ping_status":"closed","template":"","meta":[],"product_brand":[],"product_cat":[200,195,247],"product_tag":[],"class_list":{"0":"post-6726","1":"product","2":"type-product","3":"status-publish","4":"has-post-thumbnail","6":"product_cat-marca","7":"product_cat-productos-ayurvedicos","8":"product_cat-vaidyaratnam","10":"first","11":"instock","12":"shipping-taxable","13":"purchasable","14":"product-type-simple"},"_links":{"self":[{"href":"https:\/\/neelayurvedics.es\/index.php?rest_route=\/wp\/v2\/product\/6726","targetHints":{"allow":["GET"]}}],"collection":[{"href":"https:\/\/neelayurvedics.es\/index.php?rest_route=\/wp\/v2\/product"}],"about":[{"href":"https:\/\/neelayurvedics.es\/index.php?rest_route=\/wp\/v2\/types\/product"}],"replies":[{"embeddable":true,"href":"https:\/\/neelayurvedics.es\/index.php?rest_route=%2Fwp%2Fv2%2Fcomments&post=6726"}],"wp:featuredmedia":[{"embeddable":true,"href":"https:\/\/neelayurvedics.es\/index.php?rest_route=\/wp\/v2\/media\/6728"}],"wp:attachment":[{"href":"https:\/\/neelayurvedics.es\/index.php?rest_route=%2Fwp%2Fv2%2Fmedia&parent=6726"}],"wp:term":[{"taxonomy":"product_brand","embeddable":true,"href":"https:\/\/neelayurvedics.es\/index.php?rest_route=%2Fwp%2Fv2%2Fproduct_brand&post=6726"},{"taxonomy":"product_cat","embeddable":true,"href":"https:\/\/neelayurvedics.es\/index.php?rest_route=%2Fwp%2Fv2%2Fproduct_cat&post=6726"},{"taxonomy":"product_tag","embeddable":true,"href":"https:\/\/neelayurvedics.es\/index.php?rest_route=%2Fwp%2Fv2%2Fproduct_tag&post=6726"}],"curies":[{"name":"wp","href":"https:\/\/api.w.org\/{rel}","templated":true}]}}