{"id":6738,"date":"2025-01-02T10:42:19","date_gmt":"2025-01-02T10:42:19","guid":{"rendered":"https:\/\/neelayurvedics.es\/?post_type=product&#038;p=6738"},"modified":"2025-07-11T09:50:58","modified_gmt":"2025-07-11T09:50:58","slug":"vaidyaratnam-varandi-kashaya-gulika-tabletas-100-tabletas","status":"publish","type":"product","link":"https:\/\/neelayurvedics.es\/?product=vaidyaratnam-varandi-kashaya-gulika-tabletas-100-tabletas","title":{"rendered":"Vaidyaratnam Varandi Kashaya Gulika Tabletas \u2013 100 Tabletas"},"content":{"rendered":"<h3>Vaidyaratnam Varanadi Kashaya Gulika Composition :<\/h3>\n<ul>\n<li>Varana<\/li>\n<li>Sahachara<\/li>\n<li>Sairyaka<\/li>\n<li>Satavari<\/li>\n<li>Chithraka<\/li>\n<li>Murva<\/li>\n<li>Bilva<\/li>\n<li>Visani<\/li>\n<li>Bruhathi<\/li>\n<li>Kandakari<\/li>\n<li>Karanja<\/li>\n<li>Chiruvilwa<\/li>\n<li>Agnimantha<\/li>\n<li>Hareethaki<\/li>\n<li>Sigru<\/li>\n<li>Darbha<\/li>\n<li>Bhallathaka<\/li>\n<\/ul>\n<h3>Vaidyaratnam Varanadi Kashaya Gulika Benefits :<\/h3>\n<ul>\n<li>Obesity<\/li>\n<li>Headache<\/li>\n<li>Internal Abscess<\/li>\n<li>All diseases related to Kapha meda<\/li>\n<\/ul>\n<h3>Vaidyaratnam Varanadi Kashaya Gulika Dosage :<\/h3>\n<ul>\n<li>As per Doctor\u2019s Advice<\/li>\n<\/ul>\n","protected":false},"excerpt":{"rendered":"<p>Vaidyaratnam Varandi Kashaya Gulika Tablets es un medicamento ayurv\u00e9dico que se usa para tratar trastornos hep\u00e1ticos, abscesos internos, indigesti\u00f3n, obesidad, dolor de cabeza cr\u00f3nico, Kapha Medha Vikaras<\/p>\n","protected":false},"featured_media":6739,"comment_status":"open","ping_status":"closed","template":"","meta":[],"product_brand":[],"product_cat":[200,195,247],"product_tag":[],"class_list":{"0":"post-6738","1":"product","2":"type-product","3":"status-publish","4":"has-post-thumbnail","6":"product_cat-marca","7":"product_cat-productos-ayurvedicos","8":"product_cat-vaidyaratnam","10":"first","11":"instock","12":"shipping-taxable","13":"purchasable","14":"product-type-simple"},"_links":{"self":[{"href":"https:\/\/neelayurvedics.es\/index.php?rest_route=\/wp\/v2\/product\/6738","targetHints":{"allow":["GET"]}}],"collection":[{"href":"https:\/\/neelayurvedics.es\/index.php?rest_route=\/wp\/v2\/product"}],"about":[{"href":"https:\/\/neelayurvedics.es\/index.php?rest_route=\/wp\/v2\/types\/product"}],"replies":[{"embeddable":true,"href":"https:\/\/neelayurvedics.es\/index.php?rest_route=%2Fwp%2Fv2%2Fcomments&post=6738"}],"wp:featuredmedia":[{"embeddable":true,"href":"https:\/\/neelayurvedics.es\/index.php?rest_route=\/wp\/v2\/media\/6739"}],"wp:attachment":[{"href":"https:\/\/neelayurvedics.es\/index.php?rest_route=%2Fwp%2Fv2%2Fmedia&parent=6738"}],"wp:term":[{"taxonomy":"product_brand","embeddable":true,"href":"https:\/\/neelayurvedics.es\/index.php?rest_route=%2Fwp%2Fv2%2Fproduct_brand&post=6738"},{"taxonomy":"product_cat","embeddable":true,"href":"https:\/\/neelayurvedics.es\/index.php?rest_route=%2Fwp%2Fv2%2Fproduct_cat&post=6738"},{"taxonomy":"product_tag","embeddable":true,"href":"https:\/\/neelayurvedics.es\/index.php?rest_route=%2Fwp%2Fv2%2Fproduct_tag&post=6738"}],"curies":[{"name":"wp","href":"https:\/\/api.w.org\/{rel}","templated":true}]}}