{"id":6744,"date":"2025-01-02T10:54:01","date_gmt":"2025-01-02T10:54:01","guid":{"rendered":"https:\/\/neelayurvedics.es\/?post_type=product&#038;p=6744"},"modified":"2025-07-11T09:50:58","modified_gmt":"2025-07-11T09:50:58","slug":"vaidyaratnam-vasaguloochyadi-kashayam-200ml","status":"publish","type":"product","link":"https:\/\/neelayurvedics.es\/?product=vaidyaratnam-vasaguloochyadi-kashayam-200ml","title":{"rendered":"Vaidyaratnam Vasaguloochyadi Kashayam \u2013 200 ML"},"content":{"rendered":"<h3>Composici\u00f3n de Vaidyaratnam Vasaguloochyadi Kashayam:<\/h3>\n<ul>\n<li>Vaso<\/li>\n<li>Giloy<\/li>\n<li>Neem<\/li>\n<li>Triphala<\/li>\n<li>Katvi<\/li>\n<li>Bhunimba<\/li>\n<li>Amalaki<\/li>\n<\/ul>\n<h3>Beneficios de Vaidyaratnam Vasaguloochyadi Kashayam:<\/h3>\n<ol>\n<li>Favorece un h\u00edgado sano.<\/li>\n<li>Elimina toxinas y limpia el h\u00edgado.<\/li>\n<li>Aborda los problemas de anemia, ictericia, cambios en el h\u00edgado graso y otras complicaciones hep\u00e1ticas.<\/li>\n<li>Podr\u00eda ayudar a controlar el peso.<\/li>\n<li>Controla el colesterol malo, los triglic\u00e9ridos altos y los niveles elevados de l\u00edpidos.<\/li>\n<\/ol>\n<h3>Dosis de Vaidyaratnam Vasaguloochyadi Kashayam:<\/h3>\n<ul>\n<li>Se a\u00f1ade ocho partes de agua, se hierve y se reduce a una cuarta parte y se filtra.<\/li>\n<li>Tomar 12-24 ml antes de las comidas, dos veces al d\u00eda.<\/li>\n<li>Seg\u00fan lo indique su m\u00e9dico ayurv\u00e9dico.<\/li>\n<\/ul>\n","protected":false},"excerpt":{"rendered":"<ul>\n<li>Vaidyaratnam Vasaguloochyadi Kashayam act\u00faa como un t\u00f3nico hep\u00e1tico que favorece la salud del h\u00edgado. Sus propiedades antioxidantes evitan que los productos qu\u00edmicos peligrosos entren en el h\u00edgado, al mismo tiempo que repara las c\u00e9lulas hep\u00e1ticas da\u00f1adas, desintoxica las impurezas, elimina las toxinas y limpia el h\u00edgado.<\/li>\n<li>Tambi\u00e9n ayuda a controlar los niveles altos de colesterol, triglic\u00e9ridos y l\u00edpidos. Puede ayudar a tratar la gota y las venas varicosas.<\/li>\n<\/ul>\n","protected":false},"featured_media":6746,"comment_status":"open","ping_status":"closed","template":"","meta":[],"product_brand":[],"product_cat":[200,195,247],"product_tag":[],"class_list":{"0":"post-6744","1":"product","2":"type-product","3":"status-publish","4":"has-post-thumbnail","6":"product_cat-marca","7":"product_cat-productos-ayurvedicos","8":"product_cat-vaidyaratnam","10":"first","11":"instock","12":"shipping-taxable","13":"purchasable","14":"product-type-simple"},"_links":{"self":[{"href":"https:\/\/neelayurvedics.es\/index.php?rest_route=\/wp\/v2\/product\/6744","targetHints":{"allow":["GET"]}}],"collection":[{"href":"https:\/\/neelayurvedics.es\/index.php?rest_route=\/wp\/v2\/product"}],"about":[{"href":"https:\/\/neelayurvedics.es\/index.php?rest_route=\/wp\/v2\/types\/product"}],"replies":[{"embeddable":true,"href":"https:\/\/neelayurvedics.es\/index.php?rest_route=%2Fwp%2Fv2%2Fcomments&post=6744"}],"wp:featuredmedia":[{"embeddable":true,"href":"https:\/\/neelayurvedics.es\/index.php?rest_route=\/wp\/v2\/media\/6746"}],"wp:attachment":[{"href":"https:\/\/neelayurvedics.es\/index.php?rest_route=%2Fwp%2Fv2%2Fmedia&parent=6744"}],"wp:term":[{"taxonomy":"product_brand","embeddable":true,"href":"https:\/\/neelayurvedics.es\/index.php?rest_route=%2Fwp%2Fv2%2Fproduct_brand&post=6744"},{"taxonomy":"product_cat","embeddable":true,"href":"https:\/\/neelayurvedics.es\/index.php?rest_route=%2Fwp%2Fv2%2Fproduct_cat&post=6744"},{"taxonomy":"product_tag","embeddable":true,"href":"https:\/\/neelayurvedics.es\/index.php?rest_route=%2Fwp%2Fv2%2Fproduct_tag&post=6744"}],"curies":[{"name":"wp","href":"https:\/\/api.w.org\/{rel}","templated":true}]}}