{"id":6787,"date":"2025-01-07T08:44:27","date_gmt":"2025-01-07T08:44:27","guid":{"rendered":"https:\/\/neelayurvedics.es\/?post_type=product&#038;p=6787"},"modified":"2025-01-13T07:20:06","modified_gmt":"2025-01-13T07:20:06","slug":"neel-ayurvedics-aceite-facial-kumkumadi-de","status":"publish","type":"product","link":"https:\/\/neelayurvedics.es\/?product=neel-ayurvedics-aceite-facial-kumkumadi-de","title":{"rendered":"Neel Ayurvedics Aceite facial Kumkumadi de \u2013 30 ml"},"content":{"rendered":"<h4>\u00bfQU\u00c9 ES EL ACEITE DE KUMKUMADI?<\/h4>\n<p><strong>*<\/strong>\u00a0El aceite de kumkumadi, o tailam de kumkumadi, es uno de los asombrosos elixires ayurv\u00e9dicos que mejoran la salud de la piel y curan una serie de problemas cut\u00e1neos. Combina varias hierbas preciosas, en las que el azafr\u00e1n es el ingrediente principal para hidratar la piel.<\/p>\n<p><strong>*<\/strong>\u00a0La palabra Kumkumadi significa &#8216;Kumkum&#8217;, que es azafr\u00e1n, y &#8216;aadi&#8217; es un grupo de hierbas cuya combinaci\u00f3n hace que la piel luzca radiante y saludable. Al ser el aceite facial ayurv\u00e9dico, funciona como un milagro en la piel y, hasta ahora, se considera el secreto de belleza ayurv\u00e9dico m\u00e1s notable y antiguo.<\/p>\n<p>&nbsp;<\/p>\n<h4><strong>-: BENEFICIOS DEL ACEITE FACIAL KUMKUMADI DE NEEL AYURVEDICS:-<\/strong><\/h4>\n<p><strong>01.<\/strong>\u00a0Mejora la complexi\u00f3n general de la piel.<\/p>\n<p><strong>02.<\/strong>\u00a0Proporciona luminosidad y resplandor natural.<\/p>\n<p><strong>03.<\/strong>\u00a0Estimula la circulaci\u00f3n sangu\u00ednea y rejuvenece las c\u00e9lulas de la piel.<\/p>\n<p><strong>04.<\/strong>\u00a0Reduce los signos del envejecimiento como l\u00edneas finas y arrugas.<\/p>\n<p><strong>05.<\/strong>\u00a0Mejora el tono de la piel.<\/p>\n<p><strong>06.<\/strong>\u00a0Elimina manchas oscuras y mejora la textura de la piel.<\/p>\n<p><strong>07.<\/strong>\u00a0Reduce el acn\u00e9, los granitos y el bronceado de la piel.<\/p>\n<p><strong>08.<\/strong>\u00a0Tambi\u00e9n ayuda a curar heridas, cicatrices e infecciones.<\/p>\n<p><strong>09.<\/strong>\u00a0Act\u00faa como un limpiador suave que limpia los poros de la piel y elimina todas las c\u00e9lulas muertas de la piel.<\/p>\n<p><strong>10.<\/strong>\u00a0Reduce manchas oscuras, pigmentaci\u00f3n e imperfecciones.<\/p>\n<p><strong>11.<\/strong>\u00a0Mejora la elasticidad de la piel y la hace lucir radiante y graciosa.<\/p>\n<p><strong>12.<\/strong>\u00a0Previene una mayor decoloraci\u00f3n de la piel junto con un efecto refrescante.<\/p>\n<p><strong>13.<\/strong>\u00a0Promueve la regeneraci\u00f3n de las c\u00e9lulas cut\u00e1neas, lo que le dar\u00e1 a la piel un brillo instant\u00e1neo.<\/p>\n","protected":false},"excerpt":{"rendered":"<ul>\n<li>El aceite Kumkumadi de Neel Ayurvedics realza un brillo radiante, hidrata profundamente y rejuvenece la piel.<\/li>\n<li>Nuestro aceite de belleza para el cuidado nocturno deja tu piel suave, flexible y fresca.<\/li>\n<li>Este aceite facial ayurv\u00e9dico est\u00e1 elaborado por expertos para iluminar naturalmente su cutis, aprovechando las poderosas propiedades aclarantes de la piel de su ingrediente clave, el &#8220;azafr\u00e1n de Cachemira&#8221;. &#8221;\u00a0<strong>Mejore su rutina de cuidado de la piel nocturna con el lujoso aceite de belleza Kumkumadi de Neel Ayurvedics, una f\u00f3rmula ayurv\u00e9dica para lograr el m\u00e1ximo brillo facial&#8221;.<\/strong><\/li>\n<\/ul>\n","protected":false},"featured_media":6788,"comment_status":"open","ping_status":"closed","template":"","meta":[],"product_brand":[],"product_cat":[200,252,246,195],"product_tag":[],"class_list":{"0":"post-6787","1":"product","2":"type-product","3":"status-publish","4":"has-post-thumbnail","6":"product_cat-marca","7":"product_cat-neel-ayurvedics","8":"product_cat-neel-ayurvedics-aceites","9":"product_cat-productos-ayurvedicos","11":"first","12":"instock","13":"shipping-taxable","14":"purchasable","15":"product-type-simple"},"_links":{"self":[{"href":"https:\/\/neelayurvedics.es\/index.php?rest_route=\/wp\/v2\/product\/6787","targetHints":{"allow":["GET"]}}],"collection":[{"href":"https:\/\/neelayurvedics.es\/index.php?rest_route=\/wp\/v2\/product"}],"about":[{"href":"https:\/\/neelayurvedics.es\/index.php?rest_route=\/wp\/v2\/types\/product"}],"replies":[{"embeddable":true,"href":"https:\/\/neelayurvedics.es\/index.php?rest_route=%2Fwp%2Fv2%2Fcomments&post=6787"}],"wp:featuredmedia":[{"embeddable":true,"href":"https:\/\/neelayurvedics.es\/index.php?rest_route=\/wp\/v2\/media\/6788"}],"wp:attachment":[{"href":"https:\/\/neelayurvedics.es\/index.php?rest_route=%2Fwp%2Fv2%2Fmedia&parent=6787"}],"wp:term":[{"taxonomy":"product_brand","embeddable":true,"href":"https:\/\/neelayurvedics.es\/index.php?rest_route=%2Fwp%2Fv2%2Fproduct_brand&post=6787"},{"taxonomy":"product_cat","embeddable":true,"href":"https:\/\/neelayurvedics.es\/index.php?rest_route=%2Fwp%2Fv2%2Fproduct_cat&post=6787"},{"taxonomy":"product_tag","embeddable":true,"href":"https:\/\/neelayurvedics.es\/index.php?rest_route=%2Fwp%2Fv2%2Fproduct_tag&post=6787"}],"curies":[{"name":"wp","href":"https:\/\/api.w.org\/{rel}","templated":true}]}}