{"id":6821,"date":"2025-01-08T05:53:21","date_gmt":"2025-01-08T05:53:21","guid":{"rendered":"https:\/\/neelayurvedics.es\/?post_type=product&#038;p=6821"},"modified":"2025-01-08T05:53:21","modified_gmt":"2025-01-08T05:53:21","slug":"neel-ayurvedics-ajmodadi-churna","status":"publish","type":"product","link":"https:\/\/neelayurvedics.es\/?product=neel-ayurvedics-ajmodadi-churna","title":{"rendered":"Neel Ayurvedics Ajmodadi Churna"},"content":{"rendered":"<p style=\"font-weight: 400;\">Este tipo de Churna consta de 12 ingredientes como Trachyspermum ammi, Piper nigrum, Piper longum, Plumbago zeylanica, Terminalia chebula, Cedrus deodara, tallos, sal, Embelia ribes, Zingiber officinale, Argyreia nervosa y Anethum graveolens.<\/p>\n<p style=\"font-weight: 400;\">Ajmodadi Churna es un tipo de polvo de hierbas ayurv\u00e9dicas elaborado a partir de una mezcla de hierbas y especias, incluida la ajmoda (Apium graveolens). Se utiliza en la medicina tradicional india, espec\u00edficamente en Ayurveda, por sus propiedades medicinales. Ajmodadi Churna se usa com\u00fanmente para tratar problemas digestivos como indigesti\u00f3n, estre\u00f1imiento e hinchaz\u00f3n. Tambi\u00e9n se cree que tiene propiedades antiinflamatorias, lo que lo hace \u00fatil para tratar el dolor de las articulaciones y la artritis. Adem\u00e1s, a veces se usa para tratar problemas menstruales como calambres menstruales y per\u00edodos irregulares. Es importante consultar a un m\u00e9dico antes de usar Ajmodadi Churna con fines m\u00e9dicos, ya que existe evidencia cient\u00edfica limitada que respalde su seguridad y eficacia.<\/p>\n<p style=\"font-weight: 400;\">\n<p style=\"font-weight: 400;\">Esta Churna se utiliza en el tratamiento de enfermedades articulares como el reumatismo, la osteoartritis, etc. Ajmodadi Churna alivia la tos. Este polvo es carminativo, antiem\u00e9tico y termog\u00e9nico. Este polvo es desobstruyente y resolutivo y se administra en casos de bronquitis, tos y asma. Ajmodadi Churna tambi\u00e9n se utiliza en el tratamiento de enfermedades del sistema digestivo, respiratorio, urinario y circulatorio.<\/p>\n<p style=\"font-weight: 400;\">\n<p style=\"font-weight: 400;\">Dosis: Ajmodadi Churna debe utilizarse seg\u00fan las indicaciones del m\u00e9dico.<\/p>\n","protected":false},"excerpt":{"rendered":"<p>Este tipo de Churna es una medicina ayurv\u00e9dica a base de m\u00faltiples hierbas. La Churna Ajmodadi se utiliza como carminativo y antiespasm\u00f3dico. La Churna Ajmodadi contiene un fuerte ajenjo que ayuda en todas las afecciones dolorosas como la ci\u00e1tica y la rigidez de la espalda y restablece las funciones digestivas normales.<\/p>\n","protected":false},"featured_media":6814,"comment_status":"open","ping_status":"closed","template":"","meta":[],"product_brand":[],"product_cat":[200,252,251,195],"product_tag":[],"class_list":{"0":"post-6821","1":"product","2":"type-product","3":"status-publish","4":"has-post-thumbnail","6":"product_cat-marca","7":"product_cat-neel-ayurvedics","8":"product_cat-neel-ayurvedics-mezclas-herbales","9":"product_cat-productos-ayurvedicos","11":"first","12":"instock","13":"shipping-taxable","14":"purchasable","15":"product-type-variable"},"_links":{"self":[{"href":"https:\/\/neelayurvedics.es\/index.php?rest_route=\/wp\/v2\/product\/6821","targetHints":{"allow":["GET"]}}],"collection":[{"href":"https:\/\/neelayurvedics.es\/index.php?rest_route=\/wp\/v2\/product"}],"about":[{"href":"https:\/\/neelayurvedics.es\/index.php?rest_route=\/wp\/v2\/types\/product"}],"replies":[{"embeddable":true,"href":"https:\/\/neelayurvedics.es\/index.php?rest_route=%2Fwp%2Fv2%2Fcomments&post=6821"}],"wp:featuredmedia":[{"embeddable":true,"href":"https:\/\/neelayurvedics.es\/index.php?rest_route=\/wp\/v2\/media\/6814"}],"wp:attachment":[{"href":"https:\/\/neelayurvedics.es\/index.php?rest_route=%2Fwp%2Fv2%2Fmedia&parent=6821"}],"wp:term":[{"taxonomy":"product_brand","embeddable":true,"href":"https:\/\/neelayurvedics.es\/index.php?rest_route=%2Fwp%2Fv2%2Fproduct_brand&post=6821"},{"taxonomy":"product_cat","embeddable":true,"href":"https:\/\/neelayurvedics.es\/index.php?rest_route=%2Fwp%2Fv2%2Fproduct_cat&post=6821"},{"taxonomy":"product_tag","embeddable":true,"href":"https:\/\/neelayurvedics.es\/index.php?rest_route=%2Fwp%2Fv2%2Fproduct_tag&post=6821"}],"curies":[{"name":"wp","href":"https:\/\/api.w.org\/{rel}","templated":true}]}}