{"id":6827,"date":"2025-01-08T06:08:41","date_gmt":"2025-01-08T06:08:41","guid":{"rendered":"https:\/\/neelayurvedics.es\/?post_type=product&#038;p=6827"},"modified":"2025-12-01T10:46:06","modified_gmt":"2025-12-01T10:46:06","slug":"neel-ayurvedics-avipattikar-polvo","status":"publish","type":"product","link":"https:\/\/neelayurvedics.es\/?product=neel-ayurvedics-avipattikar-polvo","title":{"rendered":"Neel Ayurvedics Avipattikar Polvo | Avipattikar Churna | Lo mejor para la acidez, la indigesti\u00f3n y la gastritis"},"content":{"rendered":"<div id=\"nasa-section-accordion-description\" class=\"hidden-tag nasa-panel nasa-content-panel nasa-sp-panel nasa-content-description active first\">\n<p>Avipattikar Churna de Neel Ayurvedics es una soluci\u00f3n natural para una variedad de problemas digestivos, como la indigesti\u00f3n y la acidez. Esta poderosa mezcla de hierbas puras y potentes ayuda a promover una digesti\u00f3n saludable y el bienestar general.<\/p>\n<p>La indigesti\u00f3n y la acidez son problemas comunes que pueden ser causados \u200b\u200bpor diversos factores, incluidos los malos h\u00e1bitos alimenticios, el estr\u00e9s y ciertas afecciones m\u00e9dicas. Avipattikar Churna de Neel Ayurvedics est\u00e1 formulado para abordar estos problemas al brindar alivio natural y promover una digesti\u00f3n saludable.<\/p>\n<p>Elaborado con hierbas puras y potentes, como amla, haritaki y nagarmotha, este polvo es un remedio natural que se ha utilizado en la medicina ayurv\u00e9dica durante siglos. Estas hierbas act\u00faan en conjunto para favorecer una digesti\u00f3n saludable, reducir la acidez y promover el bienestar general.<\/p>\n<p>Adem\u00e1s, est\u00e1 libre de qu\u00edmicos y aditivos da\u00f1inos, lo que lo convierte en una opci\u00f3n segura y efectiva para quienes buscan una soluci\u00f3n natural a los problemas digestivos.<\/p>\n<p>En resumen, si buscas un remedio natural para los problemas digestivos, Avipattikar Powder de Neel Ayurvedics es una excelente opci\u00f3n. Elaborado con hierbas puras y potentes, este polvo promueve una digesti\u00f3n saludable y el bienestar general, ayud\u00e1ndote a sentirte lo mejor posible.<\/p>\n<p><strong>Ingredientes:<\/strong><\/p>\n<p>Pippali<br \/>\nSonth<br \/>\nMarich<br \/>\nAmla<br \/>\nHaritaki<br \/>\nBibhitaki<br \/>\nNagarmotha<br \/>\nVida lavana (Sal)<br \/>\nVaividang<br \/>\nChoti Elaichi<br \/>\nTejpatra<br \/>\nLavang<br \/>\nNishoth<br \/>\nSharkra<\/p>\n<p>Dosificaci\u00f3n:<\/p>\n<p>Tomar 2-5 g dos veces al d\u00eda despu\u00e9s de las comidas con agua o seg\u00fan lo indique el m\u00e9dico.<\/p>\n<\/div>\n","protected":false},"excerpt":{"rendered":"<p>Avipattikar Churna de Neel Ayurvedics est\u00e1 elaborado con especias digestivas, hierbas calmantes y un toque de dulzura natural de az\u00facar de ca\u00f1a. Esta f\u00f3rmula tradicional promueve el equilibrio y el confort para el est\u00f3mago y el sistema digestivo. Es una opci\u00f3n ideal para personas que experimentan con frecuencia sensaciones de calor o ardor durante o despu\u00e9s de las comidas.<\/p>\n","protected":false},"featured_media":17361,"comment_status":"open","ping_status":"closed","template":"","meta":[],"product_brand":[],"product_cat":[200,252,251,195],"product_tag":[],"class_list":{"0":"post-6827","1":"product","2":"type-product","3":"status-publish","4":"has-post-thumbnail","6":"product_cat-marca","7":"product_cat-neel-ayurvedics","8":"product_cat-neel-ayurvedics-mezclas-herbales","9":"product_cat-productos-ayurvedicos","11":"first","12":"instock","13":"shipping-taxable","14":"purchasable","15":"product-type-variable"},"_links":{"self":[{"href":"https:\/\/neelayurvedics.es\/index.php?rest_route=\/wp\/v2\/product\/6827","targetHints":{"allow":["GET"]}}],"collection":[{"href":"https:\/\/neelayurvedics.es\/index.php?rest_route=\/wp\/v2\/product"}],"about":[{"href":"https:\/\/neelayurvedics.es\/index.php?rest_route=\/wp\/v2\/types\/product"}],"replies":[{"embeddable":true,"href":"https:\/\/neelayurvedics.es\/index.php?rest_route=%2Fwp%2Fv2%2Fcomments&post=6827"}],"wp:featuredmedia":[{"embeddable":true,"href":"https:\/\/neelayurvedics.es\/index.php?rest_route=\/wp\/v2\/media\/17361"}],"wp:attachment":[{"href":"https:\/\/neelayurvedics.es\/index.php?rest_route=%2Fwp%2Fv2%2Fmedia&parent=6827"}],"wp:term":[{"taxonomy":"product_brand","embeddable":true,"href":"https:\/\/neelayurvedics.es\/index.php?rest_route=%2Fwp%2Fv2%2Fproduct_brand&post=6827"},{"taxonomy":"product_cat","embeddable":true,"href":"https:\/\/neelayurvedics.es\/index.php?rest_route=%2Fwp%2Fv2%2Fproduct_cat&post=6827"},{"taxonomy":"product_tag","embeddable":true,"href":"https:\/\/neelayurvedics.es\/index.php?rest_route=%2Fwp%2Fv2%2Fproduct_tag&post=6827"}],"curies":[{"name":"wp","href":"https:\/\/api.w.org\/{rel}","templated":true}]}}