{"id":6873,"date":"2025-01-08T07:35:41","date_gmt":"2025-01-08T07:35:41","guid":{"rendered":"https:\/\/neelayurvedics.es\/?post_type=product&#038;p=6873"},"modified":"2025-01-13T07:47:18","modified_gmt":"2025-01-13T07:47:18","slug":"neel-ayurvedics-rasayan-churna","status":"publish","type":"product","link":"https:\/\/neelayurvedics.es\/?product=neel-ayurvedics-rasayan-churna","title":{"rendered":"Neel Ayurvedics Rasayan Churna | Polvo Rasayan | Trastornos urinarios e inmunidad"},"content":{"rendered":"<p>Rasayan Churna se considera el mejor rejuvenecedor en Ayurveda. Ayuda a reducir los factores de riesgo de trastornos card\u00edacos y renales, promueve la eliminaci\u00f3n de toxinas a trav\u00e9s del sistema urinario y fortalece el mecanismo de defensa interno del cuerpo.<\/p>\n<h2>Ingredientes del polvo Rasayan:<\/h2>\n<p>&nbsp;<\/p>\n<p>Rasayan Churna contiene Amla, Giloy y Gokharu en proporciones iguales como sus ingredientes principales.<\/p>\n<ol>\n<li><strong><a href=\"https:\/\/www.neelayurvedics.com\/product\/amla-powder\/\" target=\"_blank\" rel=\"noopener\">Amla<\/a>\u00a0:<\/strong>\u00a0es rica en vitamina C y antioxidantes, lo que ayuda a combatir los radicales libres y favorece la salud celular. Tambi\u00e9n favorece la funci\u00f3n digestiva, alivia la acidez y favorece la absorci\u00f3n de nutrientes. La amla fortalece el sistema inmunol\u00f3gico en general, lo que promueve el bienestar y la vitalidad.<\/li>\n<li><strong><a href=\"https:\/\/www.neelayurvedics.com\/product\/giloy-powder\/\" target=\"_blank\" rel=\"noopener\">Giloy<\/a>\u00a0:<\/strong>\u00a0Es conocido por sus propiedades que estimulan el sistema inmunol\u00f3gico y mejoran los mecanismos de defensa del cuerpo. Favorece los procesos de desintoxicaci\u00f3n, purifica la sangre y ayuda a eliminar toxinas del cuerpo.<\/li>\n<li><strong>Gokharu:<\/strong>\u00a0favorece la salud del sistema urinario y ayuda a mantener un flujo urinario normal. Tambi\u00e9n mantiene la salud reproductiva tanto en hombres como en mujeres.<\/li>\n<\/ol>\n<h2><strong>Beneficios del Rasayan Churna:<\/strong><\/h2>\n<p>&nbsp;<\/p>\n<p>&nbsp;<\/p>\n<ol>\n<li><strong>Desintoxicaci\u00f3n natural:<\/strong>\u00a0apoya el proceso de desintoxicaci\u00f3n natural del cuerpo, ayudando a eliminar toxinas acumuladas y promoviendo el bienestar general.<\/li>\n<li><strong>Rejuvenecimiento:<\/strong>\u00a0mejora la vitalidad y rejuvenece el cuerpo, proporcionando un impulso hol\u00edstico a los niveles de energ\u00eda y apoyando una salud \u00f3ptima.<\/li>\n<li><strong>Refuerzo antioxidante:<\/strong>\u00a0rico en antioxidantes naturales, esta churna contribuye a la salud celular al combatir el estr\u00e9s oxidativo, que es crucial para mantener el bienestar general.<\/li>\n<li><strong>Refuerzo del sistema inmunol\u00f3gico:<\/strong>\u00a0la combinaci\u00f3n Rasayan es reconocida por sus propiedades de refuerzo inmunol\u00f3gico, fortaleciendo las defensas del organismo contra infecciones y enfermedades.<\/li>\n<li><strong>Mejora la digesti\u00f3n:<\/strong>\u00a0promueve una digesti\u00f3n saludable al apoyar el sistema digestivo. Ayuda a reducir problemas digestivos comunes como el estre\u00f1imiento, la hinchaz\u00f3n y los gases, lo que garantiza una funci\u00f3n digestiva \u00f3ptima.<\/li>\n<li><strong>Mayores niveles de energ\u00eda:<\/strong>\u00a0Los ingredientes naturales de Neel Ayurvedics Rasayan Churna trabajan sin\u00e9rgicamente para aumentar los niveles de energ\u00eda y aliviar la fatiga, fomentando un mayor estado de alerta y productividad durante todo el d\u00eda.<\/li>\n<li><strong>Distorsi\u00f3n Urinaria:<\/strong>\u00a0La formulaci\u00f3n aborda las distorsiones urinarias, promoviendo la salud urinaria y asegurando el correcto funcionamiento del sistema urinario.<\/li>\n<li><strong>Efectos antienvejecimiento:<\/strong>\u00a0el polvo Rasayan de Neel Ayurvedics tiene efectos antienvejecimiento al contribuir al bienestar y la vitalidad general. La potente combinaci\u00f3n de hierbas ayuda al cuerpo a resistir los efectos del envejecimiento, promoviendo un estilo de vida m\u00e1s joven y en\u00e9rgico.<\/li>\n<li><\/li>\n<\/ol>\n<p>En general, Neel Ayurvedics Rasayan Powder es una forma natural y eficaz de apoyar su salud y bienestar general.<\/p>\n<h2>Dosis de Rasayan Churna:<\/h2>\n<p>2 a 5 g dos veces al d\u00eda con agua o seg\u00fan lo indique el m\u00e9dico.<\/p>\n<h2>Instrucciones de almacenamiento:<\/h2>\n<p>\u2013 Conservar en un lugar fresco, seco y oscuro<br \/>\n\u2013 Proteger de la luz solar directa<br \/>\n\u2013 Conservar en el embalaje original para protegerlo de la humedad<\/p>\n<h2>Informaci\u00f3n de seguridad:<\/h2>\n<p>\u2013 No exceder la dosis recomendada<br \/>\n\u2013 Evitar el consumo de alcohol y fumar<\/p>\n","protected":false},"excerpt":{"rendered":"<p>El polvo Rasayan de Neel Ayurvedics est\u00e1 elaborado a partir de una mezcla armoniosa de hierbas ayurv\u00e9dicas. Este polvo est\u00e1 dise\u00f1ado para rejuvenecer el cuerpo y promover el bienestar general. Rico en antioxidantes naturales, el polvo Rasayan ayuda a desintoxicar el cuerpo, eliminar toxinas y reponer la vitalidad.<\/p>\n","protected":false},"featured_media":6878,"comment_status":"open","ping_status":"closed","template":"","meta":[],"product_brand":[],"product_cat":[200,252,251,195],"product_tag":[],"class_list":{"0":"post-6873","1":"product","2":"type-product","3":"status-publish","4":"has-post-thumbnail","6":"product_cat-marca","7":"product_cat-neel-ayurvedics","8":"product_cat-neel-ayurvedics-mezclas-herbales","9":"product_cat-productos-ayurvedicos","11":"first","12":"instock","13":"shipping-taxable","14":"purchasable","15":"product-type-variable"},"_links":{"self":[{"href":"https:\/\/neelayurvedics.es\/index.php?rest_route=\/wp\/v2\/product\/6873","targetHints":{"allow":["GET"]}}],"collection":[{"href":"https:\/\/neelayurvedics.es\/index.php?rest_route=\/wp\/v2\/product"}],"about":[{"href":"https:\/\/neelayurvedics.es\/index.php?rest_route=\/wp\/v2\/types\/product"}],"replies":[{"embeddable":true,"href":"https:\/\/neelayurvedics.es\/index.php?rest_route=%2Fwp%2Fv2%2Fcomments&post=6873"}],"wp:featuredmedia":[{"embeddable":true,"href":"https:\/\/neelayurvedics.es\/index.php?rest_route=\/wp\/v2\/media\/6878"}],"wp:attachment":[{"href":"https:\/\/neelayurvedics.es\/index.php?rest_route=%2Fwp%2Fv2%2Fmedia&parent=6873"}],"wp:term":[{"taxonomy":"product_brand","embeddable":true,"href":"https:\/\/neelayurvedics.es\/index.php?rest_route=%2Fwp%2Fv2%2Fproduct_brand&post=6873"},{"taxonomy":"product_cat","embeddable":true,"href":"https:\/\/neelayurvedics.es\/index.php?rest_route=%2Fwp%2Fv2%2Fproduct_cat&post=6873"},{"taxonomy":"product_tag","embeddable":true,"href":"https:\/\/neelayurvedics.es\/index.php?rest_route=%2Fwp%2Fv2%2Fproduct_tag&post=6873"}],"curies":[{"name":"wp","href":"https:\/\/api.w.org\/{rel}","templated":true}]}}