{"id":6917,"date":"2025-01-09T05:27:45","date_gmt":"2025-01-09T05:27:45","guid":{"rendered":"https:\/\/neelayurvedics.es\/?post_type=product&#038;p=6917"},"modified":"2025-09-25T13:53:19","modified_gmt":"2025-09-25T13:53:19","slug":"neel-ayurvedics-ajwain-en-polvo","status":"publish","type":"product","link":"https:\/\/neelayurvedics.es\/?product=neel-ayurvedics-ajwain-en-polvo","title":{"rendered":"Neel Ayurvedics Polvo de Ajwain | Polvo de semillas de carambola | Trachyspermum ammi: lo mejor para la digesti\u00f3n"},"content":{"rendered":"<div id=\"nasa-single-product-tabs\" class=\"product-details\">\n<div class=\"nasa-tabs-content woocommerce-tabs\">\n<div class=\"nasa-panels nasa-desc-wrap\">\n<div id=\"nasa-tab-description\" class=\"nasa-panel nasa-content-description active\">\n<div class=\"row\">\n<div class=\"large-12 columns nasa-content-panel\">\n<p>El polvo de ajwain de Neel Ayurvedics, tambi\u00e9n conocido como semillas de carambola, es un polvo a base de hierbas que se utiliza en la medicina tradicional india para los siguientes prop\u00f3sitos:<\/p>\n<ul>\n<li><strong>Problemas digestivos:<\/strong>\u00a0El polvo de ajmo se usa com\u00fanmente para tratar problemas como indigesti\u00f3n, hinchaz\u00f3n y dolor abdominal. Estimula la producci\u00f3n de enzimas digestivas, lo que ayuda a mejorar la digesti\u00f3n y aliviar el malestar.<\/li>\n<li><strong>Problemas respiratorios:<\/strong>\u00a0Posee propiedades antimicrobianas, por lo que es beneficioso para tratar problemas respiratorios como tos, resfriado y bronquitis.<\/li>\n<li><strong>Alivio del dolor:<\/strong>\u00a0el polvo de ajwain es conocido por sus posibles propiedades analg\u00e9sicas, lo que lo hace adecuado para aliviar dolores de cabeza, dolores de muelas y dolores en las articulaciones.<\/li>\n<li><strong>Mejora la salud cardiovascular:<\/strong>\u00a0el polvo de ajwain es reconocido por sus propiedades para reducir el colesterol, lo que contribuye a mejorar la salud cardiovascular.<\/li>\n<\/ul>\n<\/div>\n<\/div>\n<\/div>\n<\/div>\n<\/div>\n<\/div>\n","protected":false},"excerpt":{"rendered":"<p>El polvo de ajwain de Neel Ayurvedics es un tipo de polvo de hierbas elaborado a partir de semillas de algarroba secas. Se utiliza com\u00fanmente en la medicina tradicional india para problemas digestivos, problemas respiratorios, alivio del dolor y mejora de la salud cardiovascular. Sin embargo, existe evidencia cient\u00edfica limitada que respalde estos usos y se recomienda consultar con un m\u00e9dico antes de usar el polvo de semillas de algarroba con fines m\u00e9dicos.<\/p>\n","protected":false},"featured_media":17052,"comment_status":"open","ping_status":"closed","template":"","meta":[],"product_brand":[],"product_cat":[200,252,249,195],"product_tag":[],"class_list":{"0":"post-6917","1":"product","2":"type-product","3":"status-publish","4":"has-post-thumbnail","6":"product_cat-marca","7":"product_cat-neel-ayurvedics","8":"product_cat-neel-ayurvedics-polvos-herbales","9":"product_cat-productos-ayurvedicos","11":"first","12":"instock","13":"shipping-taxable","14":"purchasable","15":"product-type-variable"},"_links":{"self":[{"href":"https:\/\/neelayurvedics.es\/index.php?rest_route=\/wp\/v2\/product\/6917","targetHints":{"allow":["GET"]}}],"collection":[{"href":"https:\/\/neelayurvedics.es\/index.php?rest_route=\/wp\/v2\/product"}],"about":[{"href":"https:\/\/neelayurvedics.es\/index.php?rest_route=\/wp\/v2\/types\/product"}],"replies":[{"embeddable":true,"href":"https:\/\/neelayurvedics.es\/index.php?rest_route=%2Fwp%2Fv2%2Fcomments&post=6917"}],"wp:featuredmedia":[{"embeddable":true,"href":"https:\/\/neelayurvedics.es\/index.php?rest_route=\/wp\/v2\/media\/17052"}],"wp:attachment":[{"href":"https:\/\/neelayurvedics.es\/index.php?rest_route=%2Fwp%2Fv2%2Fmedia&parent=6917"}],"wp:term":[{"taxonomy":"product_brand","embeddable":true,"href":"https:\/\/neelayurvedics.es\/index.php?rest_route=%2Fwp%2Fv2%2Fproduct_brand&post=6917"},{"taxonomy":"product_cat","embeddable":true,"href":"https:\/\/neelayurvedics.es\/index.php?rest_route=%2Fwp%2Fv2%2Fproduct_cat&post=6917"},{"taxonomy":"product_tag","embeddable":true,"href":"https:\/\/neelayurvedics.es\/index.php?rest_route=%2Fwp%2Fv2%2Fproduct_tag&post=6917"}],"curies":[{"name":"wp","href":"https:\/\/api.w.org\/{rel}","templated":true}]}}