{"id":6931,"date":"2025-01-09T05:54:20","date_gmt":"2025-01-09T05:54:20","guid":{"rendered":"https:\/\/neelayurvedics.es\/?post_type=product&#038;p=6931"},"modified":"2025-12-01T08:38:08","modified_gmt":"2025-12-01T08:38:08","slug":"neel-ayurvedics-amba-haldi","status":"publish","type":"product","link":"https:\/\/neelayurvedics.es\/?product=neel-ayurvedics-amba-haldi","title":{"rendered":"Neel Ayurvedics Amba Haldi | Kasturi haldi | C\u00farcuma amada | Polvo de c\u00farcuma silvestre"},"content":{"rendered":"<p>\u201cNeel Ayurvedics presenta Amba Haldi Powder, una delicia culinaria y un tesoro medicinal que crece en el \u00e1rbol del mango. Con un sabor m\u00e1s suave y dulce que la c\u00farcuma tradicional, realza el sabor de los platos indios. Esta especia vers\u00e1til tambi\u00e9n es venerada en la medicina ayurv\u00e9dica por sus propiedades antiinflamatorias, antibacterianas y antioxidantes.<\/p>\n<h4><strong>Delicia culinaria:<\/strong><\/h4>\n<ol>\n<li><strong>Sabor distintivo:<\/strong>\u00a0Mejore sus creaciones culinarias con el sabor suave y dulce de Amba Haldi, perfecto para curries, guisos y sopas.<\/li>\n<li><strong>Colorante natural:<\/strong>\u00a0agregue vitalidad a sus platos con Amba Haldi, un popular colorante alimentario natural para lograr ese cautivador tono amarillo o naranja.<\/li>\n<\/ol>\n<h4><strong>Maravilla medicinal:<\/strong><\/h4>\n<ol>\n<li><strong>Poder antiinflamatorio:<\/strong>\u00a0aproveche la destreza antiinflamatoria de Amba Haldi, un actor clave en la medicina ayurv\u00e9dica para abordar diversos problemas de salud.<\/li>\n<li><strong>Defensor antibacteriano:<\/strong>\u00a0refuerce su salud con la fuerza antibacteriana de Amba Haldi, contribuyendo al bienestar general.<\/li>\n<li><strong>Armon\u00eda digestiva:<\/strong>\u00a0apoya la salud digestiva y la asimilaci\u00f3n de nutrientes con las reconocidas propiedades de Amba Haldi.<\/li>\n<li><strong>Refuerzo del sistema inmunol\u00f3gico:<\/strong>\u00a0fortalezca naturalmente su sistema inmunol\u00f3gico con las propiedades estimulantes del sistema inmunol\u00f3gico de Amba Haldi.<\/li>\n<li><strong>Bienestar de la piel:<\/strong>\u00a0experimente los beneficios para la piel con Amba Haldi Powder, a menudo utilizado en productos de belleza por sus efectos antiinflamatorios.<\/li>\n<\/ol>\n<h4><strong>Dosificaci\u00f3n:<\/strong><\/h4>\n<p>El polvo de Amba Haldi de Neel Ayurvedics se puede conseguir f\u00e1cilmente en las tiendas de especias y ofrece opciones tanto en forma de ra\u00edz entera como en polvo. Siga el consejo de su profesional de la salud para obtener la dosis \u00f3ptima y gu\u00e1rdelo en un recipiente herm\u00e9tico en un lugar fresco y seco para preservar su potencia.<\/p>\n","protected":false},"excerpt":{"rendered":"<p>Descubra las maravillas culinarias y los beneficios medicinales del polvo Amba Haldi de Neel Ayurvedics. Descubra su sabor \u00fanico, sus propiedades antiinflamatorias y su potencial para reforzar el sistema inmunol\u00f3gico. Mejore su bienestar con esta especia vers\u00e1til.<\/p>\n","protected":false},"featured_media":17064,"comment_status":"open","ping_status":"closed","template":"","meta":[],"product_brand":[],"product_cat":[200,252,249,195],"product_tag":[],"class_list":{"0":"post-6931","1":"product","2":"type-product","3":"status-publish","4":"has-post-thumbnail","6":"product_cat-marca","7":"product_cat-neel-ayurvedics","8":"product_cat-neel-ayurvedics-polvos-herbales","9":"product_cat-productos-ayurvedicos","11":"first","12":"instock","13":"shipping-taxable","14":"purchasable","15":"product-type-variable"},"_links":{"self":[{"href":"https:\/\/neelayurvedics.es\/index.php?rest_route=\/wp\/v2\/product\/6931","targetHints":{"allow":["GET"]}}],"collection":[{"href":"https:\/\/neelayurvedics.es\/index.php?rest_route=\/wp\/v2\/product"}],"about":[{"href":"https:\/\/neelayurvedics.es\/index.php?rest_route=\/wp\/v2\/types\/product"}],"replies":[{"embeddable":true,"href":"https:\/\/neelayurvedics.es\/index.php?rest_route=%2Fwp%2Fv2%2Fcomments&post=6931"}],"wp:featuredmedia":[{"embeddable":true,"href":"https:\/\/neelayurvedics.es\/index.php?rest_route=\/wp\/v2\/media\/17064"}],"wp:attachment":[{"href":"https:\/\/neelayurvedics.es\/index.php?rest_route=%2Fwp%2Fv2%2Fmedia&parent=6931"}],"wp:term":[{"taxonomy":"product_brand","embeddable":true,"href":"https:\/\/neelayurvedics.es\/index.php?rest_route=%2Fwp%2Fv2%2Fproduct_brand&post=6931"},{"taxonomy":"product_cat","embeddable":true,"href":"https:\/\/neelayurvedics.es\/index.php?rest_route=%2Fwp%2Fv2%2Fproduct_cat&post=6931"},{"taxonomy":"product_tag","embeddable":true,"href":"https:\/\/neelayurvedics.es\/index.php?rest_route=%2Fwp%2Fv2%2Fproduct_tag&post=6931"}],"curies":[{"name":"wp","href":"https:\/\/api.w.org\/{rel}","templated":true}]}}