{"id":6940,"date":"2025-01-10T06:15:01","date_gmt":"2025-01-10T06:15:01","guid":{"rendered":"https:\/\/neelayurvedics.es\/?post_type=product&#038;p=6940"},"modified":"2025-12-04T07:05:49","modified_gmt":"2025-12-04T07:05:49","slug":"neel-ayurvedics-amchoor","status":"publish","type":"product","link":"https:\/\/neelayurvedics.es\/?product=neel-ayurvedics-amchoor","title":{"rendered":"Neel Ayurvedics Amchoor | Mango Seco | Amchur | Polvo de mango seco"},"content":{"rendered":"<p>Neel Ayurvedics presenta Amchoor Powder, una especia vers\u00e1til que trasciende los l\u00edmites culinarios y ofrece una variedad de beneficios para la salud. Nuestro Amchoor Powder, cuidadosamente elaborado, est\u00e1 dise\u00f1ado para ser su compa\u00f1ero natural para el bienestar, ya que brinda apoyo para la p\u00e9rdida de peso, la mejora de la visi\u00f3n, la protecci\u00f3n contra el c\u00e1ncer y la salud card\u00edaca.<\/p>\n<h3><strong>Beneficios clave para el bienestar:<\/strong><\/h3>\n<ol>\n<li><strong>Apoyo para la p\u00e9rdida de peso:<\/strong>\u00a0experimente asistencia natural en el control de peso con el polvo Amchoor de Neel Ayurvedics.<\/li>\n<li><strong>Mejora de la visi\u00f3n:<\/strong>\u00a0Mejore la vista de forma natural con las propiedades que mejoran la visi\u00f3n del polvo de Amchoor.<\/li>\n<li><strong>Protecci\u00f3n contra el c\u00e1ncer:<\/strong>\u00a0aproveche el poder protector contra el c\u00e1ncer con el polvo Amchoor de Neel Ayurvedics.<\/li>\n<li><strong>Guardi\u00e1n de la salud del coraz\u00f3n:<\/strong>\u00a0fortalezca la salud del coraz\u00f3n con los beneficios protectores del polvo de amchoor.<\/li>\n<li><strong>Combate la acidez:<\/strong>\u00a0combate la acidez y promueve el equilibrio digestivo con las propiedades calmantes del polvo Amchoor de Neel Ayurvedics.<\/li>\n<li><strong>Aliado de la desintoxicaci\u00f3n:<\/strong>\u00a0Libere su cuerpo de toxinas da\u00f1inas y apoye la desintoxicaci\u00f3n con Amchoor Powder.<\/li>\n<li><strong>Acelerador del metabolismo:<\/strong>\u00a0aumente el metabolismo y mant\u00e9ngase en forma sin esfuerzo con el consumo regular de Neel Ayurvedics Amchoor Powder.<\/li>\n<li><strong>Mejora la salud cardiovascular:<\/strong>\u00a0mejore la salud cardiovascular con las cualidades beneficiosas para el coraz\u00f3n del polvo de Amchoor.<\/li>\n<li><strong>Propiedades digestivas y antibacterianas:<\/strong>\u00a0Con ra\u00edces en la medicina tradicional india, el polvo de Amchoor ayuda a la digesti\u00f3n y neutraliza las bacterias da\u00f1inas en el intestino.<\/li>\n<li><strong>Equilibrio hormonal y mejora de la vista:<\/strong>\u00a0Apoye el equilibrio hormonal y mejore la vista con el consumo regular de Neel Ayurvedics Amchoor Powder.<\/li>\n<\/ol>\n<h4><strong>Dosificaci\u00f3n:<\/strong><\/h4>\n<p>Mezcle 2 cucharadas de harina de garbanzo con un poco de agua y polvo de Amchoor, luego t\u00f3melo con la comida para obtener beneficios \u00f3ptimos.<\/p>\n","protected":false},"excerpt":{"rendered":"<p>El polvo de amchoor tambi\u00e9n se llama polvo de mango seco. El polvo de amchoor es un polvo de especias elaborado a partir de mango verde crudo y seco. El polvo de amchoor suele ser de color verde brillante, pero algunos polvos de amchoor pueden ser marrones. El polvo de amchoor se utiliza como condimento c\u00edtrico. El polvo de mango seco mejora la digesti\u00f3n. Adem\u00e1s, combate la acidez.<\/p>\n","protected":false},"featured_media":17202,"comment_status":"open","ping_status":"closed","template":"","meta":[],"product_brand":[],"product_cat":[200,252,249,195],"product_tag":[],"class_list":{"0":"post-6940","1":"product","2":"type-product","3":"status-publish","4":"has-post-thumbnail","6":"product_cat-marca","7":"product_cat-neel-ayurvedics","8":"product_cat-neel-ayurvedics-polvos-herbales","9":"product_cat-productos-ayurvedicos","11":"first","12":"instock","13":"shipping-taxable","14":"purchasable","15":"product-type-variable"},"_links":{"self":[{"href":"https:\/\/neelayurvedics.es\/index.php?rest_route=\/wp\/v2\/product\/6940","targetHints":{"allow":["GET"]}}],"collection":[{"href":"https:\/\/neelayurvedics.es\/index.php?rest_route=\/wp\/v2\/product"}],"about":[{"href":"https:\/\/neelayurvedics.es\/index.php?rest_route=\/wp\/v2\/types\/product"}],"replies":[{"embeddable":true,"href":"https:\/\/neelayurvedics.es\/index.php?rest_route=%2Fwp%2Fv2%2Fcomments&post=6940"}],"wp:featuredmedia":[{"embeddable":true,"href":"https:\/\/neelayurvedics.es\/index.php?rest_route=\/wp\/v2\/media\/17202"}],"wp:attachment":[{"href":"https:\/\/neelayurvedics.es\/index.php?rest_route=%2Fwp%2Fv2%2Fmedia&parent=6940"}],"wp:term":[{"taxonomy":"product_brand","embeddable":true,"href":"https:\/\/neelayurvedics.es\/index.php?rest_route=%2Fwp%2Fv2%2Fproduct_brand&post=6940"},{"taxonomy":"product_cat","embeddable":true,"href":"https:\/\/neelayurvedics.es\/index.php?rest_route=%2Fwp%2Fv2%2Fproduct_cat&post=6940"},{"taxonomy":"product_tag","embeddable":true,"href":"https:\/\/neelayurvedics.es\/index.php?rest_route=%2Fwp%2Fv2%2Fproduct_tag&post=6940"}],"curies":[{"name":"wp","href":"https:\/\/api.w.org\/{rel}","templated":true}]}}