{"id":6953,"date":"2025-01-09T06:33:43","date_gmt":"2025-01-09T06:33:43","guid":{"rendered":"https:\/\/neelayurvedics.es\/?post_type=product&#038;p=6953"},"modified":"2025-12-01T08:53:36","modified_gmt":"2025-12-01T08:53:36","slug":"neel-ayurvedics-polvo-de-amla","status":"publish","type":"product","link":"https:\/\/neelayurvedics.es\/?product=neel-ayurvedics-polvo-de-amla","title":{"rendered":"Neel Ayurvedics Polvo de Amla (Emblica officinalis) | Fuente natural de vitamina C | Ayuda a aumentar la inmunidad"},"content":{"rendered":"<p>El polvo de amla de Neel Ayurvedics es muy nutritivo y beneficioso, ya que est\u00e1 elaborado a partir de la fruta seca y molida del \u00e1rbol de grosella espinosa india. El \u00e1rbol de amla, tambi\u00e9n conocido como el \u00e1rbol de la &#8220;grosella espinosa india&#8221;, es originario de la India y se ha utilizado durante siglos en la medicina ayurv\u00e9dica por sus propiedades medicinales. Neel Ayurvedics es una marca ayurv\u00e9dica que ofrece polvo de amla puro, natural y org\u00e1nico para sus clientes.<\/p>\n<p>Uno de los principales beneficios del polvo de amla de Neel Ayurvedics es su alto contenido de vitamina C. La vitamina C es un nutriente esencial que desempe\u00f1a un papel fundamental en el mantenimiento de un sistema inmunol\u00f3gico saludable. Ayuda a proteger el cuerpo contra los resfriados, la gripe y otras infecciones al fortalecer el sistema inmunol\u00f3gico. Adem\u00e1s, el polvo de amla contiene antioxidantes que neutralizan los radicales libres y protegen al cuerpo del da\u00f1o causado por toxinas y contaminantes.<\/p>\n<p>Favorece la digesti\u00f3n y la desintoxicaci\u00f3n. Es un laxante natural, ayudando a promover el tr\u00e1nsito intestinal regular y a prevenir el estre\u00f1imiento. Tambi\u00e9n ayuda a eliminar toxinas del organismo, promoviendo la salud y el bienestar general. Esto lo convierte en un complemento ideal para quienes desean mejorar su digesti\u00f3n y desintoxicar su organismo.<\/p>\n<p>El polvo de amla tambi\u00e9n es beneficioso para mantener la piel, el cabello y los ojos sanos. Los altos niveles de vitamina C en el polvo de amla ayudan a promover la producci\u00f3n de col\u00e1geno, que es esencial para una piel sana. Adem\u00e1s, el polvo de amla ayuda a nutrir y fortalecer el cabello, previniendo la ca\u00edda del cabello y promoviendo su crecimiento. Tambi\u00e9n ayuda a mejorar la visi\u00f3n y reducir el riesgo de enfermedades oculares.<\/p>\n<p>El polvo de amla de Neel Ayurvedics se puede consumir en diversas formas, como c\u00e1psulas, tabletas, jugo y polvo. El polvo se puede consumir mezclando 1 o 2 cucharaditas de polvo con agua o jugo o se puede usar como ingrediente en mascarillas para el cabello, mascarillas faciales y mucho m\u00e1s. Se recomienda consumir el polvo con el est\u00f3mago vac\u00edo para obtener mejores resultados.<\/p>\n<p>El polvo de amla de Neel Ayurvedics es un producto puro, natural y org\u00e1nico sin conservantes ni qu\u00edmicos a\u00f1adidos, lo que lo hace seguro para el consumo. No contiene OGM, gluten y es apto para vegetarianos. Tambi\u00e9n est\u00e1 certificado por las autoridades pertinentes y se prueba en laboratorio para garantizar su calidad y pureza.<\/p>\n<p><strong>Estos son algunos de los beneficios de usar polvo de amla para el cabello:<\/strong><\/p>\n<ol>\n<li>Promueve el crecimiento del cabello: Es rico en minerales y vitaminas que promueven el crecimiento del cabello. Ayuda a fortalecer los fol\u00edculos pilosos y promueve la absorci\u00f3n de nutrientes en el cuero cabelludo.<\/li>\n<li>Reduce la caspa y la picaz\u00f3n: Tiene propiedades antiinflamatorias y antibacterianas que ayudan a reducir la caspa y la picaz\u00f3n.<\/li>\n<li>Promueve el grosor del cabello: Tiene un alto contenido de vitamina C, que ayuda a promover la producci\u00f3n de col\u00e1geno. El col\u00e1geno es esencial para tener un cabello y una piel saludables. Ayuda a fortalecer el cabello y hacerlo m\u00e1s grueso.<\/li>\n<li>Acondiciona el cabello: el polvo de amla es un acondicionador natural que ayuda a nutrir e hidratar el cabello. Ayuda a que el cabello quede suave y brillante.<\/li>\n<li>Previene la ca\u00edda del cabello: el polvo de amla es rico en antioxidantes que ayudan a proteger el cabello del da\u00f1o causado por toxinas y contaminantes. Tambi\u00e9n ayuda a fortalecer el cabello y prevenir la ca\u00edda del cabello.<\/li>\n<\/ol>\n<p>Cuando se usa en combinaci\u00f3n con\u00a0<a href=\"https:\/\/www.neelayurvedics.com\/product\/neel-ayurvedics-aritha-reetha-powder\/\" target=\"_blank\" rel=\"noopener\">el polvo Aritha de Neel Ayurvedics<\/a>\u00a0y\u00a0<a href=\"https:\/\/www.neelayurvedics.com\/product\/neel-ayurvedics-shikakai-powder-shikakai-churna\/\" target=\"_blank\" rel=\"noopener\">el polvo Shikakai de Neel Ayurvedics,<\/a>\u00a0funcionan juntos para limpiar, acondicionar y fortalecer el cabello. Para usarlos juntos, puedes mezclar partes iguales de polvo de amla, polvo de Aritha y polvo de Shikakai con agua o aceite de coco para hacer una pasta. Aplica la pasta en el cabello y el cuero cabelludo y d\u00e9jala actuar durante 30 minutos antes de lavarla con un champ\u00fa suave. Tambi\u00e9n puedes agregar estos polvos a tu champ\u00fa o acondicionador habitual.<\/p>\n","protected":false},"excerpt":{"rendered":"<p>El polvo de amla de Neel Ayurvedics es un poderoso antioxidante, estimulante inmunol\u00f3gico y agente desintoxicante que puede ayudar a promover la salud y el bienestar general. Sus propiedades laxantes naturales lo hacen beneficioso para la digesti\u00f3n y su alto contenido de vitamina C ayuda a mantener la piel, el cabello y los ojos saludables. Es un producto puro, natural y org\u00e1nico apto para todos.<\/p>\n","protected":false},"featured_media":17070,"comment_status":"open","ping_status":"closed","template":"","meta":[],"product_brand":[],"product_cat":[200,252,249,195],"product_tag":[],"class_list":{"0":"post-6953","1":"product","2":"type-product","3":"status-publish","4":"has-post-thumbnail","6":"product_cat-marca","7":"product_cat-neel-ayurvedics","8":"product_cat-neel-ayurvedics-polvos-herbales","9":"product_cat-productos-ayurvedicos","11":"first","12":"instock","13":"shipping-taxable","14":"purchasable","15":"product-type-variable"},"_links":{"self":[{"href":"https:\/\/neelayurvedics.es\/index.php?rest_route=\/wp\/v2\/product\/6953","targetHints":{"allow":["GET"]}}],"collection":[{"href":"https:\/\/neelayurvedics.es\/index.php?rest_route=\/wp\/v2\/product"}],"about":[{"href":"https:\/\/neelayurvedics.es\/index.php?rest_route=\/wp\/v2\/types\/product"}],"replies":[{"embeddable":true,"href":"https:\/\/neelayurvedics.es\/index.php?rest_route=%2Fwp%2Fv2%2Fcomments&post=6953"}],"wp:featuredmedia":[{"embeddable":true,"href":"https:\/\/neelayurvedics.es\/index.php?rest_route=\/wp\/v2\/media\/17070"}],"wp:attachment":[{"href":"https:\/\/neelayurvedics.es\/index.php?rest_route=%2Fwp%2Fv2%2Fmedia&parent=6953"}],"wp:term":[{"taxonomy":"product_brand","embeddable":true,"href":"https:\/\/neelayurvedics.es\/index.php?rest_route=%2Fwp%2Fv2%2Fproduct_brand&post=6953"},{"taxonomy":"product_cat","embeddable":true,"href":"https:\/\/neelayurvedics.es\/index.php?rest_route=%2Fwp%2Fv2%2Fproduct_cat&post=6953"},{"taxonomy":"product_tag","embeddable":true,"href":"https:\/\/neelayurvedics.es\/index.php?rest_route=%2Fwp%2Fv2%2Fproduct_tag&post=6953"}],"curies":[{"name":"wp","href":"https:\/\/api.w.org\/{rel}","templated":true}]}}