{"id":6960,"date":"2025-01-09T11:02:13","date_gmt":"2025-01-09T11:02:13","guid":{"rendered":"https:\/\/neelayurvedics.es\/?post_type=product&#038;p=6960"},"modified":"2025-09-25T13:59:27","modified_gmt":"2025-09-25T13:59:27","slug":"neel-ayurvedics-anantmool","status":"publish","type":"product","link":"https:\/\/neelayurvedics.es\/?product=neel-ayurvedics-anantmool","title":{"rendered":"Neel Ayurvedics Anantmool | Polvo de Hemidesmus Indicus: ideal para enfermedades de la piel"},"content":{"rendered":"<p>Otros nombres:<\/p>\n<p>Ra\u00edz de Anantmula, Sariva, Zarzaparrilla India, Nannari, Anantamula, DumBel.<\/p>\n<p>El polvo de anantmool de Neel Ayurvedics es un remedio a base de hierbas con una rica historia en la medicina tradicional, reconocido por sus diversos beneficios para la salud. Este polvo se utiliza para protegerse contra diversas dolencias, incluidas enfermedades de la piel, trastornos sangu\u00edneos, tos, fiebre, anorexia, asma, sarna y lepra; es un complemento vers\u00e1til para el bienestar hol\u00edstico.<\/p>\n<p><strong>Beneficios clave:<\/strong><\/p>\n<ol>\n<li><strong>Salud \u00f3sea:<\/strong>\u00a0el polvo Anantmool de Neel Ayurvedics puede contribuir al crecimiento \u00f3seo saludable y ayudar a prevenir trastornos relacionados con los huesos al reducir la inflamaci\u00f3n y el estr\u00e9s oxidativo.<\/li>\n<li><strong>Propiedades nutritivas para la piel:<\/strong>\u00a0Anantmool Churna, que se cree que tiene propiedades nutritivas para la piel, se incorpora a los tratamientos de belleza tradicionales. Se utiliza para tratar trastornos de la piel como erupciones cut\u00e1neas, acn\u00e9 y eczema.<\/li>\n<li><strong>Acci\u00f3n antibacteriana:<\/strong>\u00a0Se cree que el polvo posee propiedades antibacterianas, lo que lo convierte en un recurso valioso para tratar infecciones y neutralizar bacterias da\u00f1inas en el intestino.<\/li>\n<\/ol>\n<p><strong>Uso y dosis:<\/strong><\/p>\n<p>Neel Ayurvedics recomienda tomar Anantmool Churna seg\u00fan las indicaciones de un profesional de la salud. Por lo general, la dosis sugerida es 1 cucharadita de Anantmool Churna mezclada con agua tibia despu\u00e9s de las comidas.<\/p>\n","protected":false},"excerpt":{"rendered":"<p>El polvo de anantmool de Neel Ayurvedics es un remedio vers\u00e1til con ra\u00edces profundas en las pr\u00e1cticas ayurv\u00e9dicas tradicionales. Este polvo de hierbas es famoso por sus propiedades terap\u00e9uticas y ofrece una protecci\u00f3n integral contra diversos problemas de salud.<\/p>\n","protected":false},"featured_media":17076,"comment_status":"open","ping_status":"closed","template":"","meta":[],"product_brand":[],"product_cat":[200,252,249,195],"product_tag":[],"class_list":{"0":"post-6960","1":"product","2":"type-product","3":"status-publish","4":"has-post-thumbnail","6":"product_cat-marca","7":"product_cat-neel-ayurvedics","8":"product_cat-neel-ayurvedics-polvos-herbales","9":"product_cat-productos-ayurvedicos","11":"first","12":"instock","13":"shipping-taxable","14":"purchasable","15":"product-type-variable"},"_links":{"self":[{"href":"https:\/\/neelayurvedics.es\/index.php?rest_route=\/wp\/v2\/product\/6960","targetHints":{"allow":["GET"]}}],"collection":[{"href":"https:\/\/neelayurvedics.es\/index.php?rest_route=\/wp\/v2\/product"}],"about":[{"href":"https:\/\/neelayurvedics.es\/index.php?rest_route=\/wp\/v2\/types\/product"}],"replies":[{"embeddable":true,"href":"https:\/\/neelayurvedics.es\/index.php?rest_route=%2Fwp%2Fv2%2Fcomments&post=6960"}],"wp:featuredmedia":[{"embeddable":true,"href":"https:\/\/neelayurvedics.es\/index.php?rest_route=\/wp\/v2\/media\/17076"}],"wp:attachment":[{"href":"https:\/\/neelayurvedics.es\/index.php?rest_route=%2Fwp%2Fv2%2Fmedia&parent=6960"}],"wp:term":[{"taxonomy":"product_brand","embeddable":true,"href":"https:\/\/neelayurvedics.es\/index.php?rest_route=%2Fwp%2Fv2%2Fproduct_brand&post=6960"},{"taxonomy":"product_cat","embeddable":true,"href":"https:\/\/neelayurvedics.es\/index.php?rest_route=%2Fwp%2Fv2%2Fproduct_cat&post=6960"},{"taxonomy":"product_tag","embeddable":true,"href":"https:\/\/neelayurvedics.es\/index.php?rest_route=%2Fwp%2Fv2%2Fproduct_tag&post=6960"}],"curies":[{"name":"wp","href":"https:\/\/api.w.org\/{rel}","templated":true}]}}