{"id":6969,"date":"2025-01-09T11:20:38","date_gmt":"2025-01-09T11:20:38","guid":{"rendered":"https:\/\/neelayurvedics.es\/?post_type=product&#038;p=6969"},"modified":"2025-12-01T09:12:48","modified_gmt":"2025-12-01T09:12:48","slug":"polvo-de-anar-chhal","status":"publish","type":"product","link":"https:\/\/neelayurvedics.es\/?product=polvo-de-anar-chhal","title":{"rendered":"Neel Ayurvedics Polvo de Anar Chhal"},"content":{"rendered":"<div id=\"nasa-single-product-tabs\" class=\"product-details\">\n<div class=\"nasa-tabs-content woocommerce-tabs\">\n<div class=\"nasa-panels nasa-desc-wrap\">\n<div id=\"nasa-tab-description\" class=\"nasa-panel nasa-content-description active\">\n<div class=\"row\">\n<div class=\"large-12 columns nasa-content-panel\">\n<p>El polvo Anar Chhal de Neel Ayurvedics es un potente remedio herbal conocido por sus potentes efectos antiinflamatorios, especialmente beneficioso para aliviar el dolor articular cr\u00f3nico. M\u00e1s all\u00e1 del cuidado de las articulaciones, este churna desempe\u00f1a un papel crucial en el mantenimiento de la salud intestinal.<\/p>\n<p><strong>Beneficios clave:<\/strong><\/p>\n<ol>\n<li><strong>Salud de las articulaciones:<\/strong>\u00a0el polvo de Anar Chhal es eficaz para aliviar el dolor articular cr\u00f3nico, promover la flexibilidad y aliviar las molestias.<\/li>\n<li><strong>Salud del coraz\u00f3n:<\/strong>\u00a0Conocida por su contribuci\u00f3n a un coraz\u00f3n sano, esta churna favorece niveles \u00f3ptimos de colesterol y fortalece y tonifica los m\u00fasculos del coraz\u00f3n.<\/li>\n<li><strong>Bienestar digestivo:<\/strong>\u00a0La churna ayuda a mantener un sistema digestivo saludable, abordando problemas digestivos de manera eficaz.<\/li>\n<li><strong>Efecto refrescante:<\/strong>\u00a0con un efecto refrescante en el cuerpo, ayuda a suprimir la tos y tiene un efecto calmante.<\/li>\n<li><strong>Propiedades antienvejecimiento:<\/strong>\u00a0Previene la descomposici\u00f3n del col\u00e1geno, promoviendo el crecimiento celular y reduciendo eficazmente los signos de arrugas del cuerpo.<\/li>\n<li><strong>Nutrici\u00f3n de la piel:<\/strong>\u00a0Utilizado en tratamientos de belleza tradicionales, se cree que el polvo de Anar Chhal tiene propiedades nutritivas para la piel, contribuyendo a su salud.<\/li>\n<\/ol>\n<p><strong>Dosificaci\u00f3n:<\/strong><\/p>\n<p>Neel Ayurvedics Anar Chhal Churna se puede consumir diariamente mezclando 1-2 cucharaditas con agua o seg\u00fan lo indique un m\u00e9dico para mantener la salud general del cuerpo.<\/p>\n<p>Se puede ingerir directamente, mezclar con l\u00edquidos o agregar a t\u00e9s, sopas o curry para obtener mayores beneficios medicinales.<\/p>\n<\/div>\n<\/div>\n<\/div>\n<\/div>\n<\/div>\n<\/div>\n","protected":false},"excerpt":{"rendered":"<p style=\"font-weight: 400;\">El polvo de Anar Chhal es un remedio vers\u00e1til utilizado en la medicina ayurv\u00e9dica para diversos problemas de salud, incluidos problemas digestivos, trastornos de la piel y problemas respiratorios.<\/p>\n<p style=\"font-weight: 400;\">Contiene propiedades antiinflamatorias, antibacterianas y antioxidantes, incorporando los principios hol\u00edsticos del Ayurveda.<\/p>\n","protected":false},"featured_media":17082,"comment_status":"open","ping_status":"closed","template":"","meta":[],"product_brand":[],"product_cat":[200,252,249,195],"product_tag":[],"class_list":{"0":"post-6969","1":"product","2":"type-product","3":"status-publish","4":"has-post-thumbnail","6":"product_cat-marca","7":"product_cat-neel-ayurvedics","8":"product_cat-neel-ayurvedics-polvos-herbales","9":"product_cat-productos-ayurvedicos","11":"first","12":"instock","13":"shipping-taxable","14":"purchasable","15":"product-type-variable"},"_links":{"self":[{"href":"https:\/\/neelayurvedics.es\/index.php?rest_route=\/wp\/v2\/product\/6969","targetHints":{"allow":["GET"]}}],"collection":[{"href":"https:\/\/neelayurvedics.es\/index.php?rest_route=\/wp\/v2\/product"}],"about":[{"href":"https:\/\/neelayurvedics.es\/index.php?rest_route=\/wp\/v2\/types\/product"}],"replies":[{"embeddable":true,"href":"https:\/\/neelayurvedics.es\/index.php?rest_route=%2Fwp%2Fv2%2Fcomments&post=6969"}],"wp:featuredmedia":[{"embeddable":true,"href":"https:\/\/neelayurvedics.es\/index.php?rest_route=\/wp\/v2\/media\/17082"}],"wp:attachment":[{"href":"https:\/\/neelayurvedics.es\/index.php?rest_route=%2Fwp%2Fv2%2Fmedia&parent=6969"}],"wp:term":[{"taxonomy":"product_brand","embeddable":true,"href":"https:\/\/neelayurvedics.es\/index.php?rest_route=%2Fwp%2Fv2%2Fproduct_brand&post=6969"},{"taxonomy":"product_cat","embeddable":true,"href":"https:\/\/neelayurvedics.es\/index.php?rest_route=%2Fwp%2Fv2%2Fproduct_cat&post=6969"},{"taxonomy":"product_tag","embeddable":true,"href":"https:\/\/neelayurvedics.es\/index.php?rest_route=%2Fwp%2Fv2%2Fproduct_tag&post=6969"}],"curies":[{"name":"wp","href":"https:\/\/api.w.org\/{rel}","templated":true}]}}