{"id":7011,"date":"2025-01-10T07:18:52","date_gmt":"2025-01-10T07:18:52","guid":{"rendered":"https:\/\/neelayurvedics.es\/?post_type=product&#038;p=7011"},"modified":"2025-12-01T10:27:22","modified_gmt":"2025-12-01T10:27:22","slug":"neel-ayurvedics-ashok-chhal","status":"publish","type":"product","link":"https:\/\/neelayurvedics.es\/?product=neel-ayurvedics-ashok-chhal","title":{"rendered":"Neel Ayurvedics Ashok Chhal | Saraca Asoca En Polvo"},"content":{"rendered":"<p>Es un peque\u00f1o \u00e1rbol de hoja perenne, que alcanza alturas de 6 a 9 metros, que se encuentra com\u00fanmente en estado silvestre a lo largo de arroyos o en la sombra de bosques de hoja perenne. Se distribuye por casi toda la India, particularmente en el Himalaya central y oriental, as\u00ed como en las colinas Khasi, Garo y Lushai, y las islas Andam\u00e1n. Este jadi booti indio es puro y natural.<\/p>\n<p>La planta es venerada como uno de los \u00e1rboles m\u00e1s sagrados en el hinduismo y el budismo. Ashoka se caracteriza por su sabor amargo y astringente, y posee propiedades hemost\u00e1ticas. La corteza en polvo de Ashoka es de naturaleza androg\u00e9nica. El extracto de corteza contiene dos principios activos: uno que estimula el m\u00fasculo liso y otro que lo relaja. Estimula el \u00fatero y es beneficioso para tratar el sangrado uterino, la leucorrea, las hemorroides sangrantes y la diarrea con sangrado.<\/p>\n<h3>Otro nombre :<\/h3>\n<p>Ashoka, Ashoka Chaal, Ashok Chal, Ashok chhal en polvo, Ashoka Bark, Saraca indica, Saraca Asoca, Jasundi, kankeli, Vanjulamu, Ancange, Asokam, Hemapuspam, Asokadamara, Osoko.<\/p>\n<h3>Beneficios:<\/h3>\n<ul>\n<li><strong>Salud uterina:<\/strong>\u00a0apoya la salud uterina tonificando y fortaleciendo los m\u00fasculos uterinos, reduciendo potencialmente el riesgo de trastornos uterinos.<\/li>\n<li><strong>Apoyo a la fertilidad:<\/strong>\u00a0mejora la fertilidad al equilibrar las hormonas y mejorar la salud reproductiva en las mujeres.<\/li>\n<li><strong>Antioxidante:<\/strong>\u00a0Act\u00faa como antioxidante, protegiendo las c\u00e9lulas del estr\u00e9s oxidativo y reduciendo potencialmente el riesgo de enfermedades cr\u00f3nicas.<\/li>\n<li><strong>Antiinflamatorio:<\/strong>\u00a0exhibe propiedades antiinflamatorias, que pueden ayudar a reducir la inflamaci\u00f3n en los \u00f3rganos reproductores y aliviar las molestias asociadas.<\/li>\n<\/ul>\n<h3>Dosis:<\/h3>\n<ul>\n<li>\n<div class=\"flex-1 overflow-hidden\">\n<div class=\"react-scroll-to-bottom--css-zsske-79elbk h-full\">\n<div class=\"react-scroll-to-bottom--css-zsske-1n7m0yu\">\n<div>\n<div class=\"flex flex-col text-sm pb-9\">\n<div class=\"w-full text-token-text-primary\" dir=\"auto\" data-testid=\"conversation-turn-9\">\n<div class=\"px-4 py-2 justify-center text-base md:gap-6 m-auto\">\n<div class=\"flex flex-1 text-base mx-auto gap-3 juice:gap-4 juice:md:gap-6 md:px-5 lg:px-1 xl:px-5 md:max-w-3xl lg:max-w-[40rem] xl:max-w-[48rem] group final-completion\">\n<div class=\"relative flex w-full flex-col agent-turn\">\n<div class=\"flex-col gap-1 md:gap-3\">\n<div class=\"flex flex-grow flex-col max-w-full\">\n<div class=\"min-h-[20px] text-message flex flex-col items-start gap-3 whitespace-pre-wrap break-words [.text-message+&amp;]:mt-5 overflow-x-auto\" dir=\"auto\" data-message-author-role=\"assistant\" data-message-id=\"04e19b83-9c22-4fe2-a39b-9aa950d180a2\">\n<div class=\"markdown prose w-full break-words dark:prose-invert light\">\n<p>Tome 1\/4 de cucharadita de churna y m\u00e9zclela con agua tibia. Consuma esta mezcla dos veces al d\u00eda despu\u00e9s de las comidas o seg\u00fan lo indique un m\u00e9dico.<\/p>\n<\/div>\n<\/div>\n<\/div>\n<div class=\"mt-1 flex gap-3 empty:hidden\"><\/div>\n<\/div>\n<\/div>\n<\/div>\n<\/div>\n<\/div>\n<\/div>\n<\/div>\n<\/div>\n<\/div>\n<\/div>\n<div class=\"w-full pt-2 md:pt-0 dark:border-white\/20 md:border-transparent md:dark:border-transparent md:w-[calc(100%-.5rem)]\"><\/div>\n<\/li>\n<\/ul>\n<div id=\"rank-math-rich-snippet-wrapper\">\n<div id=\"rank-math-faq\" class=\"rank-math-block\">\n<div class=\"rank-math-list \">\n<div id=\"faq-1\" class=\"rank-math-list-item\">\n<h3 class=\"rank-math-question \">\u00bfCu\u00e1les son los beneficios de Ashok Chhal?<\/h3>\n<div class=\"rank-math-answer \">\n<p>Los beneficios de Ashok Chhal incluyen salud menstrual, propiedades t\u00f3nicas uterinas, efectos antiinflamatorios, propiedades antioxidantes y apoyo al bienestar general.<\/p>\n<\/div>\n<\/div>\n<div id=\"faq-2\" class=\"rank-math-list-item\">\n<h3 class=\"rank-math-question \">\u00bfPor qu\u00e9 eligi\u00f3 el polvo Ashoka Chhal de Neel Ayurvedics?<\/h3>\n<div class=\"rank-math-answer \">\n<p>Neel Ayurvedics es una marca confiable que vende productos ayurv\u00e9dicos a nivel mundial y ofrece polvos naturales y puros.<\/p>\n<\/div>\n<\/div>\n<\/div>\n<\/div>\n<\/div>\n","protected":false},"excerpt":{"rendered":"<p>Descubra el poder del polvo Ashoka Chhal con Neel Ayurvedics. Nuestro producto, de origen natural y procesado con cuidado, ofrece un apoyo integral para la salud de la mujer, desde la regulaci\u00f3n de los ciclos menstruales y el alivio de las molestias menstruales hasta la promoci\u00f3n de la salud uterina y la fertilidad.<\/p>\n<p>Experimente los beneficios de este remedio herbal tradicional, en el que se ha confiado durante siglos para promover el equilibrio y la vitalidad en el bienestar de la mujer.<\/p>\n","protected":false},"featured_media":17106,"comment_status":"open","ping_status":"closed","template":"","meta":[],"product_brand":[],"product_cat":[200,252,249,195],"product_tag":[],"class_list":{"0":"post-7011","1":"product","2":"type-product","3":"status-publish","4":"has-post-thumbnail","6":"product_cat-marca","7":"product_cat-neel-ayurvedics","8":"product_cat-neel-ayurvedics-polvos-herbales","9":"product_cat-productos-ayurvedicos","11":"first","12":"instock","13":"shipping-taxable","14":"purchasable","15":"product-type-variable"},"_links":{"self":[{"href":"https:\/\/neelayurvedics.es\/index.php?rest_route=\/wp\/v2\/product\/7011","targetHints":{"allow":["GET"]}}],"collection":[{"href":"https:\/\/neelayurvedics.es\/index.php?rest_route=\/wp\/v2\/product"}],"about":[{"href":"https:\/\/neelayurvedics.es\/index.php?rest_route=\/wp\/v2\/types\/product"}],"replies":[{"embeddable":true,"href":"https:\/\/neelayurvedics.es\/index.php?rest_route=%2Fwp%2Fv2%2Fcomments&post=7011"}],"wp:featuredmedia":[{"embeddable":true,"href":"https:\/\/neelayurvedics.es\/index.php?rest_route=\/wp\/v2\/media\/17106"}],"wp:attachment":[{"href":"https:\/\/neelayurvedics.es\/index.php?rest_route=%2Fwp%2Fv2%2Fmedia&parent=7011"}],"wp:term":[{"taxonomy":"product_brand","embeddable":true,"href":"https:\/\/neelayurvedics.es\/index.php?rest_route=%2Fwp%2Fv2%2Fproduct_brand&post=7011"},{"taxonomy":"product_cat","embeddable":true,"href":"https:\/\/neelayurvedics.es\/index.php?rest_route=%2Fwp%2Fv2%2Fproduct_cat&post=7011"},{"taxonomy":"product_tag","embeddable":true,"href":"https:\/\/neelayurvedics.es\/index.php?rest_route=%2Fwp%2Fv2%2Fproduct_tag&post=7011"}],"curies":[{"name":"wp","href":"https:\/\/api.w.org\/{rel}","templated":true}]}}