{"id":7024,"date":"2025-01-10T09:39:13","date_gmt":"2025-01-10T09:39:13","guid":{"rendered":"https:\/\/neelayurvedics.es\/?post_type=product&#038;p=7024"},"modified":"2025-09-25T10:11:53","modified_gmt":"2025-09-25T10:11:53","slug":"neel-ayurvedics-polvo-de-babool-phali","status":"publish","type":"product","link":"https:\/\/neelayurvedics.es\/?product=neel-ayurvedics-polvo-de-babool-phali","title":{"rendered":"Neel Ayurvedics Polvo de Babool Phali (Vachellia nilotica) | Polvo Baval Phali | Polvo Kikar Phali | Para el dolor articular y la artritis"},"content":{"rendered":"<p>El polvo de Babool Phali de Neel Ayurvedics es un remedio natural que se utiliza ampliamente en Ayurveda por sus numerosos beneficios para la salud. Uno de los principales beneficios del Babool Phali es que es una fuente rica de calcio. El calcio es un mineral esencial necesario para el correcto funcionamiento de nuestro cuerpo, especialmente para la salud de nuestros huesos y dientes.<\/p>\n<p>El polvo de Babool Phali de Neel Ayurvedics tiene numerosos beneficios para la salud de las articulaciones y es particularmente beneficioso para quienes sufren de dolor articular en la vejez y artritis. Adem\u00e1s, cuando se combina con el polvo de moringa Drumstick y hojas de moringa, produce resultados r\u00e1pidos y efectivos.<\/p>\n<p>Babool Phali se ha utilizado en la medicina tradicional durante siglos para tratar una variedad de dolencias, incluidos el dolor y la inflamaci\u00f3n de las articulaciones. El polvo es rico en calcio, un nutriente esencial que desempe\u00f1a un papel crucial en el mantenimiento de huesos fuertes y saludables. A medida que envejecemos, nuestros huesos se debilitan y el dolor en las articulaciones se vuelve m\u00e1s com\u00fan. La artritis es una enfermedad cr\u00f3nica que afecta a millones de personas en todo el mundo y causa inflamaci\u00f3n y dolor en las articulaciones. La deficiencia de calcio es un factor importante que contribuye a la p\u00e9rdida \u00f3sea y los problemas articulares, y la suplementaci\u00f3n con polvo de Babool Phali puede ser una forma eficaz de aumentar los niveles de calcio y mejorar la salud de las articulaciones.<\/p>\n<p>El polvo de Babool Phali de Neel Ayurvedics tiene muchos beneficios para la salud de las articulaciones. Ayuda a reducir la inflamaci\u00f3n y la hinchaz\u00f3n en las articulaciones, lo que puede aliviar el dolor y mejorar la movilidad. Tambi\u00e9n ayuda a promover el crecimiento de tejido \u00f3seo sano, lo que puede prevenir la p\u00e9rdida \u00f3sea y reducir el riesgo de fracturas. El polvo de Babool Phali tambi\u00e9n tiene otras propiedades medicinales, incluidas sus propiedades antioxidantes, antibacterianas y antif\u00fangicas.<\/p>\n<p>Cuando se toma en combinaci\u00f3n con\u00a0<a href=\"https:\/\/www.neelayurvedics.com\/product\/neel-ayurvedics-saragva-sing-churna-moringa-drumstick-powder\/\" target=\"_blank\" rel=\"noopener\"><strong>el polvo de baqueta de moringa de Neel Ayurvedics<\/strong><\/a>\u00a0y\u00a0<a href=\"https:\/\/www.neelayurvedics.com\/product\/neel-ayurvedics-sargava-pan-churna-moringa-leaf-powder\/\" target=\"_blank\" rel=\"noopener\"><strong>el polvo de hojas de moringa de Neel Ayurvedics<\/strong><\/a>\u00a0, el polvo de Babul Phali produce resultados r\u00e1pidos y efectivos. El polvo de baqueta de moringa y las hojas de moringa son ricos en vitaminas, minerales y antioxidantes, y tienen muchos beneficios para la salud, como mejorar la salud de las articulaciones y reducir la inflamaci\u00f3n. Como la moringa contiene altos niveles de vitaminas C y E, que son esenciales para mantener las articulaciones sanas, y tambi\u00e9n tiene propiedades antiinflamatorias, puede ayudar a reducir el dolor y la rigidez de las articulaciones.<\/p>\n<p>Otros beneficios del polvo Babul Phali de Neel Ayurvedics son:<\/p>\n<ol>\n<li>Apoya la salud bucal: puede ayudar a prevenir enfermedades de las enc\u00edas, caries y otros problemas dentales.<\/li>\n<li>Promueve la salud de la piel: el polvo de Babul Phali tiene propiedades antibacterianas y antif\u00fangicas que pueden ayudar a prevenir infecciones de la piel. Tambi\u00e9n puede ayudar a mejorar la textura de la piel y reducir la aparici\u00f3n de arrugas.<\/li>\n<li>Favorece la salud respiratoria: se ha utilizado para tratar problemas respiratorios como tos, resfriados y bronquitis. Puede ayudar a aliviar la congesti\u00f3n y promover una respiraci\u00f3n saludable.<\/li>\n<li>Reduce los dolores menstruales: el polvo de Babool Phali se ha utilizado para aliviar los dolores y calambres menstruales. Tambi\u00e9n puede ayudar a regular los ciclos menstruales.<\/li>\n<\/ol>\n","protected":false},"excerpt":{"rendered":"<p><strong>El polvo de Babool Phali de Neel Ayurvedics<\/strong>\u00a0es una forma natural y eficaz de favorecer la salud de las articulaciones y prevenir la p\u00e9rdida \u00f3sea. Su alto contenido de calcio lo convierte en un complemento valioso para quienes sufren de dolor en las articulaciones, artritis y otras afecciones relacionadas con los huesos. Cuando se combina con\u00a0<strong>el polvo de baqueta de moringa de Neel Ayurvedics<\/strong>\u00a0y\u00a0<strong>el polvo de hojas de moringa de Neel Ayurvedics<\/strong>\u00a0, produce resultados r\u00e1pidos y eficaces. Al incorporar el polvo de Babool Phali y la moringa a su rutina diaria, puede mejorar su salud y bienestar general de forma natural y sostenible.<\/p>\n","protected":false},"featured_media":17130,"comment_status":"open","ping_status":"closed","template":"","meta":[],"product_brand":[],"product_cat":[200,252,249,195],"product_tag":[],"class_list":{"0":"post-7024","1":"product","2":"type-product","3":"status-publish","4":"has-post-thumbnail","6":"product_cat-marca","7":"product_cat-neel-ayurvedics","8":"product_cat-neel-ayurvedics-polvos-herbales","9":"product_cat-productos-ayurvedicos","11":"first","12":"instock","13":"shipping-taxable","14":"purchasable","15":"product-type-variable"},"_links":{"self":[{"href":"https:\/\/neelayurvedics.es\/index.php?rest_route=\/wp\/v2\/product\/7024","targetHints":{"allow":["GET"]}}],"collection":[{"href":"https:\/\/neelayurvedics.es\/index.php?rest_route=\/wp\/v2\/product"}],"about":[{"href":"https:\/\/neelayurvedics.es\/index.php?rest_route=\/wp\/v2\/types\/product"}],"replies":[{"embeddable":true,"href":"https:\/\/neelayurvedics.es\/index.php?rest_route=%2Fwp%2Fv2%2Fcomments&post=7024"}],"wp:featuredmedia":[{"embeddable":true,"href":"https:\/\/neelayurvedics.es\/index.php?rest_route=\/wp\/v2\/media\/17130"}],"wp:attachment":[{"href":"https:\/\/neelayurvedics.es\/index.php?rest_route=%2Fwp%2Fv2%2Fmedia&parent=7024"}],"wp:term":[{"taxonomy":"product_brand","embeddable":true,"href":"https:\/\/neelayurvedics.es\/index.php?rest_route=%2Fwp%2Fv2%2Fproduct_brand&post=7024"},{"taxonomy":"product_cat","embeddable":true,"href":"https:\/\/neelayurvedics.es\/index.php?rest_route=%2Fwp%2Fv2%2Fproduct_cat&post=7024"},{"taxonomy":"product_tag","embeddable":true,"href":"https:\/\/neelayurvedics.es\/index.php?rest_route=%2Fwp%2Fv2%2Fproduct_tag&post=7024"}],"curies":[{"name":"wp","href":"https:\/\/api.w.org\/{rel}","templated":true}]}}