{"id":7030,"date":"2025-01-10T09:56:50","date_gmt":"2025-01-10T09:56:50","guid":{"rendered":"https:\/\/neelayurvedics.es\/?post_type=product&#038;p=7030"},"modified":"2025-12-01T12:37:49","modified_gmt":"2025-12-01T12:37:49","slug":"neel-ayurvedics-babul-chhal-churna","status":"publish","type":"product","link":"https:\/\/neelayurvedics.es\/?product=neel-ayurvedics-babul-chhal-churna","title":{"rendered":"Neel Ayurvedics Babul Chhal Churna (Polvo) | Polvo Baval Chhal | Vachellia nilotica en polvo"},"content":{"rendered":"<p style=\"font-weight: 400;\">Este tipo de Churna tambi\u00e9n se conoce como \u201c\u00e1rbol curativo\u201d porque todas las partes del Babul, como la corteza, la ra\u00edz, la goma, las hojas, las vainas y las semillas, se utilizan para diversos fines medicinales. Debido a las propiedades astringentes presentes en este polvo, fortalece las enc\u00edas y los dientes.<\/p>\n<p style=\"font-weight: 400;\">Aparte de esto, Babul Chhal Churna tambi\u00e9n es muy \u00fatil para controlar la diarrea al reducir la motilidad intestinal. Este polvo alivia los s\u00edntomas del resfriado y la tos, as\u00ed como el dolor de garganta al eliminar la flema de las v\u00edas respiratorias y facilita la respiraci\u00f3n.<\/p>\n<p style=\"font-weight: 400;\">Este polvo se utiliza en Vedibabul, Acacia nilotica, goma india, \u00e1rbol ar\u00e1bigo Babul, mimosa espina, acacia egipcia, Babla, Babul negro, Babaria, Baval, Kaloabaval, acacia espinosa, Kikar, Karijali, Karivelan, Karuvelum, Babhul, Babhula, Bambuda. Baubra, tambi\u00e9n conocida como Sak, Karrivelei, Kaluvelamaram, Karuvael, Karuvelam, Nallatumma, Tumma, Tuma, Gobbli.<\/p>\n<p style=\"font-weight: 400;\"><strong style=\"font-weight: 600 !important;\">DOSIS:<\/strong>\u00a0Se debe tomar \u00bc \u2013 \u00bd cucharadita de Babul Chhal Churna mezclado con agua o miel dos veces al d\u00eda o seg\u00fan lo indique el m\u00e9dico.<\/p>\n","protected":false},"excerpt":{"rendered":"<p>Babul Chhal Churna tiene propiedades analg\u00e9sicas y antiinflamatorias. El consumo de este polvo proporciona un gran alivio para el dolor articular. Adem\u00e1s de esto, tambi\u00e9n se usa ampliamente para controlar problemas bucales como la formaci\u00f3n de placa y la gingivitis.<\/p>\n","protected":false},"featured_media":17124,"comment_status":"open","ping_status":"closed","template":"","meta":[],"product_brand":[],"product_cat":[200,252,249,195],"product_tag":[],"class_list":{"0":"post-7030","1":"product","2":"type-product","3":"status-publish","4":"has-post-thumbnail","6":"product_cat-marca","7":"product_cat-neel-ayurvedics","8":"product_cat-neel-ayurvedics-polvos-herbales","9":"product_cat-productos-ayurvedicos","11":"first","12":"instock","13":"shipping-taxable","14":"purchasable","15":"product-type-variable"},"_links":{"self":[{"href":"https:\/\/neelayurvedics.es\/index.php?rest_route=\/wp\/v2\/product\/7030","targetHints":{"allow":["GET"]}}],"collection":[{"href":"https:\/\/neelayurvedics.es\/index.php?rest_route=\/wp\/v2\/product"}],"about":[{"href":"https:\/\/neelayurvedics.es\/index.php?rest_route=\/wp\/v2\/types\/product"}],"replies":[{"embeddable":true,"href":"https:\/\/neelayurvedics.es\/index.php?rest_route=%2Fwp%2Fv2%2Fcomments&post=7030"}],"wp:featuredmedia":[{"embeddable":true,"href":"https:\/\/neelayurvedics.es\/index.php?rest_route=\/wp\/v2\/media\/17124"}],"wp:attachment":[{"href":"https:\/\/neelayurvedics.es\/index.php?rest_route=%2Fwp%2Fv2%2Fmedia&parent=7030"}],"wp:term":[{"taxonomy":"product_brand","embeddable":true,"href":"https:\/\/neelayurvedics.es\/index.php?rest_route=%2Fwp%2Fv2%2Fproduct_brand&post=7030"},{"taxonomy":"product_cat","embeddable":true,"href":"https:\/\/neelayurvedics.es\/index.php?rest_route=%2Fwp%2Fv2%2Fproduct_cat&post=7030"},{"taxonomy":"product_tag","embeddable":true,"href":"https:\/\/neelayurvedics.es\/index.php?rest_route=%2Fwp%2Fv2%2Fproduct_tag&post=7030"}],"curies":[{"name":"wp","href":"https:\/\/api.w.org\/{rel}","templated":true}]}}