{"id":7044,"date":"2025-01-10T10:15:32","date_gmt":"2025-01-10T10:15:32","guid":{"rendered":"https:\/\/neelayurvedics.es\/?post_type=product&#038;p=7044"},"modified":"2025-12-01T13:28:41","modified_gmt":"2025-12-01T13:28:41","slug":"neel-ayurvedics-bael-patta-churna","status":"publish","type":"product","link":"https:\/\/neelayurvedics.es\/?product=neel-ayurvedics-bael-patta-churna","title":{"rendered":"Neel Ayurvedics Bael Patta Churna \/ Polvo de Bael Patra \/ Polvo de hoja de Bilwa"},"content":{"rendered":"<p style=\"font-weight: 400;\">Bael\u00a0\u00a0Patta Churna\u00a0\u00a0tambi\u00e9n tiene propiedades laxantes que previenen el estre\u00f1imiento. Tambi\u00e9n se utiliza para la diarrea, la diabetes y otras afecciones.\u00a0\u00a0Bael\u00a0\u00a0Patta Churna\u00a0\u00a0contiene taninos, flavonoides y sustancias qu\u00edmicas llamadas cumarinas, lo que lo hace muy \u00fatil para reducir la hinchaz\u00f3n y la inflamaci\u00f3n.<\/p>\n<p style=\"font-weight: 400;\">El Bael\u00a0\u00a0Patta Churna\u00a0\u00a0tambi\u00e9n es \u00fatil para controlar el asma. Adem\u00e1s, es muy \u00fatil para tratar infecciones y eliminar la cera s\u00f3lida de los o\u00eddos, lo que previene problemas relacionados con la audici\u00f3n. Adem\u00e1s, cura muchos trastornos de la piel y es muy \u00fatil para mantener la salud de la piel.<\/p>\n<p style=\"font-weight: 400;\"><strong style=\"font-weight: 600 !important;\">DOSIS:<\/strong><\/p>\n<p style=\"font-weight: 400;\"><strong style=\"font-weight: 600 !important;\">Bael Churna:<\/strong>\u00a0\u00a0\u00bc-\u00bd cucharadita de Bael Churna debe mezclarse con agua o miel y tomarse dos veces al d\u00eda.<\/p>\n<p style=\"font-weight: 400;\"><strong style=\"font-weight: 600 !important;\">Bael Kwath\/Jugo\/Decocci\u00f3n:<\/strong>\u00a0\u00a0Se debe mezclar \u00bd-1 taza de jugo con agua y tomar dos veces al d\u00eda despu\u00e9s de las comidas.<\/p>\n","protected":false},"excerpt":{"rendered":"<p>Bael\u00a0Patta Churna se considera la mejor hoja de churna para todos los problemas digestivos. Tiene\u00a0propiedades antibacterianas y antif\u00fangicas. El jugo m\u00e1gico de\u00a0\u00a0Bael\u00a0\u00a0Patta Churna\u00a0\u00a0puede\u00a0\u00a0controlar muy bien las \u00falceras g\u00e1stricas causadas por el desequilibrio de la mucosa y\u00a0\u00a0los niveles de estr\u00e9s oxidativo en el tracto g\u00e1strico.<\/p>\n","protected":false},"featured_media":17142,"comment_status":"open","ping_status":"closed","template":"","meta":[],"product_brand":[],"product_cat":[200,252,249,195],"product_tag":[],"class_list":{"0":"post-7044","1":"product","2":"type-product","3":"status-publish","4":"has-post-thumbnail","6":"product_cat-marca","7":"product_cat-neel-ayurvedics","8":"product_cat-neel-ayurvedics-polvos-herbales","9":"product_cat-productos-ayurvedicos","11":"first","12":"instock","13":"shipping-taxable","14":"purchasable","15":"product-type-variable"},"_links":{"self":[{"href":"https:\/\/neelayurvedics.es\/index.php?rest_route=\/wp\/v2\/product\/7044","targetHints":{"allow":["GET"]}}],"collection":[{"href":"https:\/\/neelayurvedics.es\/index.php?rest_route=\/wp\/v2\/product"}],"about":[{"href":"https:\/\/neelayurvedics.es\/index.php?rest_route=\/wp\/v2\/types\/product"}],"replies":[{"embeddable":true,"href":"https:\/\/neelayurvedics.es\/index.php?rest_route=%2Fwp%2Fv2%2Fcomments&post=7044"}],"wp:featuredmedia":[{"embeddable":true,"href":"https:\/\/neelayurvedics.es\/index.php?rest_route=\/wp\/v2\/media\/17142"}],"wp:attachment":[{"href":"https:\/\/neelayurvedics.es\/index.php?rest_route=%2Fwp%2Fv2%2Fmedia&parent=7044"}],"wp:term":[{"taxonomy":"product_brand","embeddable":true,"href":"https:\/\/neelayurvedics.es\/index.php?rest_route=%2Fwp%2Fv2%2Fproduct_brand&post=7044"},{"taxonomy":"product_cat","embeddable":true,"href":"https:\/\/neelayurvedics.es\/index.php?rest_route=%2Fwp%2Fv2%2Fproduct_cat&post=7044"},{"taxonomy":"product_tag","embeddable":true,"href":"https:\/\/neelayurvedics.es\/index.php?rest_route=%2Fwp%2Fv2%2Fproduct_tag&post=7044"}],"curies":[{"name":"wp","href":"https:\/\/api.w.org\/{rel}","templated":true}]}}