{"id":7057,"date":"2025-01-10T12:05:17","date_gmt":"2025-01-10T12:05:17","guid":{"rendered":"https:\/\/neelayurvedics.es\/?post_type=product&#038;p=7057"},"modified":"2025-12-01T14:13:15","modified_gmt":"2025-12-01T14:13:15","slug":"neel-ayurvedics-bahu-phali-churna","status":"publish","type":"product","link":"https:\/\/neelayurvedics.es\/?product=neel-ayurvedics-bahu-phali-churna","title":{"rendered":"Neel Ayurvedics Bahu Phali Churna \/ Kurand Ghas Powder \/ Kurand Grass Powder"},"content":{"rendered":"<p style=\"font-weight: 400;\">Aparte de esto, el polvo de hierba Kurand es una fuente naturalmente rica de clorofila. Este polvo es muy \u00fatil para promover la digesti\u00f3n de la fibra de las hojas. Este tipo de polvo puede aumentar la hemoglobina. Bahu Phali Churna es muy \u00fatil para desintoxicar.<\/p>\n<p style=\"font-weight: 400;\">El polvo de hierba Kurand favorece enormemente la salud general. Adem\u00e1s, este polvo nutre el cabello y la piel. Bahu Phali Churna se considera una panacea para los problemas gastrointestinales. Este polvo tambi\u00e9n se considera un gran medicamento purificador de la sangre, ya que es muy \u00fatil para eliminar enfermedades causadas por impurezas de la sangre.<\/p>\n<p style=\"font-weight: 400;\"><strong style=\"font-weight: 600 !important;\">DOSIS:<\/strong>\u00a0Bahu Phali Churna debe tomarse seg\u00fan lo recomendado por el m\u00e9dico<\/p>\n","protected":false},"excerpt":{"rendered":"<p>Bahu Phali Churna se utiliza ampliamente para tratar el dolor, la fiebre, la disfunci\u00f3n sexual y la gonorrea. Es rico en multivitaminas como vitamina A, vitamina C, vitamina E, vitamina K, riboflavina, niacina, vitamina B6, hierro, manganeso y selenio.<\/p>\n","protected":false},"featured_media":17154,"comment_status":"open","ping_status":"closed","template":"","meta":[],"product_brand":[],"product_cat":[200,252,249,195],"product_tag":[],"class_list":{"0":"post-7057","1":"product","2":"type-product","3":"status-publish","4":"has-post-thumbnail","6":"product_cat-marca","7":"product_cat-neel-ayurvedics","8":"product_cat-neel-ayurvedics-polvos-herbales","9":"product_cat-productos-ayurvedicos","11":"first","12":"instock","13":"shipping-taxable","14":"purchasable","15":"product-type-variable"},"_links":{"self":[{"href":"https:\/\/neelayurvedics.es\/index.php?rest_route=\/wp\/v2\/product\/7057","targetHints":{"allow":["GET"]}}],"collection":[{"href":"https:\/\/neelayurvedics.es\/index.php?rest_route=\/wp\/v2\/product"}],"about":[{"href":"https:\/\/neelayurvedics.es\/index.php?rest_route=\/wp\/v2\/types\/product"}],"replies":[{"embeddable":true,"href":"https:\/\/neelayurvedics.es\/index.php?rest_route=%2Fwp%2Fv2%2Fcomments&post=7057"}],"wp:featuredmedia":[{"embeddable":true,"href":"https:\/\/neelayurvedics.es\/index.php?rest_route=\/wp\/v2\/media\/17154"}],"wp:attachment":[{"href":"https:\/\/neelayurvedics.es\/index.php?rest_route=%2Fwp%2Fv2%2Fmedia&parent=7057"}],"wp:term":[{"taxonomy":"product_brand","embeddable":true,"href":"https:\/\/neelayurvedics.es\/index.php?rest_route=%2Fwp%2Fv2%2Fproduct_brand&post=7057"},{"taxonomy":"product_cat","embeddable":true,"href":"https:\/\/neelayurvedics.es\/index.php?rest_route=%2Fwp%2Fv2%2Fproduct_cat&post=7057"},{"taxonomy":"product_tag","embeddable":true,"href":"https:\/\/neelayurvedics.es\/index.php?rest_route=%2Fwp%2Fv2%2Fproduct_tag&post=7057"}],"curies":[{"name":"wp","href":"https:\/\/api.w.org\/{rel}","templated":true}]}}