{"id":7092,"date":"2025-01-11T06:03:09","date_gmt":"2025-01-11T06:03:09","guid":{"rendered":"https:\/\/neelayurvedics.es\/?post_type=product&#038;p=7092"},"modified":"2025-12-03T04:58:29","modified_gmt":"2025-12-03T04:58:29","slug":"neel-ayurvedics-polvo-bala","status":"publish","type":"product","link":"https:\/\/neelayurvedics.es\/?product=neel-ayurvedics-polvo-bala","title":{"rendered":"Neel Ayurvedics Polvo Bala : lo mejor para los m\u00fasculos"},"content":{"rendered":"<p style=\"font-weight: 400;\">El polvo de bala, tambi\u00e9n conocido como malva campestre, es una hierba venerada en Ayurveda, celebrada por sus vers\u00e1tiles propiedades medicinales. Con una larga historia en la medicina tradicional, se estima que el Bala tiene numerosos beneficios para la salud.<\/p>\n<h3 style=\"font-weight: 600 !important;\">Propiedades clave :-<\/h3>\n<ul style=\"font-weight: 400;\">\n<li>Rasa (Sabor): Dulce, amargo<\/li>\n<li>Guna (Calidad): Pesado, untuoso, pegajoso.<\/li>\n<li>Virya (Potencia): Calentamiento<\/li>\n<li>Vipaka (sabor post-digestivo): Dulce<\/li>\n<\/ul>\n<h3 style=\"font-weight: 600 !important;\">Beneficios para la salud :-<\/h3>\n<ul style=\"font-weight: 400;\">\n<li>T\u00f3nico muscular: Bala Powder act\u00faa como un potente t\u00f3nico muscular, favoreciendo la fuerza y \u200b\u200bla vitalidad muscular.<\/li>\n<li>Rejuvenecedor: conocido por sus propiedades rejuvenecedoras, que ayudan a recuperarse de la fatiga y promueven el vigor general.<\/li>\n<li>T\u00f3nico nervioso: favorece la salud del sistema nervioso y puede ayudar en problemas relacionados con los nervios.<\/li>\n<li>Afrodis\u00edaco: utilizado tradicionalmente para mejorar la vitalidad sexual y la salud reproductiva.<\/li>\n<\/ul>\n<h3 style=\"font-weight: 600 !important;\">Usos comunes :-<\/h3>\n<ul style=\"font-weight: 400;\">\n<li>Salud muscular: se utiliza para promover la fuerza y \u200b\u200bla resistencia muscular, especialmente despu\u00e9s del esfuerzo f\u00edsico.<\/li>\n<li>Apoyo del sistema nervioso: se utiliza para abordar problemas del sistema nervioso y apoyar la salud de los nervios.<\/li>\n<li>Ayuda a la recuperaci\u00f3n: favorece la recuperaci\u00f3n de la fatiga, ayudando al rejuvenecimiento general.<\/li>\n<li>Bienestar sexual: conocido por su potencial para promover la vitalidad sexual y el bienestar reproductivo.<\/li>\n<\/ul>\n<h3 style=\"font-weight: 600 !important;\">Precauciones :-<\/h3>\n<ul style=\"font-weight: 400;\">\n<li>Embarazo Las mujeres embarazadas deben consultar con un profesional de la salud antes de utilizar este producto.<\/li>\n<\/ul>\n<h3 style=\"font-weight: 600 !important;\">Sensibilidades individuales :-<\/h3>\n<ul style=\"font-weight: 400;\">\n<li>Las personas con condiciones de salud espec\u00edficas deben buscar orientaci\u00f3n antes de su uso.<\/li>\n<\/ul>\n<h3 style=\"font-weight: 600 !important;\"><strong style=\"font-weight: 600 !important;\">Dosificaci\u00f3n :-\u00a0<\/strong><\/h3>\n<p style=\"font-weight: 400;\">El polvo de Bala debe consumirse seg\u00fan las indicaciones del m\u00e9dico.<\/p>\n","protected":false},"excerpt":{"rendered":"<p>El polvo de Bala, tambi\u00e9n conocido como malva campestre, es una hierba venerada en Ayurveda, celebrada por sus vers\u00e1tiles propiedades medicinales.<\/p>\n","protected":false},"featured_media":17166,"comment_status":"open","ping_status":"closed","template":"","meta":[],"product_brand":[],"product_cat":[200,252,249,195],"product_tag":[],"class_list":{"0":"post-7092","1":"product","2":"type-product","3":"status-publish","4":"has-post-thumbnail","6":"product_cat-marca","7":"product_cat-neel-ayurvedics","8":"product_cat-neel-ayurvedics-polvos-herbales","9":"product_cat-productos-ayurvedicos","11":"first","12":"instock","13":"shipping-taxable","14":"purchasable","15":"product-type-variable"},"_links":{"self":[{"href":"https:\/\/neelayurvedics.es\/index.php?rest_route=\/wp\/v2\/product\/7092","targetHints":{"allow":["GET"]}}],"collection":[{"href":"https:\/\/neelayurvedics.es\/index.php?rest_route=\/wp\/v2\/product"}],"about":[{"href":"https:\/\/neelayurvedics.es\/index.php?rest_route=\/wp\/v2\/types\/product"}],"replies":[{"embeddable":true,"href":"https:\/\/neelayurvedics.es\/index.php?rest_route=%2Fwp%2Fv2%2Fcomments&post=7092"}],"wp:featuredmedia":[{"embeddable":true,"href":"https:\/\/neelayurvedics.es\/index.php?rest_route=\/wp\/v2\/media\/17166"}],"wp:attachment":[{"href":"https:\/\/neelayurvedics.es\/index.php?rest_route=%2Fwp%2Fv2%2Fmedia&parent=7092"}],"wp:term":[{"taxonomy":"product_brand","embeddable":true,"href":"https:\/\/neelayurvedics.es\/index.php?rest_route=%2Fwp%2Fv2%2Fproduct_brand&post=7092"},{"taxonomy":"product_cat","embeddable":true,"href":"https:\/\/neelayurvedics.es\/index.php?rest_route=%2Fwp%2Fv2%2Fproduct_cat&post=7092"},{"taxonomy":"product_tag","embeddable":true,"href":"https:\/\/neelayurvedics.es\/index.php?rest_route=%2Fwp%2Fv2%2Fproduct_tag&post=7092"}],"curies":[{"name":"wp","href":"https:\/\/api.w.org\/{rel}","templated":true}]}}