{"id":7103,"date":"2025-01-11T06:13:45","date_gmt":"2025-01-11T06:13:45","guid":{"rendered":"https:\/\/neelayurvedics.es\/?post_type=product&#038;p=7103"},"modified":"2025-01-11T06:13:45","modified_gmt":"2025-01-11T06:13:45","slug":"neel-ayurvedics-bang-bhasma","status":"publish","type":"product","link":"https:\/\/neelayurvedics.es\/?product=neel-ayurvedics-bang-bhasma","title":{"rendered":"Neel Ayurvedics Bang Bhasma"},"content":{"rendered":"<p style=\"font-weight: 400;\">Aparte de esto, Banga Bhasma tambi\u00e9n es muy \u00fatil en enfermedades urinarias y como afrodis\u00edaco, irregularidades espermatog\u00e9nicas y ovulatorias y debilidad. Este polvo tambi\u00e9n es muy \u00fatil para tratar la anemia y las \u00falceras g\u00e1stricas.<\/p>\n<p style=\"font-weight: 400;\">Banga Bhasma tambi\u00e9n puede ser muy \u00fatil para controlar la inflamaci\u00f3n durante la micci\u00f3n. Este tipo de Bhasma mejora en gran medida la inmunidad del cuerpo para combatir las infecciones debido a su naturaleza qu\u00edmica. Y tambi\u00e9n es un tratamiento eficaz para la disfunci\u00f3n sexual masculina.<\/p>\n<p style=\"font-weight: 400;\"><strong style=\"font-weight: 600 !important;\">DOSIS:<\/strong>\u00a0Se deben mezclar 125 mg de Bang Bhasma con leche y tomar dos veces al d\u00eda o seg\u00fan lo indique el m\u00e9dico.<\/p>\n","protected":false},"excerpt":{"rendered":"<p>Banga Bhasma se utiliza ampliamente en el tratamiento de trastornos urinarios como la micci\u00f3n frecuente y el sangrado uterino excesivo. Este tipo de Bhasma tambi\u00e9n se puede utilizar para tratar problemas menstruales como la anovulaci\u00f3n y la leucorrea.<\/p>\n","protected":false},"featured_media":6814,"comment_status":"open","ping_status":"closed","template":"","meta":[],"product_brand":[],"product_cat":[200,252,249,195],"product_tag":[],"class_list":{"0":"post-7103","1":"product","2":"type-product","3":"status-publish","4":"has-post-thumbnail","6":"product_cat-marca","7":"product_cat-neel-ayurvedics","8":"product_cat-neel-ayurvedics-polvos-herbales","9":"product_cat-productos-ayurvedicos","11":"first","12":"instock","13":"shipping-taxable","14":"purchasable","15":"product-type-variable"},"_links":{"self":[{"href":"https:\/\/neelayurvedics.es\/index.php?rest_route=\/wp\/v2\/product\/7103","targetHints":{"allow":["GET"]}}],"collection":[{"href":"https:\/\/neelayurvedics.es\/index.php?rest_route=\/wp\/v2\/product"}],"about":[{"href":"https:\/\/neelayurvedics.es\/index.php?rest_route=\/wp\/v2\/types\/product"}],"replies":[{"embeddable":true,"href":"https:\/\/neelayurvedics.es\/index.php?rest_route=%2Fwp%2Fv2%2Fcomments&post=7103"}],"wp:featuredmedia":[{"embeddable":true,"href":"https:\/\/neelayurvedics.es\/index.php?rest_route=\/wp\/v2\/media\/6814"}],"wp:attachment":[{"href":"https:\/\/neelayurvedics.es\/index.php?rest_route=%2Fwp%2Fv2%2Fmedia&parent=7103"}],"wp:term":[{"taxonomy":"product_brand","embeddable":true,"href":"https:\/\/neelayurvedics.es\/index.php?rest_route=%2Fwp%2Fv2%2Fproduct_brand&post=7103"},{"taxonomy":"product_cat","embeddable":true,"href":"https:\/\/neelayurvedics.es\/index.php?rest_route=%2Fwp%2Fv2%2Fproduct_cat&post=7103"},{"taxonomy":"product_tag","embeddable":true,"href":"https:\/\/neelayurvedics.es\/index.php?rest_route=%2Fwp%2Fv2%2Fproduct_tag&post=7103"}],"curies":[{"name":"wp","href":"https:\/\/api.w.org\/{rel}","templated":true}]}}