{"id":7108,"date":"2025-01-11T06:23:22","date_gmt":"2025-01-11T06:23:22","guid":{"rendered":"https:\/\/neelayurvedics.es\/?post_type=product&#038;p=7108"},"modified":"2025-12-01T14:37:07","modified_gmt":"2025-12-01T14:37:07","slug":"neel-ayurvedics-bavchi-churna","status":"publish","type":"product","link":"https:\/\/neelayurvedics.es\/?product=neel-ayurvedics-bavchi-churna","title":{"rendered":"Neel Ayurvedics Bavchi Churna \/ Babchi en polvo"},"content":{"rendered":"<div id=\"nasa-single-product-tabs\" class=\"product-details\">\n<div class=\"nasa-tabs-content woocommerce-tabs\">\n<div class=\"nasa-panels nasa-desc-wrap\">\n<div id=\"nasa-tab-description\" class=\"nasa-panel nasa-content-description active\">\n<div class=\"row\">\n<div class=\"large-12 columns nasa-content-panel\">\n<p>Beneficios para la salud:<\/p>\n<p>Salud de la piel: Bakuchi es conocido por su potencial para controlar diversas afecciones de la piel, favoreciendo la salud de la piel y el cutis.<\/p>\n<p>Antimicrobiano: exhibe propiedades antimicrobianas, ayudando a combatir infecciones y promoviendo la cicatrizaci\u00f3n de heridas.<\/p>\n<p>Antiinflamatorio: Ofrece efectos antiinflamatorios, ayudando a reducir la inflamaci\u00f3n.<\/p>\n<p>Apoyo digestivo: apoya la salud digestiva, ayudando a una digesti\u00f3n y un metabolismo adecuados.<\/p>\n<p>Propiedades clave:<\/p>\n<ul>\n<li>Rasa (Sabor): Amargo, picante.<\/li>\n<li>Guna (Calidad): Ligero, seco<\/li>\n<li>Virya (Potencia): Calentamiento<\/li>\n<li>Vipaka (sabor postdigestivo): picante<\/li>\n<\/ul>\n<p>Usos comunes:<\/p>\n<ol>\n<li>Cicatrizaci\u00f3n de heridas: se aplica externamente para promover la cicatrizaci\u00f3n de heridas y prevenir infecciones.<\/li>\n<li>Trastornos digestivos: se utiliza para ayudar en problemas digestivos como la indigesti\u00f3n y mejorar la funci\u00f3n digestiva general.<\/li>\n<li>Acciones antiinflamatorias: se emplea para aliviar afecciones inflamatorias cuando se usa adecuadamente.<\/li>\n<li>Trastornos de la piel: se aplica t\u00f3picamente y se consume internamente para tratar trastornos de la piel como el vit\u00edligo, la psoriasis y el eczema.<\/li>\n<\/ol>\n<p>Precauciones:<\/p>\n<p>Embarazo: Las mujeres embarazadas deben evitar el Bakuchi sin consultar a un m\u00e9dico.<\/p>\n<p>Uso t\u00f3pico: Realice una prueba de parche antes de aplicar Bakuchi t\u00f3picamente para evitar reacciones cut\u00e1neas.<\/p>\n<\/div>\n<\/div>\n<\/div>\n<\/div>\n<\/div>\n<\/div>\n","protected":false},"excerpt":{"rendered":"<p>El bakuchi, tambi\u00e9n conocido como babchi o psoralea corylifolia, ocupa un lugar importante en la medicina herbaria tradicional por sus propiedades terap\u00e9uticas. Esta hierba es apreciada por sus diversos beneficios para la salud y su uso hist\u00f3rico.<\/p>\n","protected":false},"featured_media":17160,"comment_status":"open","ping_status":"closed","template":"","meta":[],"product_brand":[],"product_cat":[200,252,249,195],"product_tag":[],"class_list":{"0":"post-7108","1":"product","2":"type-product","3":"status-publish","4":"has-post-thumbnail","6":"product_cat-marca","7":"product_cat-neel-ayurvedics","8":"product_cat-neel-ayurvedics-polvos-herbales","9":"product_cat-productos-ayurvedicos","11":"first","12":"instock","13":"shipping-taxable","14":"purchasable","15":"product-type-variable"},"_links":{"self":[{"href":"https:\/\/neelayurvedics.es\/index.php?rest_route=\/wp\/v2\/product\/7108","targetHints":{"allow":["GET"]}}],"collection":[{"href":"https:\/\/neelayurvedics.es\/index.php?rest_route=\/wp\/v2\/product"}],"about":[{"href":"https:\/\/neelayurvedics.es\/index.php?rest_route=\/wp\/v2\/types\/product"}],"replies":[{"embeddable":true,"href":"https:\/\/neelayurvedics.es\/index.php?rest_route=%2Fwp%2Fv2%2Fcomments&post=7108"}],"wp:featuredmedia":[{"embeddable":true,"href":"https:\/\/neelayurvedics.es\/index.php?rest_route=\/wp\/v2\/media\/17160"}],"wp:attachment":[{"href":"https:\/\/neelayurvedics.es\/index.php?rest_route=%2Fwp%2Fv2%2Fmedia&parent=7108"}],"wp:term":[{"taxonomy":"product_brand","embeddable":true,"href":"https:\/\/neelayurvedics.es\/index.php?rest_route=%2Fwp%2Fv2%2Fproduct_brand&post=7108"},{"taxonomy":"product_cat","embeddable":true,"href":"https:\/\/neelayurvedics.es\/index.php?rest_route=%2Fwp%2Fv2%2Fproduct_cat&post=7108"},{"taxonomy":"product_tag","embeddable":true,"href":"https:\/\/neelayurvedics.es\/index.php?rest_route=%2Fwp%2Fv2%2Fproduct_tag&post=7108"}],"curies":[{"name":"wp","href":"https:\/\/api.w.org\/{rel}","templated":true}]}}