{"id":7129,"date":"2025-01-11T11:23:50","date_gmt":"2025-01-11T11:23:50","guid":{"rendered":"https:\/\/neelayurvedics.es\/?post_type=product&#038;p=7129"},"modified":"2025-12-03T09:21:57","modified_gmt":"2025-12-03T09:21:57","slug":"neel-ayurvedics-polvo-de-mool-bharangi","status":"publish","type":"product","link":"https:\/\/neelayurvedics.es\/?product=neel-ayurvedics-polvo-de-mool-bharangi","title":{"rendered":"Neel Ayurvedics Polvo de mool Bharangi"},"content":{"rendered":"<p style=\"font-weight: 400;\">Aparte de esto, el Bharangi mool Churna tambi\u00e9n se utiliza en Ayurveda para aliviar la fiebre y la hiperpirexia. El Bharangi mool Churna puede ser muy \u00fatil para tratar enfermedades respiratorias. Y este polvo es muy \u00fatil para tratar la fiebre.<\/p>\n<p style=\"font-weight: 400;\">Este tipo de polvo es antipir\u00e9tico y antihistam\u00ednico. Bharangi mool Churna se utiliza ampliamente en el tratamiento de la rinitis al\u00e9rgica y otras afecciones inflamatorias.<\/p>\n<p style=\"font-weight: 400;\">DOSIS: Bharangi mool Churna debe consumirse seg\u00fan las indicaciones del m\u00e9dico.<\/p>\n","protected":false},"excerpt":{"rendered":"<p>Bharangi mool Churna es reconocida como una de las hierbas m\u00e1s utilizadas en el tratamiento del resfriado com\u00fan, la sinusitis cr\u00f3nica, la rinitis al\u00e9rgica, la tos y otros problemas respiratorios cr\u00f3nicos. Esta churna tambi\u00e9n se considera un excelente remedio casero para la tos seca.<\/p>\n","protected":false},"featured_media":17184,"comment_status":"open","ping_status":"closed","template":"","meta":[],"product_brand":[],"product_cat":[200,252,249,195],"product_tag":[],"class_list":{"0":"post-7129","1":"product","2":"type-product","3":"status-publish","4":"has-post-thumbnail","6":"product_cat-marca","7":"product_cat-neel-ayurvedics","8":"product_cat-neel-ayurvedics-polvos-herbales","9":"product_cat-productos-ayurvedicos","11":"first","12":"instock","13":"shipping-taxable","14":"purchasable","15":"product-type-variable"},"_links":{"self":[{"href":"https:\/\/neelayurvedics.es\/index.php?rest_route=\/wp\/v2\/product\/7129","targetHints":{"allow":["GET"]}}],"collection":[{"href":"https:\/\/neelayurvedics.es\/index.php?rest_route=\/wp\/v2\/product"}],"about":[{"href":"https:\/\/neelayurvedics.es\/index.php?rest_route=\/wp\/v2\/types\/product"}],"replies":[{"embeddable":true,"href":"https:\/\/neelayurvedics.es\/index.php?rest_route=%2Fwp%2Fv2%2Fcomments&post=7129"}],"wp:featuredmedia":[{"embeddable":true,"href":"https:\/\/neelayurvedics.es\/index.php?rest_route=\/wp\/v2\/media\/17184"}],"wp:attachment":[{"href":"https:\/\/neelayurvedics.es\/index.php?rest_route=%2Fwp%2Fv2%2Fmedia&parent=7129"}],"wp:term":[{"taxonomy":"product_brand","embeddable":true,"href":"https:\/\/neelayurvedics.es\/index.php?rest_route=%2Fwp%2Fv2%2Fproduct_brand&post=7129"},{"taxonomy":"product_cat","embeddable":true,"href":"https:\/\/neelayurvedics.es\/index.php?rest_route=%2Fwp%2Fv2%2Fproduct_cat&post=7129"},{"taxonomy":"product_tag","embeddable":true,"href":"https:\/\/neelayurvedics.es\/index.php?rest_route=%2Fwp%2Fv2%2Fproduct_tag&post=7129"}],"curies":[{"name":"wp","href":"https:\/\/api.w.org\/{rel}","templated":true}]}}