{"id":7136,"date":"2025-01-11T11:35:04","date_gmt":"2025-01-11T11:35:04","guid":{"rendered":"https:\/\/neelayurvedics.es\/?post_type=product&#038;p=7136"},"modified":"2025-12-03T13:31:25","modified_gmt":"2025-12-03T13:31:25","slug":"neel-ayurvedics-bhoi-aamli-churna","status":"publish","type":"product","link":"https:\/\/neelayurvedics.es\/?product=neel-ayurvedics-bhoi-aamli-churna","title":{"rendered":"Neel Ayurvedics Bhoi Aamli Churna \/ Bhumi Amalaki en polvo \/ Bhumi Amla Churna \/ Bhuiamlaki en polvo"},"content":{"rendered":"<p style=\"font-weight: 400;\">Adem\u00e1s, Bhumi Amla Churna ayuda a prevenir cualquier da\u00f1o al h\u00edgado debido a sus actividades hepatoprotectoras, antioxidantes y antivirales. Este polvo tambi\u00e9n es \u00fatil para prevenir las \u00falceras al reducir la producci\u00f3n de \u00e1cido este\u00e1rico.<\/p>\n<p style=\"font-weight: 400;\">Se ha descubierto que el Bhumi Amla Churna protege el revestimiento del est\u00f3mago contra el da\u00f1o causado por el exceso de \u00e1cido g\u00e1strico. Este polvo tambi\u00e9n se utiliza para la ictericia, la malaria y otros trastornos hep\u00e1ticos. Debido a las propiedades diur\u00e9ticas presentes en este tipo de polvo, tambi\u00e9n puede reducir el riesgo de formaci\u00f3n de c\u00e1lculos renales.<\/p>\n<p style=\"font-weight: 400;\"><strong style=\"font-weight: 600 !important;\">DOSIS:<\/strong>\u00a0Se debe mezclar \u00bc-\u00bd cucharadita de Bhumi Amla Churna con miel o agua y tomar dos veces al d\u00eda despu\u00e9s del almuerzo y la cena o seg\u00fan lo recomendado por su m\u00e9dico.<\/p>\n","protected":false},"excerpt":{"rendered":"<p>Esta churna tambi\u00e9n se conoce como &#8216;Dukong ana&#8217; y &#8216;Bhumi Amalaki&#8217; en s\u00e1nscrito. Bhoi Aamli Churna se considera una f\u00f3rmula ayurv\u00e9dica y es muy \u00fatil para el tratamiento de trastornos hep\u00e1ticos. Seg\u00fan el Ayurveda, debido a las propiedades de equilibrio biliar de esta churna, es muy \u00fatil para la indigesti\u00f3n y la acidez.<\/p>\n","protected":false},"featured_media":17196,"comment_status":"open","ping_status":"closed","template":"","meta":[],"product_brand":[],"product_cat":[200,249,195],"product_tag":[],"class_list":{"0":"post-7136","1":"product","2":"type-product","3":"status-publish","4":"has-post-thumbnail","6":"product_cat-marca","7":"product_cat-neel-ayurvedics-polvos-herbales","8":"product_cat-productos-ayurvedicos","10":"first","11":"instock","12":"shipping-taxable","13":"purchasable","14":"product-type-variable"},"_links":{"self":[{"href":"https:\/\/neelayurvedics.es\/index.php?rest_route=\/wp\/v2\/product\/7136","targetHints":{"allow":["GET"]}}],"collection":[{"href":"https:\/\/neelayurvedics.es\/index.php?rest_route=\/wp\/v2\/product"}],"about":[{"href":"https:\/\/neelayurvedics.es\/index.php?rest_route=\/wp\/v2\/types\/product"}],"replies":[{"embeddable":true,"href":"https:\/\/neelayurvedics.es\/index.php?rest_route=%2Fwp%2Fv2%2Fcomments&post=7136"}],"wp:featuredmedia":[{"embeddable":true,"href":"https:\/\/neelayurvedics.es\/index.php?rest_route=\/wp\/v2\/media\/17196"}],"wp:attachment":[{"href":"https:\/\/neelayurvedics.es\/index.php?rest_route=%2Fwp%2Fv2%2Fmedia&parent=7136"}],"wp:term":[{"taxonomy":"product_brand","embeddable":true,"href":"https:\/\/neelayurvedics.es\/index.php?rest_route=%2Fwp%2Fv2%2Fproduct_brand&post=7136"},{"taxonomy":"product_cat","embeddable":true,"href":"https:\/\/neelayurvedics.es\/index.php?rest_route=%2Fwp%2Fv2%2Fproduct_cat&post=7136"},{"taxonomy":"product_tag","embeddable":true,"href":"https:\/\/neelayurvedics.es\/index.php?rest_route=%2Fwp%2Fv2%2Fproduct_tag&post=7136"}],"curies":[{"name":"wp","href":"https:\/\/api.w.org\/{rel}","templated":true}]}}