{"id":7142,"date":"2025-01-11T11:39:57","date_gmt":"2025-01-11T11:39:57","guid":{"rendered":"https:\/\/neelayurvedics.es\/?post_type=product&#038;p=7142"},"modified":"2026-04-13T07:25:54","modified_gmt":"2026-04-13T07:25:54","slug":"neel-ayurvedics-bhoringni-panchang-churna-bhoringani-panchang-polvo","status":"publish","type":"product","link":"https:\/\/neelayurvedics.es\/?product=neel-ayurvedics-bhoringni-panchang-churna-bhoringani-panchang-polvo","title":{"rendered":"Neel Ayurvedics Bhoringni Panchang Churna | Bhoringani Panchang Polvo"},"content":{"rendered":"<p style=\"font-weight: 400;\">Bhoringani Mool Churna\u00a0es \u00fatil para liberar la mucosidad de las v\u00edas respiratorias y prevenir los ataques de asma. Adem\u00e1s, debido a sus propiedades digestivas y apetitosas, esta Churna ayuda a la digesti\u00f3n mejorando el fuego digestivo.<\/p>\n<p style=\"font-weight: 400;\">La aplicaci\u00f3n de polvo de Bhoringani en las articulaciones es \u00fatil para reducir el dolor articular. Mantiene el cuero cabelludo sano, previene la ca\u00edda del cabello y promueve su crecimiento. Esta churna es \u00fatil para reducir la diabetes al controlar los niveles de az\u00facar en sangre.<\/p>\n","protected":false},"excerpt":{"rendered":"<p>Bhoringani Mool Churna tambi\u00e9n se conoce como \u201cbelleza india\u201d o \u201cbelleza amarilla\u201d. Esta\u00a0\u00a0churna\u00a0tiene un sabor picante y amargo.\u00a0Las propiedades expectorantes de este polvo lo hacen muy \u00fatil para tratar problemas respiratorios\u00a0como la tos y el asma.<\/p>\n","protected":false},"featured_media":18078,"comment_status":"open","ping_status":"closed","template":"","meta":[],"product_brand":[],"product_cat":[200,252,249,195],"product_tag":[],"class_list":{"0":"post-7142","1":"product","2":"type-product","3":"status-publish","4":"has-post-thumbnail","6":"product_cat-marca","7":"product_cat-neel-ayurvedics","8":"product_cat-neel-ayurvedics-polvos-herbales","9":"product_cat-productos-ayurvedicos","11":"first","12":"instock","13":"shipping-taxable","14":"purchasable","15":"product-type-variable"},"_links":{"self":[{"href":"https:\/\/neelayurvedics.es\/index.php?rest_route=\/wp\/v2\/product\/7142","targetHints":{"allow":["GET"]}}],"collection":[{"href":"https:\/\/neelayurvedics.es\/index.php?rest_route=\/wp\/v2\/product"}],"about":[{"href":"https:\/\/neelayurvedics.es\/index.php?rest_route=\/wp\/v2\/types\/product"}],"replies":[{"embeddable":true,"href":"https:\/\/neelayurvedics.es\/index.php?rest_route=%2Fwp%2Fv2%2Fcomments&post=7142"}],"wp:featuredmedia":[{"embeddable":true,"href":"https:\/\/neelayurvedics.es\/index.php?rest_route=\/wp\/v2\/media\/18078"}],"wp:attachment":[{"href":"https:\/\/neelayurvedics.es\/index.php?rest_route=%2Fwp%2Fv2%2Fmedia&parent=7142"}],"wp:term":[{"taxonomy":"product_brand","embeddable":true,"href":"https:\/\/neelayurvedics.es\/index.php?rest_route=%2Fwp%2Fv2%2Fproduct_brand&post=7142"},{"taxonomy":"product_cat","embeddable":true,"href":"https:\/\/neelayurvedics.es\/index.php?rest_route=%2Fwp%2Fv2%2Fproduct_cat&post=7142"},{"taxonomy":"product_tag","embeddable":true,"href":"https:\/\/neelayurvedics.es\/index.php?rest_route=%2Fwp%2Fv2%2Fproduct_tag&post=7142"}],"curies":[{"name":"wp","href":"https:\/\/api.w.org\/{rel}","templated":true}]}}