{"id":7149,"date":"2025-01-11T11:52:34","date_gmt":"2025-01-11T11:52:34","guid":{"rendered":"https:\/\/neelayurvedics.es\/?post_type=product&#038;p=7149"},"modified":"2025-09-25T13:13:41","modified_gmt":"2025-09-25T13:13:41","slug":"neel-ayurvedics-bhringraj","status":"publish","type":"product","link":"https:\/\/neelayurvedics.es\/?product=neel-ayurvedics-bhringraj","title":{"rendered":"Neel Ayurvedics Bhringraj | Polvo de Eclipta prostrata: lo mejor para un cabello sano"},"content":{"rendered":"<p>Otro nombre :<\/p>\n<p>Maka, Bhringraj, Bhangra, Bhangraiya, Eclipta alba, Bhangro<\/p>\n<p>El polvo de Bhringraj tambi\u00e9n es muy \u00fatil para combatir la p\u00e9rdida de memoria, los dolores de cabeza y el envenenamiento por mordedura de serpiente, y para promover la sensaci\u00f3n de relajaci\u00f3n. La actividad hepatoprotectora de este polvo tambi\u00e9n lo hace \u00fatil para controlar el colesterol alto y la toxicidad hep\u00e1tica.<\/p>\n<p>El polvo de bhangro puede ayudar a prevenir las convulsiones y tambi\u00e9n es \u00fatil para mejorar la salud cardiovascular al reducir la presi\u00f3n arterial. Aparte de esto, este tipo de polvo tambi\u00e9n es \u00fatil para controlar las enfermedades de la piel debido a sus propiedades antioxidantes, ya que este polvo previene el da\u00f1o celular causado por los radicales libres.<\/p>\n<h3>Beneficios para la salud:-<\/h3>\n<ul>\n<li>Salud del cabello: promueve el crecimiento del cabello, nutre el cuero cabelludo y ayuda a prevenir el encanecimiento prematuro.<\/li>\n<li>Apoyo al h\u00edgado: apoya la salud del h\u00edgado y ayuda en los procesos de desintoxicaci\u00f3n.<\/li>\n<li>Bienestar de la piel: beneficioso para las afecciones de la piel, ayudando a la cicatrizaci\u00f3n de heridas y promoviendo la salud de la piel.<\/li>\n<li>Ayuda digestiva: apoya la funci\u00f3n digestiva, ayudando a una mejor asimilaci\u00f3n de los nutrientes.<\/li>\n<\/ul>\n<h3>Usos comunes:-<\/h3>\n<ul>\n<li>Cuidado del cabello utilizado en aceites, mascarillas o champ\u00fas para mejorar la calidad y el crecimiento del cabello.<\/li>\n<li>Desintoxicaci\u00f3n del h\u00edgado incorporada en formulaciones a base de hierbas para la desintoxicaci\u00f3n del h\u00edgado.<\/li>\n<li>Aplicaci\u00f3n t\u00f3pica aplicada t\u00f3picamente para afecciones de la piel y cicatrizaci\u00f3n de heridas.<\/li>\n<li>Salud digestiva tomada internamente para apoyar el bienestar digestivo.<\/li>\n<\/ul>\n<h3>Precauciones:-<\/h3>\n<ul>\n<li>Embarazo y lactancia Consulte a un profesional de la salud antes de usar Bhangro durante el embarazo o la lactancia.<\/li>\n<li>Las personas con alergia a las plantas deben utilizar Bhangro con precauci\u00f3n.<\/li>\n<\/ul>\n<h4>\u00bfC\u00f3mo utilizar el polvo Bhringraj de Neel Ayurvedics?<\/h4>\n<p>A continuaci\u00f3n se muestran algunos m\u00e9todos populares:<\/p>\n<ul>\n<li>En primer lugar, mezcle el polvo de Bhringraj con agua para formar una pasta y apl\u00edquela en el cuero cabelludo y el cabello. En segundo lugar, d\u00e9jela actuar durante 30 minutos y enjuague con agua.<\/li>\n<li>Otra forma de hacerlo es mezclarlo\u00a0con\u00a0un aceite portador, como el de coco o el de s\u00e9samo, para hacer un aceite para el cabello. Masajea el cuero cabelludo y el cabello con \u00e9l, d\u00e9jalo actuar durante unas horas o durante toda la noche y l\u00e1valo con champ\u00fa.<\/li>\n<li>Para potenciar sus beneficios, puedes mezclarlo con otras hierbas beneficiosas para el cabello, como amla, shikakai o henna, para elaborar una mascarilla nutritiva. Una vez que hayas preparado la mezcla, simplemente apl\u00edcala en tu cabello, d\u00e9jala actuar durante 30 minutos y enju\u00e1gala bien con agua para conseguir un cabello m\u00e1s fuerte y saludable.<\/li>\n<\/ul>\n","protected":false},"excerpt":{"rendered":"<p>En Neel Ayurvedics, presentamos nuestro polvo de Bhringraj, un tesoro natural para su rutina de cuidado capilar. Nuestro extracto de Bhringraj, profundamente arraigado en los principios ayurv\u00e9dicos, ofrece un enfoque hol\u00edstico para la salud del cabello.<\/p>\n","protected":false},"featured_media":17190,"comment_status":"open","ping_status":"closed","template":"","meta":[],"product_brand":[],"product_cat":[200,252,249,195],"product_tag":[],"class_list":{"0":"post-7149","1":"product","2":"type-product","3":"status-publish","4":"has-post-thumbnail","6":"product_cat-marca","7":"product_cat-neel-ayurvedics","8":"product_cat-neel-ayurvedics-polvos-herbales","9":"product_cat-productos-ayurvedicos","11":"first","12":"instock","13":"shipping-taxable","14":"purchasable","15":"product-type-variable"},"_links":{"self":[{"href":"https:\/\/neelayurvedics.es\/index.php?rest_route=\/wp\/v2\/product\/7149","targetHints":{"allow":["GET"]}}],"collection":[{"href":"https:\/\/neelayurvedics.es\/index.php?rest_route=\/wp\/v2\/product"}],"about":[{"href":"https:\/\/neelayurvedics.es\/index.php?rest_route=\/wp\/v2\/types\/product"}],"replies":[{"embeddable":true,"href":"https:\/\/neelayurvedics.es\/index.php?rest_route=%2Fwp%2Fv2%2Fcomments&post=7149"}],"wp:featuredmedia":[{"embeddable":true,"href":"https:\/\/neelayurvedics.es\/index.php?rest_route=\/wp\/v2\/media\/17190"}],"wp:attachment":[{"href":"https:\/\/neelayurvedics.es\/index.php?rest_route=%2Fwp%2Fv2%2Fmedia&parent=7149"}],"wp:term":[{"taxonomy":"product_brand","embeddable":true,"href":"https:\/\/neelayurvedics.es\/index.php?rest_route=%2Fwp%2Fv2%2Fproduct_brand&post=7149"},{"taxonomy":"product_cat","embeddable":true,"href":"https:\/\/neelayurvedics.es\/index.php?rest_route=%2Fwp%2Fv2%2Fproduct_cat&post=7149"},{"taxonomy":"product_tag","embeddable":true,"href":"https:\/\/neelayurvedics.es\/index.php?rest_route=%2Fwp%2Fv2%2Fproduct_tag&post=7149"}],"curies":[{"name":"wp","href":"https:\/\/api.w.org\/{rel}","templated":true}]}}