{"id":7155,"date":"2025-01-11T12:00:22","date_gmt":"2025-01-11T12:00:22","guid":{"rendered":"https:\/\/neelayurvedics.es\/?post_type=product&#038;p=7155"},"modified":"2025-12-03T14:15:57","modified_gmt":"2025-12-03T14:15:57","slug":"neel-ayurvedics-bijora-en-polvo","status":"publish","type":"product","link":"https:\/\/neelayurvedics.es\/?product=neel-ayurvedics-bijora-en-polvo","title":{"rendered":"Neel Ayurvedics Bijora en polvo | C\u00edtricos m\u00e9dicos | Cidra"},"content":{"rendered":"<div id=\"nasa-single-product-tabs\" class=\"product-details\">\n<div class=\"nasa-tabs-content woocommerce-tabs\">\n<div class=\"nasa-panels nasa-desc-wrap\">\n<div id=\"nasa-tab-description\" class=\"nasa-panel nasa-content-description active\">\n<div class=\"row\">\n<div class=\"large-12 columns nasa-content-panel\">\n<p>La fruta de Bijapura tiene un sabor agridulce, estimula la capacidad digestiva y es laghu. Adem\u00e1s, tambi\u00e9n es muy \u00fatil para eliminar trastornos relacionados con la sangre al equilibrar los Tridoshas, \u200b\u200bes decir, Vatta, Pitta y Kapha.<\/p>\n<p><strong>Otros nombres<\/strong><\/p>\n<p>Citrus medica (nombre cient\u00edfico), Bijora nimbu (hindi), Turanj (bengal\u00ed), Tava lebu, Cholonga nebu, Vegapura (marathi), Mahalunga, Bijoru (gujarati), Madala (kannada), Madalam (tamil), Lungamu (telugu), Lungamu, Mavalunga (Malyalam), Birajora (Assam), Citron (ingl\u00e9s)<\/p>\n<h2><strong>Beneficios del\u00a0polvo\u00a0<a href=\"https:\/\/www.neelayurvedics.com\/product\/neel-ayurvedics-bijora\/\" target=\"_blank\" rel=\"noopener\">de Bijora<\/a><\/strong><\/h2>\n<ul>\n<li>Tambi\u00e9n es muy \u00fatil en afecciones como el agarre y el control de la regurgitaci\u00f3n o eructos intensos.<\/li>\n<li>Es \u00fatil en trastornos hemorr\u00e1gicos.<\/li>\n<li>Aclara la garganta, la lengua, el coraz\u00f3n (pecho, es\u00f3fago, est\u00f3mago) y tambi\u00e9n es \u00fatil en casos de disnea, tos y anorexia.<\/li>\n<li>Beneficioso para el coraz\u00f3n<\/li>\n<li>Cura la sed excesiva.<\/li>\n<\/ul>\n<h2><strong>Dosis recomendada de polvo de Bijora<\/strong><\/h2>\n<p>Una a dos cucharaditas con agua tibia o miel dos veces al d\u00eda o seg\u00fan lo indique el m\u00e9dico.<\/p>\n<\/div>\n<\/div>\n<\/div>\n<\/div>\n<\/div>\n<\/div>\n","protected":false},"excerpt":{"rendered":"<p>Experimente los beneficios saludables del polvo de Bijora con su sabor agridulce, ideal para estimular la digesti\u00f3n y equilibrar los Tridoshas: Vatta, Pitta y Kapha. Este polvo, derivado de la fruta de Bijapura, ayuda a controlar la sensaci\u00f3n de agarrotamiento, la regurgitaci\u00f3n y aliviar los trastornos hemorr\u00e1gicos. Adem\u00e1s, promueve la salud respiratoria general, aclara la garganta y aborda problemas como la anorexia y la sed excesiva.<\/p>\n","protected":false},"featured_media":17381,"comment_status":"open","ping_status":"closed","template":"","meta":[],"product_brand":[],"product_cat":[200,252,249],"product_tag":[],"class_list":{"0":"post-7155","1":"product","2":"type-product","3":"status-publish","4":"has-post-thumbnail","6":"product_cat-marca","7":"product_cat-neel-ayurvedics","8":"product_cat-neel-ayurvedics-polvos-herbales","10":"first","11":"instock","12":"shipping-taxable","13":"purchasable","14":"product-type-variable"},"_links":{"self":[{"href":"https:\/\/neelayurvedics.es\/index.php?rest_route=\/wp\/v2\/product\/7155","targetHints":{"allow":["GET"]}}],"collection":[{"href":"https:\/\/neelayurvedics.es\/index.php?rest_route=\/wp\/v2\/product"}],"about":[{"href":"https:\/\/neelayurvedics.es\/index.php?rest_route=\/wp\/v2\/types\/product"}],"replies":[{"embeddable":true,"href":"https:\/\/neelayurvedics.es\/index.php?rest_route=%2Fwp%2Fv2%2Fcomments&post=7155"}],"wp:featuredmedia":[{"embeddable":true,"href":"https:\/\/neelayurvedics.es\/index.php?rest_route=\/wp\/v2\/media\/17381"}],"wp:attachment":[{"href":"https:\/\/neelayurvedics.es\/index.php?rest_route=%2Fwp%2Fv2%2Fmedia&parent=7155"}],"wp:term":[{"taxonomy":"product_brand","embeddable":true,"href":"https:\/\/neelayurvedics.es\/index.php?rest_route=%2Fwp%2Fv2%2Fproduct_brand&post=7155"},{"taxonomy":"product_cat","embeddable":true,"href":"https:\/\/neelayurvedics.es\/index.php?rest_route=%2Fwp%2Fv2%2Fproduct_cat&post=7155"},{"taxonomy":"product_tag","embeddable":true,"href":"https:\/\/neelayurvedics.es\/index.php?rest_route=%2Fwp%2Fv2%2Fproduct_tag&post=7155"}],"curies":[{"name":"wp","href":"https:\/\/api.w.org\/{rel}","templated":true}]}}