{"id":7174,"date":"2025-01-11T12:27:31","date_gmt":"2025-01-11T12:27:31","guid":{"rendered":"https:\/\/neelayurvedics.es\/?post_type=product&#038;p=7174"},"modified":"2025-12-03T16:28:47","modified_gmt":"2025-12-03T16:28:47","slug":"neel-ayurvedics-borsali-chhal-churna","status":"publish","type":"product","link":"https:\/\/neelayurvedics.es\/?product=neel-ayurvedics-borsali-chhal-churna","title":{"rendered":"Neel Ayurvedics Borsali Chhal Churna \/ Borsali en polvo"},"content":{"rendered":"<p>Borsali Chhal Churna, Borsali Churna, Borsali Powder se utiliza en la medicina ayurv\u00e9dica en la que se afirma que es astringente, refrescante, antihelm\u00edntico, t\u00f3nico y febr\u00edfugo.<\/p>\n","protected":false},"excerpt":{"rendered":"<p>Borsali Chhal Churna, Borsali Churna, Borsali Powder se utiliza en la medicina ayurv\u00e9dica en la que se afirma que es astringente, refrescante, antihelm\u00edntico, t\u00f3nico y febr\u00edfugo.<\/p>\n","protected":false},"featured_media":17411,"comment_status":"open","ping_status":"closed","template":"","meta":[],"product_brand":[],"product_cat":[200,252,249,195],"product_tag":[],"class_list":{"0":"post-7174","1":"product","2":"type-product","3":"status-publish","4":"has-post-thumbnail","6":"product_cat-marca","7":"product_cat-neel-ayurvedics","8":"product_cat-neel-ayurvedics-polvos-herbales","9":"product_cat-productos-ayurvedicos","11":"first","12":"instock","13":"shipping-taxable","14":"purchasable","15":"product-type-variable"},"_links":{"self":[{"href":"https:\/\/neelayurvedics.es\/index.php?rest_route=\/wp\/v2\/product\/7174","targetHints":{"allow":["GET"]}}],"collection":[{"href":"https:\/\/neelayurvedics.es\/index.php?rest_route=\/wp\/v2\/product"}],"about":[{"href":"https:\/\/neelayurvedics.es\/index.php?rest_route=\/wp\/v2\/types\/product"}],"replies":[{"embeddable":true,"href":"https:\/\/neelayurvedics.es\/index.php?rest_route=%2Fwp%2Fv2%2Fcomments&post=7174"}],"wp:featuredmedia":[{"embeddable":true,"href":"https:\/\/neelayurvedics.es\/index.php?rest_route=\/wp\/v2\/media\/17411"}],"wp:attachment":[{"href":"https:\/\/neelayurvedics.es\/index.php?rest_route=%2Fwp%2Fv2%2Fmedia&parent=7174"}],"wp:term":[{"taxonomy":"product_brand","embeddable":true,"href":"https:\/\/neelayurvedics.es\/index.php?rest_route=%2Fwp%2Fv2%2Fproduct_brand&post=7174"},{"taxonomy":"product_cat","embeddable":true,"href":"https:\/\/neelayurvedics.es\/index.php?rest_route=%2Fwp%2Fv2%2Fproduct_cat&post=7174"},{"taxonomy":"product_tag","embeddable":true,"href":"https:\/\/neelayurvedics.es\/index.php?rest_route=%2Fwp%2Fv2%2Fproduct_tag&post=7174"}],"curies":[{"name":"wp","href":"https:\/\/api.w.org\/{rel}","templated":true}]}}