{"id":7182,"date":"2025-01-11T12:33:05","date_gmt":"2025-01-11T12:33:05","guid":{"rendered":"https:\/\/neelayurvedics.es\/?post_type=product&#038;p=7182"},"modified":"2025-12-03T16:44:04","modified_gmt":"2025-12-03T16:44:04","slug":"neel-ayurvedics-brahmi-bacopa-monnieri-en-polvo","status":"publish","type":"product","link":"https:\/\/neelayurvedics.es\/?product=neel-ayurvedics-brahmi-bacopa-monnieri-en-polvo","title":{"rendered":"Neel Ayurvedics Brahmi (Bacopa monnieri) en polvo  | Aumentar la potencia de la memoria | Reducir el estr\u00e9s"},"content":{"rendered":"<p>Neel Ayurvedics dise\u00f1\u00f3 el suplemento natural Brahmi Powder para promover la salud cerebral y la funci\u00f3n cognitiva, utilizando solo ingredientes de la m\u00e1s alta calidad y respaldados por siglos de conocimiento y sabidur\u00eda ayurv\u00e9dica.<\/p>\n<p>En Neel Ayurvedics, creemos que la naturaleza tiene el poder de curar y restaurar el cuerpo y la mente. Por eso, utilizamos solo ingredientes 100 % naturales y org\u00e1nicos en nuestro suplemento Brahmi Power y nunca incluimos productos qu\u00edmicos ni aditivos nocivos.<\/p>\n<p>Durante siglos, la gente ha utilizado Brahmi, tambi\u00e9n conocida como Bacopa monnieri, una poderosa hierba ayurv\u00e9dica, para promover la salud del cerebro y la funci\u00f3n cognitiva, ya que mejora la memoria, mejora el enfoque y la concentraci\u00f3n y favorece la claridad mental general.<\/p>\n<p>Nuestro polvo de Brahmi de Neel Ayurvedics contiene un extracto estandarizado de esta poderosa hierba, lo que garantiza que cada dosis sea uniforme en fuerza y \u200b\u200bpotencia. Esto significa que puede confiar en la eficacia de nuestro suplemento y en que obtendr\u00e1 todos los beneficios de Brahmi con cada dosis.<\/p>\n<p>Adem\u00e1s de sus beneficios cognitivos, Brahmi tiene propiedades antiinflamatorias y antioxidantes, y tambi\u00e9n puede ayudar a reducir la ansiedad y el estr\u00e9s.<\/p>\n<p>En Neel Ayurvedics, nos comprometemos a ofrecer a nuestros clientes suplementos naturales de la m\u00e1s alta calidad dise\u00f1ados para favorecer una salud y un bienestar \u00f3ptimos. Nuestro suplemento energ\u00e9tico no es una excepci\u00f3n y es una opci\u00f3n segura y eficaz para cualquier persona que busque mejorar sus capacidades cognitivas y favorecer la salud general del cerebro.<\/p>\n<p>\u00bfPor qu\u00e9 esperar? Pruebe hoy mismo nuestro suplemento Brahmi Powder de Neel Ayurvedics y experimente los beneficios de esta poderosa hierba ayurv\u00e9dica.<\/p>\n","protected":false},"excerpt":{"rendered":"<ul style=\"font-weight: 400;\">\n<li>Mejorar la memoria<\/li>\n<li>Reducir la ansiedad<\/li>\n<li>Tratar la epilepsia.<\/li>\n<\/ul>\n","protected":false},"featured_media":17417,"comment_status":"open","ping_status":"closed","template":"","meta":[],"product_brand":[],"product_cat":[200,252,249,195],"product_tag":[],"class_list":{"0":"post-7182","1":"product","2":"type-product","3":"status-publish","4":"has-post-thumbnail","6":"product_cat-marca","7":"product_cat-neel-ayurvedics","8":"product_cat-neel-ayurvedics-polvos-herbales","9":"product_cat-productos-ayurvedicos","11":"first","12":"instock","13":"shipping-taxable","14":"purchasable","15":"product-type-variable"},"_links":{"self":[{"href":"https:\/\/neelayurvedics.es\/index.php?rest_route=\/wp\/v2\/product\/7182","targetHints":{"allow":["GET"]}}],"collection":[{"href":"https:\/\/neelayurvedics.es\/index.php?rest_route=\/wp\/v2\/product"}],"about":[{"href":"https:\/\/neelayurvedics.es\/index.php?rest_route=\/wp\/v2\/types\/product"}],"replies":[{"embeddable":true,"href":"https:\/\/neelayurvedics.es\/index.php?rest_route=%2Fwp%2Fv2%2Fcomments&post=7182"}],"wp:featuredmedia":[{"embeddable":true,"href":"https:\/\/neelayurvedics.es\/index.php?rest_route=\/wp\/v2\/media\/17417"}],"wp:attachment":[{"href":"https:\/\/neelayurvedics.es\/index.php?rest_route=%2Fwp%2Fv2%2Fmedia&parent=7182"}],"wp:term":[{"taxonomy":"product_brand","embeddable":true,"href":"https:\/\/neelayurvedics.es\/index.php?rest_route=%2Fwp%2Fv2%2Fproduct_brand&post=7182"},{"taxonomy":"product_cat","embeddable":true,"href":"https:\/\/neelayurvedics.es\/index.php?rest_route=%2Fwp%2Fv2%2Fproduct_cat&post=7182"},{"taxonomy":"product_tag","embeddable":true,"href":"https:\/\/neelayurvedics.es\/index.php?rest_route=%2Fwp%2Fv2%2Fproduct_tag&post=7182"}],"curies":[{"name":"wp","href":"https:\/\/api.w.org\/{rel}","templated":true}]}}