{"id":7261,"date":"2025-01-13T08:30:17","date_gmt":"2025-01-13T08:30:17","guid":{"rendered":"https:\/\/neelayurvedics.es\/?post_type=product&#038;p=7261"},"modified":"2025-12-04T06:37:35","modified_gmt":"2025-12-04T06:37:35","slug":"neel-ayurvedics-polvo-de-chopchini","status":"publish","type":"product","link":"https:\/\/neelayurvedics.es\/?product=neel-ayurvedics-polvo-de-chopchini","title":{"rendered":"Neel Ayurvedics Polvo de Chopchini\/polvo de porcelana Smilax"},"content":{"rendered":"<p style=\"font-weight: 400;\">Adem\u00e1s, seg\u00fan el Ayurveda, el chopchini churna puede ser \u00fatil para mejorar la digesti\u00f3n y el apetito debido a sus propiedades para aumentar el apetito. Y el polvo<br \/>\nde este tipo de\u00a0\u00a0chopchini\u00a0tambi\u00e9n es \u00fatil para problemas de la piel. El chopchini churna tambi\u00e9n es muy \u00fatil para eliminar toxinas y g\u00e9rmenes da\u00f1inos.<\/p>\n<p style=\"font-weight: 400;\">El Chopchini churna es muy \u00fatil para mantener un sistema linf\u00e1tico saludable.<\/p>\n<p style=\"font-weight: 400;\">Aparte de esto, es muy \u00fatil para promover la respuesta de reducci\u00f3n del dolor en las articulaciones. Este tipo de Churna tambi\u00e9n es \u00fatil para eliminar la orina y los desechos fecales y apoyar la funci\u00f3n fisiol\u00f3gica del cuerpo.<\/p>\n<p style=\"font-weight: 400;\"><strong style=\"font-weight: 600 !important;\">DOSIS:<\/strong>\u00a0Chopchini churna debe consumirse seg\u00fan lo recomendado por su m\u00e9dico.<\/p>\n","protected":false},"excerpt":{"rendered":"<p>El chopchini churna es un ingrediente muy popular en la medicina tradicional china. Este tipo de churna se utiliza principalmente con diversos fines medicinales. Debido a las propiedades antioxidantes y antiinflamatorias presentes en el chopchini churna, es muy \u00fatil para controlar la diabetes al aumentar la secreci\u00f3n de insulina<\/p>\n","protected":false},"featured_media":17429,"comment_status":"open","ping_status":"closed","template":"","meta":[],"product_brand":[],"product_cat":[200,252,249,195],"product_tag":[],"class_list":{"0":"post-7261","1":"product","2":"type-product","3":"status-publish","4":"has-post-thumbnail","6":"product_cat-marca","7":"product_cat-neel-ayurvedics","8":"product_cat-neel-ayurvedics-polvos-herbales","9":"product_cat-productos-ayurvedicos","11":"first","12":"instock","13":"shipping-taxable","14":"purchasable","15":"product-type-variable"},"_links":{"self":[{"href":"https:\/\/neelayurvedics.es\/index.php?rest_route=\/wp\/v2\/product\/7261","targetHints":{"allow":["GET"]}}],"collection":[{"href":"https:\/\/neelayurvedics.es\/index.php?rest_route=\/wp\/v2\/product"}],"about":[{"href":"https:\/\/neelayurvedics.es\/index.php?rest_route=\/wp\/v2\/types\/product"}],"replies":[{"embeddable":true,"href":"https:\/\/neelayurvedics.es\/index.php?rest_route=%2Fwp%2Fv2%2Fcomments&post=7261"}],"wp:featuredmedia":[{"embeddable":true,"href":"https:\/\/neelayurvedics.es\/index.php?rest_route=\/wp\/v2\/media\/17429"}],"wp:attachment":[{"href":"https:\/\/neelayurvedics.es\/index.php?rest_route=%2Fwp%2Fv2%2Fmedia&parent=7261"}],"wp:term":[{"taxonomy":"product_brand","embeddable":true,"href":"https:\/\/neelayurvedics.es\/index.php?rest_route=%2Fwp%2Fv2%2Fproduct_brand&post=7261"},{"taxonomy":"product_cat","embeddable":true,"href":"https:\/\/neelayurvedics.es\/index.php?rest_route=%2Fwp%2Fv2%2Fproduct_cat&post=7261"},{"taxonomy":"product_tag","embeddable":true,"href":"https:\/\/neelayurvedics.es\/index.php?rest_route=%2Fwp%2Fv2%2Fproduct_tag&post=7261"}],"curies":[{"name":"wp","href":"https:\/\/api.w.org\/{rel}","templated":true}]}}