{"id":7270,"date":"2025-01-15T05:49:08","date_gmt":"2025-01-15T05:49:08","guid":{"rendered":"https:\/\/neelayurvedics.es\/?post_type=product&#038;p=7270"},"modified":"2026-04-13T09:33:07","modified_gmt":"2026-04-13T09:33:07","slug":"neel-ayurvedics-polvo-de-daru-haldi","status":"publish","type":"product","link":"https:\/\/neelayurvedics.es\/?product=neel-ayurvedics-polvo-de-daru-haldi","title":{"rendered":"Neel Ayurvedics Polvo de Daru Haldi | Polvo de Daruharidra | Polvo de Berberis aristata"},"content":{"rendered":"<p style=\"font-weight: 400;\">Aparte de esto, tambi\u00e9n es muy \u00fatil para tratar enfermedades de la piel, for\u00fanculos, heridas, problemas hep\u00e1ticos, problemas de o\u00eddo y como agente antidiarreico. Daruharidra Churna tambi\u00e9n es muy \u00fatil para prevenir el crecimiento de bacterias que causan acn\u00e9 y reducir la inflamaci\u00f3n debido a sus propiedades antibacterianas y antiinflamatorias.<\/p>\n<p style=\"font-weight: 400;\">Daru Haldi Churna tambi\u00e9n es muy \u00fatil para proteger el h\u00edgado y prevenir trastornos hep\u00e1ticos, ya que Daru Haldi Churna mantiene muy bien el nivel de enzimas hep\u00e1ticas y tambi\u00e9n protege las c\u00e9lulas hep\u00e1ticas contra el da\u00f1o causado por los radicales libres. Daru Haldi Churna es muy \u00fatil para controlar la diarrea porque, debido al poder de calentamiento de Daru Haldi Churna, es muy \u00fatil para mejorar el fuego digestivo y controlar la frecuencia del movimiento.<\/p>\n<p style=\"font-weight: 400;\"><strong style=\"font-weight: 600 !important;\">DOSIS:<\/strong>\u00a0Se debe mezclar \u00bc \u2013 \u00bd cucharadita de polvo de Daru Haldi con agua o miel y tomar dos veces al d\u00eda o seg\u00fan lo recomiende su m\u00e9dico.<\/p>\n","protected":false},"excerpt":{"rendered":"<p>Daru Haldi Churna tambi\u00e9n se conoce como agracejo indio, c\u00farcuma arb\u00f3rea, Chitra y daruharidra. Daru Haldi Churna se utiliza ampliamente como t\u00f3nico estomacal, amargo, laxante, diafor\u00e9tico, antis\u00e9ptico y antipir\u00e9tico. Daruharidra Churna puede ser muy \u00fatil para el tratamiento externo de infecciones oculares graves, \u00falceras y hemorroides.<\/p>\n","protected":false},"featured_media":18214,"comment_status":"open","ping_status":"closed","template":"","meta":[],"product_brand":[285],"product_cat":[200,420,252,249,195],"product_tag":[],"class_list":{"0":"post-7270","1":"product","2":"type-product","3":"status-publish","4":"has-post-thumbnail","6":"product_brand-neel-ayurvedics","7":"product_cat-marca","8":"product_cat-company-wise","9":"product_cat-neel-ayurvedics","10":"product_cat-neel-ayurvedics-polvos-herbales","11":"product_cat-productos-ayurvedicos","13":"first","14":"instock","15":"shipping-taxable","16":"purchasable","17":"product-type-variable"},"_links":{"self":[{"href":"https:\/\/neelayurvedics.es\/index.php?rest_route=\/wp\/v2\/product\/7270","targetHints":{"allow":["GET"]}}],"collection":[{"href":"https:\/\/neelayurvedics.es\/index.php?rest_route=\/wp\/v2\/product"}],"about":[{"href":"https:\/\/neelayurvedics.es\/index.php?rest_route=\/wp\/v2\/types\/product"}],"replies":[{"embeddable":true,"href":"https:\/\/neelayurvedics.es\/index.php?rest_route=%2Fwp%2Fv2%2Fcomments&post=7270"}],"wp:featuredmedia":[{"embeddable":true,"href":"https:\/\/neelayurvedics.es\/index.php?rest_route=\/wp\/v2\/media\/18214"}],"wp:attachment":[{"href":"https:\/\/neelayurvedics.es\/index.php?rest_route=%2Fwp%2Fv2%2Fmedia&parent=7270"}],"wp:term":[{"taxonomy":"product_brand","embeddable":true,"href":"https:\/\/neelayurvedics.es\/index.php?rest_route=%2Fwp%2Fv2%2Fproduct_brand&post=7270"},{"taxonomy":"product_cat","embeddable":true,"href":"https:\/\/neelayurvedics.es\/index.php?rest_route=%2Fwp%2Fv2%2Fproduct_cat&post=7270"},{"taxonomy":"product_tag","embeddable":true,"href":"https:\/\/neelayurvedics.es\/index.php?rest_route=%2Fwp%2Fv2%2Fproduct_tag&post=7270"}],"curies":[{"name":"wp","href":"https:\/\/api.w.org\/{rel}","templated":true}]}}