{"id":7277,"date":"2025-01-15T05:59:21","date_gmt":"2025-01-15T05:59:21","guid":{"rendered":"https:\/\/neelayurvedics.es\/?post_type=product&#038;p=7277"},"modified":"2026-04-13T08:35:03","modified_gmt":"2026-04-13T08:35:03","slug":"neel-ayurvedics-devdar-churna","status":"publish","type":"product","link":"https:\/\/neelayurvedics.es\/?product=neel-ayurvedics-devdar-churna","title":{"rendered":"Neel Ayurvedics Devdar Churna | Deodar en polvo"},"content":{"rendered":"<p style=\"font-weight: 400;\">Adem\u00e1s de esta churna, las propiedades equilibrantes de Vata-Kapha y oleosas del Deodar son muy \u00fatiles para prevenir la sequedad de la piel. Debido a las propiedades curativas del Deodar Churna, se ha descubierto que promueve la curaci\u00f3n r\u00e1pida de la piel. Aparte de esto, el Devdar Churna tambi\u00e9n es muy \u00fatil en el tratamiento de la fiebre, las hemorroides, los trastornos pulmonares y urinarios, el insomnio, el reumatismo y la diabetes.<\/p>\n<p style=\"font-weight: 400;\">Aparte de esto, puede ser muy \u00fatil para tratar la fiebre, la diarrea y la disenter\u00eda. La aguja de Devdar Churna tambi\u00e9n puede ser muy \u00fatil para tratar la tuberculosis. Devdar Churna tambi\u00e9n puede ser muy \u00fatil para tratar el dolor de las articulaciones, las afecciones de la piel y los hematomas. Deodar Churna tambi\u00e9n es muy \u00fatil para calmar la tos, combatir los virus, promover un sue\u00f1o reparador y aliviar la congesti\u00f3n del o\u00eddo.<\/p>\n<p style=\"font-weight: 400;\"><strong style=\"font-weight: 600 !important;\">DOSIS:<\/strong>\u00a0Se debe mezclar \u00bd a 1 cucharadita de polvo de Devdar con agua y tomar una vez al d\u00eda o seg\u00fan lo indique su m\u00e9dico.<\/p>\n","protected":false},"excerpt":{"rendered":"<p>Se ha descubierto que la madera, la resina y la corteza de Deodar Churna tienen muchas propiedades, como propiedades antiinflamatorias, antioxidantes y anticancer\u00edgenas. Devdar Churna es muy \u00fatil para tratar algunos problemas de la piel, como inflamaci\u00f3n, arrugas, acn\u00e9 o cualquier infecci\u00f3n que generalmente se deba a un desequilibrio entre los doshas Vata y Kapha.<\/p>\n","protected":false},"featured_media":18123,"comment_status":"open","ping_status":"closed","template":"","meta":[],"product_brand":[285],"product_cat":[200,252,249,195],"product_tag":[],"class_list":{"0":"post-7277","1":"product","2":"type-product","3":"status-publish","4":"has-post-thumbnail","6":"product_brand-neel-ayurvedics","7":"product_cat-marca","8":"product_cat-neel-ayurvedics","9":"product_cat-neel-ayurvedics-polvos-herbales","10":"product_cat-productos-ayurvedicos","12":"first","13":"instock","14":"shipping-taxable","15":"purchasable","16":"product-type-variable"},"_links":{"self":[{"href":"https:\/\/neelayurvedics.es\/index.php?rest_route=\/wp\/v2\/product\/7277","targetHints":{"allow":["GET"]}}],"collection":[{"href":"https:\/\/neelayurvedics.es\/index.php?rest_route=\/wp\/v2\/product"}],"about":[{"href":"https:\/\/neelayurvedics.es\/index.php?rest_route=\/wp\/v2\/types\/product"}],"replies":[{"embeddable":true,"href":"https:\/\/neelayurvedics.es\/index.php?rest_route=%2Fwp%2Fv2%2Fcomments&post=7277"}],"wp:featuredmedia":[{"embeddable":true,"href":"https:\/\/neelayurvedics.es\/index.php?rest_route=\/wp\/v2\/media\/18123"}],"wp:attachment":[{"href":"https:\/\/neelayurvedics.es\/index.php?rest_route=%2Fwp%2Fv2%2Fmedia&parent=7277"}],"wp:term":[{"taxonomy":"product_brand","embeddable":true,"href":"https:\/\/neelayurvedics.es\/index.php?rest_route=%2Fwp%2Fv2%2Fproduct_brand&post=7277"},{"taxonomy":"product_cat","embeddable":true,"href":"https:\/\/neelayurvedics.es\/index.php?rest_route=%2Fwp%2Fv2%2Fproduct_cat&post=7277"},{"taxonomy":"product_tag","embeddable":true,"href":"https:\/\/neelayurvedics.es\/index.php?rest_route=%2Fwp%2Fv2%2Fproduct_tag&post=7277"}],"curies":[{"name":"wp","href":"https:\/\/api.w.org\/{rel}","templated":true}]}}