{"id":7284,"date":"2025-01-15T06:08:45","date_gmt":"2025-01-15T06:08:45","guid":{"rendered":"https:\/\/neelayurvedics.es\/?post_type=product&#038;p=7284"},"modified":"2026-04-13T09:26:17","modified_gmt":"2026-04-13T09:26:17","slug":"neel-ayurvedics-polvo-de-dhamasa","status":"publish","type":"product","link":"https:\/\/neelayurvedics.es\/?product=neel-ayurvedics-polvo-de-dhamasa","title":{"rendered":"Neel Ayurvedics Polvo de Dhamasa | polvo de Dhamaso\/polvo de Fagonia arabica"},"content":{"rendered":"<p style=\"font-weight: 400;\">Adem\u00e1s, se ha descubierto que disuelve los co\u00e1gulos sangu\u00edneos para proteger contra las hemorragias cerebrales y los problemas card\u00edacos. Debido a las propiedades expectorantes de este tipo de polvo, es muy \u00fatil para eliminar la mucosidad de las v\u00edas respiratorias y aliviar la tos. El Dhamaso Churna tambi\u00e9n puede ser muy \u00fatil para mejorar la salud del h\u00edgado.<\/p>\n<p style=\"font-weight: 400;\">Aparte de esto, el Dhamaso Churna puede ser muy \u00fatil para tratar trastornos de la piel como el acn\u00e9, las espinillas y los quistes. Este tipo de polvo tambi\u00e9n es muy \u00fatil para reducir la hiperpigmentaci\u00f3n. Tambi\u00e9n es \u00fatil para fortalecer el est\u00f3mago y aliviar s\u00edntomas como los v\u00f3mitos y la acidez estomacal.<\/p>\n<p style=\"font-weight: 400;\"><strong style=\"font-weight: 600 !important;\">DOSIS:<\/strong>\u00a0Dhamasa Churna debe consumirse seg\u00fan las indicaciones de la etiqueta o seg\u00fan lo recomiende su m\u00e9dico.<\/p>\n","protected":false},"excerpt":{"rendered":"<p>El Dhamaso Churna se conoce como cedro del Himalaya. Este tipo de polvo se utiliza de forma m\u00e1s eficaz como t\u00f3nico hep\u00e1tico, antiinflamatorio y antiasm\u00e1tico. El Dhamaso Churna puede ayudar a purificar mejor la sangre. Este polvo puede ser \u00fatil para aliviar la hinchaz\u00f3n o el dolor en la boca de quienes padecen estomatitis.<\/p>\n","protected":false},"featured_media":18207,"comment_status":"open","ping_status":"closed","template":"","meta":[],"product_brand":[285],"product_cat":[200,252,249,195],"product_tag":[],"class_list":{"0":"post-7284","1":"product","2":"type-product","3":"status-publish","4":"has-post-thumbnail","6":"product_brand-neel-ayurvedics","7":"product_cat-marca","8":"product_cat-neel-ayurvedics","9":"product_cat-neel-ayurvedics-polvos-herbales","10":"product_cat-productos-ayurvedicos","12":"first","13":"instock","14":"shipping-taxable","15":"purchasable","16":"product-type-variable"},"_links":{"self":[{"href":"https:\/\/neelayurvedics.es\/index.php?rest_route=\/wp\/v2\/product\/7284","targetHints":{"allow":["GET"]}}],"collection":[{"href":"https:\/\/neelayurvedics.es\/index.php?rest_route=\/wp\/v2\/product"}],"about":[{"href":"https:\/\/neelayurvedics.es\/index.php?rest_route=\/wp\/v2\/types\/product"}],"replies":[{"embeddable":true,"href":"https:\/\/neelayurvedics.es\/index.php?rest_route=%2Fwp%2Fv2%2Fcomments&post=7284"}],"wp:featuredmedia":[{"embeddable":true,"href":"https:\/\/neelayurvedics.es\/index.php?rest_route=\/wp\/v2\/media\/18207"}],"wp:attachment":[{"href":"https:\/\/neelayurvedics.es\/index.php?rest_route=%2Fwp%2Fv2%2Fmedia&parent=7284"}],"wp:term":[{"taxonomy":"product_brand","embeddable":true,"href":"https:\/\/neelayurvedics.es\/index.php?rest_route=%2Fwp%2Fv2%2Fproduct_brand&post=7284"},{"taxonomy":"product_cat","embeddable":true,"href":"https:\/\/neelayurvedics.es\/index.php?rest_route=%2Fwp%2Fv2%2Fproduct_cat&post=7284"},{"taxonomy":"product_tag","embeddable":true,"href":"https:\/\/neelayurvedics.es\/index.php?rest_route=%2Fwp%2Fv2%2Fproduct_tag&post=7284"}],"curies":[{"name":"wp","href":"https:\/\/api.w.org\/{rel}","templated":true}]}}