{"id":7292,"date":"2025-01-15T07:00:45","date_gmt":"2025-01-15T07:00:45","guid":{"rendered":"https:\/\/neelayurvedics.es\/?post_type=product&#038;p=7292"},"modified":"2026-04-13T08:39:38","modified_gmt":"2026-04-13T08:39:38","slug":"neel-ayurvedics-dhavdi-phool-churna","status":"publish","type":"product","link":"https:\/\/neelayurvedics.es\/?product=neel-ayurvedics-dhavdi-phool-churna","title":{"rendered":"Neel Ayurvedics Dhavdi Phool Churna | Dhawai Phool Polvo"},"content":{"rendered":"<p style=\"font-weight: 400;\">Aparte de esto, debido a las propiedades astringentes de la flor Dhataki Churna, se ha descubierto que es muy beneficiosa para trastornos femeninos como el sangrado menstrual abundante y el flujo vaginal blanco. Tambi\u00e9n es \u00fatil para controlar el aumento de kapha y reducir los s\u00edntomas de la leucorrea. Dhawai Phool Churna tambi\u00e9n es muy \u00fatil para espesar las heces blandas y controlar la diarrea.<\/p>\n<p style=\"font-weight: 400;\">La Dhawai Phool Churna tambi\u00e9n puede ser muy \u00fatil para tratar el asma, ya que promueve la eliminaci\u00f3n del exceso de mucosidad de las v\u00edas respiratorias y, por lo tanto, facilita la respiraci\u00f3n. Se ha descubierto que es muy beneficiosa para reducir problemas de la piel como el acn\u00e9, las espinillas, etc. Debido a las propiedades curativas y refrescantes de esta flor, es \u00fatil para reducir la hinchaz\u00f3n del cuerpo.<\/p>\n<p style=\"font-weight: 400;\"><strong style=\"font-weight: 600 !important;\">DOSIS:<\/strong>\u00a0Tome \u00bc-\u00bd cucharadita de polvo de Dhavdi Phool mezclado con agua o seg\u00fan lo recomiende su m\u00e9dico.<\/p>\n","protected":false},"excerpt":{"rendered":"<p>La Dhawai Phool Churna tambi\u00e9n se conoce como Dhataki y Bahupuspika en Ayurveda. Este tipo de flor Churna es muy \u00fatil para curar problemas de salud comunes como estre\u00f1imiento, indigesti\u00f3n, trastornos menstruales y dolores de cabeza de origen desconocido. La Dhawai Phool Churna tambi\u00e9n puede ser \u00fatil para tratar heridas debido a sus propiedades antimicrobianas y antiinflamatorias.<\/p>\n","protected":false},"featured_media":18130,"comment_status":"open","ping_status":"closed","template":"","meta":[],"product_brand":[285],"product_cat":[200,252,249,195],"product_tag":[],"class_list":{"0":"post-7292","1":"product","2":"type-product","3":"status-publish","4":"has-post-thumbnail","6":"product_brand-neel-ayurvedics","7":"product_cat-marca","8":"product_cat-neel-ayurvedics","9":"product_cat-neel-ayurvedics-polvos-herbales","10":"product_cat-productos-ayurvedicos","12":"first","13":"instock","14":"shipping-taxable","15":"purchasable","16":"product-type-variable"},"_links":{"self":[{"href":"https:\/\/neelayurvedics.es\/index.php?rest_route=\/wp\/v2\/product\/7292","targetHints":{"allow":["GET"]}}],"collection":[{"href":"https:\/\/neelayurvedics.es\/index.php?rest_route=\/wp\/v2\/product"}],"about":[{"href":"https:\/\/neelayurvedics.es\/index.php?rest_route=\/wp\/v2\/types\/product"}],"replies":[{"embeddable":true,"href":"https:\/\/neelayurvedics.es\/index.php?rest_route=%2Fwp%2Fv2%2Fcomments&post=7292"}],"wp:featuredmedia":[{"embeddable":true,"href":"https:\/\/neelayurvedics.es\/index.php?rest_route=\/wp\/v2\/media\/18130"}],"wp:attachment":[{"href":"https:\/\/neelayurvedics.es\/index.php?rest_route=%2Fwp%2Fv2%2Fmedia&parent=7292"}],"wp:term":[{"taxonomy":"product_brand","embeddable":true,"href":"https:\/\/neelayurvedics.es\/index.php?rest_route=%2Fwp%2Fv2%2Fproduct_brand&post=7292"},{"taxonomy":"product_cat","embeddable":true,"href":"https:\/\/neelayurvedics.es\/index.php?rest_route=%2Fwp%2Fv2%2Fproduct_cat&post=7292"},{"taxonomy":"product_tag","embeddable":true,"href":"https:\/\/neelayurvedics.es\/index.php?rest_route=%2Fwp%2Fv2%2Fproduct_tag&post=7292"}],"curies":[{"name":"wp","href":"https:\/\/api.w.org\/{rel}","templated":true}]}}