{"id":7299,"date":"2025-01-15T07:11:12","date_gmt":"2025-01-15T07:11:12","guid":{"rendered":"https:\/\/neelayurvedics.es\/?post_type=product&#038;p=7299"},"modified":"2025-01-15T07:11:12","modified_gmt":"2025-01-15T07:11:12","slug":"neel-ayurvedics-dikamari-churna","status":"publish","type":"product","link":"https:\/\/neelayurvedics.es\/?product=neel-ayurvedics-dikamari-churna","title":{"rendered":"Neel Ayurvedics Dikamari Churna \/ Kalkambi en polvo"},"content":{"rendered":"<p style=\"font-weight: 400;\">Aparte de esto, Dikamari Churna se usa ampliamente para el dolor de muelas y las infecciones. Este tipo de polvo tambi\u00e9n se usa ampliamente para s\u00edntomas como enc\u00edas dolorosas y sensibles, mejillas enrojecidas, babeo y dolor de muelas debido a la presi\u00f3n de los dientes nuevos sobre las enc\u00edas.<\/p>\n<p style=\"font-weight: 400;\">El polvo de Dikamari tambi\u00e9n puede ser muy \u00fatil para controlar la infestaci\u00f3n de gusanos en el cuerpo. Esta bebida suprime la fiebre y puede ser muy \u00fatil para mantener la temperatura corporal normal. La Dikamari Churna se considera una buena hierba antiinflamatoria y analg\u00e9sica.<\/p>\n","protected":false},"excerpt":{"rendered":"<p>El Dikamari Churna se considera antis\u00e9ptico, carminativo, expectorante, estimulante, verm\u00edfugo y repelente de insectos. Este churna tambi\u00e9n es muy \u00fatil para calmar los doshas kapha y vata da\u00f1ados del cuerpo. Este tipo de polvo se considera un excelente analg\u00e9sico. Se ha descubierto que el Gandharaja act\u00faa como antis\u00e9ptico para curar heridas.<\/p>\n","protected":false},"featured_media":7306,"comment_status":"open","ping_status":"closed","template":"","meta":[],"product_brand":[],"product_cat":[200,252,249,195],"product_tag":[],"class_list":{"0":"post-7299","1":"product","2":"type-product","3":"status-publish","4":"has-post-thumbnail","6":"product_cat-marca","7":"product_cat-neel-ayurvedics","8":"product_cat-neel-ayurvedics-polvos-herbales","9":"product_cat-productos-ayurvedicos","11":"first","12":"instock","13":"shipping-taxable","14":"purchasable","15":"product-type-variable"},"_links":{"self":[{"href":"https:\/\/neelayurvedics.es\/index.php?rest_route=\/wp\/v2\/product\/7299","targetHints":{"allow":["GET"]}}],"collection":[{"href":"https:\/\/neelayurvedics.es\/index.php?rest_route=\/wp\/v2\/product"}],"about":[{"href":"https:\/\/neelayurvedics.es\/index.php?rest_route=\/wp\/v2\/types\/product"}],"replies":[{"embeddable":true,"href":"https:\/\/neelayurvedics.es\/index.php?rest_route=%2Fwp%2Fv2%2Fcomments&post=7299"}],"wp:featuredmedia":[{"embeddable":true,"href":"https:\/\/neelayurvedics.es\/index.php?rest_route=\/wp\/v2\/media\/7306"}],"wp:attachment":[{"href":"https:\/\/neelayurvedics.es\/index.php?rest_route=%2Fwp%2Fv2%2Fmedia&parent=7299"}],"wp:term":[{"taxonomy":"product_brand","embeddable":true,"href":"https:\/\/neelayurvedics.es\/index.php?rest_route=%2Fwp%2Fv2%2Fproduct_brand&post=7299"},{"taxonomy":"product_cat","embeddable":true,"href":"https:\/\/neelayurvedics.es\/index.php?rest_route=%2Fwp%2Fv2%2Fproduct_cat&post=7299"},{"taxonomy":"product_tag","embeddable":true,"href":"https:\/\/neelayurvedics.es\/index.php?rest_route=%2Fwp%2Fv2%2Fproduct_tag&post=7299"}],"curies":[{"name":"wp","href":"https:\/\/api.w.org\/{rel}","templated":true}]}}